{"id":5841,"date":"2023-06-29T12:38:45","date_gmt":"2023-06-29T10:38:45","guid":{"rendered":"https:\/\/acf.mmkt.dev\/?post_type=product&#038;p=5841"},"modified":"2024-05-23T10:48:01","modified_gmt":"2024-05-23T08:48:01","slug":"cintas-elasticas","status":"publish","type":"product","link":"https:\/\/www.adclofent.com\/es\/product\/complementos\/cintas-elasticas\/","title":{"rendered":"Cintas el\u00e1sticas"},"content":{"rendered":"\n<p>Dentro de Artesana de Clofent contamos con una <strong>gran diversidad de cintas el\u00e1sticas<\/strong> para complementos para cualquier producto. Encontrar\u00e1 <strong>cintas de diferentes colores, composiciones, anchuras y propiedades<\/strong>, entre las que estar\u00e1 la m\u00e1s id\u00f3nea para sus productos.<\/p>\n\n\n\n<p>Adem\u00e1s, nuestro equipo de calidad podr\u00e1 ajustar a\u00fan m\u00e1s a lo que busca gracias a nuestros acabados t\u00e9cnicos, que acabar\u00e1n de darle al tejido las propiedades que necesita, teniendo tambi\u00e9n en cuenta el sector al que est\u00e1 destinado el producto y la normativa que le afecta.<\/p>\n\n\n\n<p><strong>En AdC nos ajustamos a los requisitos de nuestros clientes<\/strong>, a fin de resolver y proponer la mejor alternativa teniendo en cuenta el objetivo de confecci\u00f3n.<\/p>\n\n\n\n<p>Si entre los apartados anteriores no est\u00e1 la finalidad de sus productos y la cinta que necesita, puede consultarnos directamente, seguro que podemos ayudarle a encontrar lo que busca.<\/p>\n","protected":false},"featured_media":5237,"parent":5823,"menu_order":0,"template":"","meta":{"_kad_blocks_custom_css":"","_kad_blocks_head_custom_js":"","_kad_blocks_body_custom_js":"","_kad_blocks_footer_custom_js":"","_kad_post_transparent":"","_kad_post_title":"","_kad_post_layout":"","_kad_post_sidebar_id":"","_kad_post_content_style":"","_kad_post_vertical_padding":"","_kad_post_feature":"","_kad_post_feature_position":"","_kad_post_header":false,"_kad_post_footer":false,"footnotes":""},"product-type":[48],"class_list":["post-5841","product","type-product","status-publish","has-post-thumbnail","hentry","product-type-complementos"],"acf":[],"taxonomy_info":{"product-type":[{"value":48,"label":"Complementos"}]},"featured_image_src_large":["https:\/\/www.adclofent.com\/wp-content\/uploads\/2023\/05\/9.4.-CINTES-ELASTIQUES-768x1024.jpeg",768,1024,true],"author_info":[],"comment_info":"","_links":{"self":[{"href":"https:\/\/www.adclofent.com\/es\/wp-json\/wp\/v2\/product\/5841","targetHints":{"allow":["GET"]}}],"collection":[{"href":"https:\/\/www.adclofent.com\/es\/wp-json\/wp\/v2\/product"}],"about":[{"href":"https:\/\/www.adclofent.com\/es\/wp-json\/wp\/v2\/types\/product"}],"version-history":[{"count":1,"href":"https:\/\/www.adclofent.com\/es\/wp-json\/wp\/v2\/product\/5841\/revisions"}],"predecessor-version":[{"id":5843,"href":"https:\/\/www.adclofent.com\/es\/wp-json\/wp\/v2\/product\/5841\/revisions\/5843"}],"up":[{"embeddable":true,"href":"https:\/\/www.adclofent.com\/es\/wp-json\/wp\/v2\/product\/5823"}],"wp:featuredmedia":[{"embeddable":true,"href":"https:\/\/www.adclofent.com\/es\/wp-json\/wp\/v2\/media\/5237"}],"wp:attachment":[{"href":"https:\/\/www.adclofent.com\/es\/wp-json\/wp\/v2\/media?parent=5841"}],"wp:term":[{"taxonomy":"product-type","embeddable":true,"href":"https:\/\/www.adclofent.com\/es\/wp-json\/wp\/v2\/product-type?post=5841"}],"curies":[{"name":"wp","href":"https:\/\/api.w.org\/{rel}","templated":true}]}}