{"id":5837,"date":"2023-06-29T12:37:39","date_gmt":"2023-06-29T10:37:39","guid":{"rendered":"https:\/\/acf.mmkt.dev\/?post_type=product&#038;p=5837"},"modified":"2023-06-29T12:37:40","modified_gmt":"2023-06-29T10:37:40","slug":"cintas-rigidas","status":"publish","type":"product","link":"https:\/\/www.adclofent.com\/es\/product\/complementos\/cintas-rigidas\/","title":{"rendered":"Cintas r\u00edgidas"},"content":{"rendered":"\n<p>Las <strong>cintas r\u00edgidas<\/strong> dise\u00f1adas en AdC tienen una <strong>alta resistencia y durabilidad<\/strong>, garantizada para soportar el uso final que le dar\u00e1 a su producto.<\/p>\n\n\n\n<p>Nuestro equipo de I+D le ayudar\u00e1 a encontrar aquella que encaje m\u00e1s con lo que busca. <strong>Ajust\u00e1ndonos a la textura, color, anchura y estructura que necesite<\/strong>, junto con las caracter\u00edsticas propias de la cinta que mejor se adapte a sus productos finales.<\/p>\n\n\n\n<p>Si necesita m\u00e1s informaci\u00f3n o desea que nuestro equipo le ayude a encontrar lo que busca, p\u00f3ngase en contacto con nosotros.<\/p>\n","protected":false},"featured_media":5231,"parent":5823,"menu_order":0,"template":"","meta":{"_kad_blocks_custom_css":"","_kad_blocks_head_custom_js":"","_kad_blocks_body_custom_js":"","_kad_blocks_footer_custom_js":"","_kad_post_transparent":"","_kad_post_title":"","_kad_post_layout":"","_kad_post_sidebar_id":"","_kad_post_content_style":"","_kad_post_vertical_padding":"","_kad_post_feature":"","_kad_post_feature_position":"","_kad_post_header":false,"_kad_post_footer":false,"footnotes":""},"product-type":[48],"class_list":["post-5837","product","type-product","status-publish","has-post-thumbnail","hentry","product-type-complementos"],"acf":[],"taxonomy_info":{"product-type":[{"value":48,"label":"Complementos"}]},"featured_image_src_large":["https:\/\/www.adclofent.com\/wp-content\/uploads\/2023\/05\/9.3.-CINTES-RIGIDES-768x1024.jpeg",768,1024,true],"author_info":[],"comment_info":"","_links":{"self":[{"href":"https:\/\/www.adclofent.com\/es\/wp-json\/wp\/v2\/product\/5837","targetHints":{"allow":["GET"]}}],"collection":[{"href":"https:\/\/www.adclofent.com\/es\/wp-json\/wp\/v2\/product"}],"about":[{"href":"https:\/\/www.adclofent.com\/es\/wp-json\/wp\/v2\/types\/product"}],"version-history":[{"count":1,"href":"https:\/\/www.adclofent.com\/es\/wp-json\/wp\/v2\/product\/5837\/revisions"}],"predecessor-version":[{"id":5839,"href":"https:\/\/www.adclofent.com\/es\/wp-json\/wp\/v2\/product\/5837\/revisions\/5839"}],"up":[{"embeddable":true,"href":"https:\/\/www.adclofent.com\/es\/wp-json\/wp\/v2\/product\/5823"}],"wp:featuredmedia":[{"embeddable":true,"href":"https:\/\/www.adclofent.com\/es\/wp-json\/wp\/v2\/media\/5231"}],"wp:attachment":[{"href":"https:\/\/www.adclofent.com\/es\/wp-json\/wp\/v2\/media?parent=5837"}],"wp:term":[{"taxonomy":"product-type","embeddable":true,"href":"https:\/\/www.adclofent.com\/es\/wp-json\/wp\/v2\/product-type?post=5837"}],"curies":[{"name":"wp","href":"https:\/\/api.w.org\/{rel}","templated":true}]}}