{"id":5832,"date":"2023-06-29T12:36:45","date_gmt":"2023-06-29T10:36:45","guid":{"rendered":"https:\/\/acf.mmkt.dev\/?post_type=product&#038;p=5832"},"modified":"2023-06-29T12:36:46","modified_gmt":"2023-06-29T10:36:46","slug":"cinturas-y-cinturones","status":"publish","type":"product","link":"https:\/\/www.adclofent.com\/es\/product\/complementos\/cinturas-y-cinturones\/","title":{"rendered":"Cinturas y cinturones"},"content":{"rendered":"\n<p>En AdC ofrecemos cintas el\u00e1sticas para complementar todos los productos que necesiten incorporar <strong>cinturas<\/strong>. Cintas que est\u00e1n pensadas y dise\u00f1adas <strong>para ir en contacto directo con la piel<\/strong>, es decir, que garantizan la <strong>comodidad, suavidad y minimizaci\u00f3n de posibles alergias.<\/strong><\/p>\n\n\n\n<p>Entre los m\u00e1s de 3.000 art\u00edculos desarrollados en Artesana de Clofent, tambi\u00e9n contamos con un gran n\u00famero de <strong>cintas r\u00edgidas para cinturones, altamente resistentes y duraderas<\/strong> para elaborar cinturones. Han sido <strong>dise\u00f1adas para soportar pesos y fuerzas<\/strong>, garantizando la resistencia de los productos finales.<\/p>\n\n\n\n<p>Disponemos de una <strong>amplia variedad de colores, texturas y dise\u00f1os<\/strong> para satisfacer las necesidades y preferencias de nuestros clientes. Adem\u00e1s, nuestras cintas <strong>son de f\u00e1cil limpieza y mantenimiento<\/strong>, lo que asegura la higiene y prolonga la vida \u00fatil de los productos finales.<\/p>\n\n\n\n<p>Contacte con nosotros si tiene cualquier consulta.<\/p>\n","protected":false},"featured_media":5225,"parent":5823,"menu_order":0,"template":"","meta":{"_kad_blocks_custom_css":"","_kad_blocks_head_custom_js":"","_kad_blocks_body_custom_js":"","_kad_blocks_footer_custom_js":"","_kad_post_transparent":"","_kad_post_title":"","_kad_post_layout":"","_kad_post_sidebar_id":"","_kad_post_content_style":"","_kad_post_vertical_padding":"","_kad_post_feature":"","_kad_post_feature_position":"","_kad_post_header":false,"_kad_post_footer":false,"footnotes":""},"product-type":[48],"class_list":["post-5832","product","type-product","status-publish","has-post-thumbnail","hentry","product-type-complementos"],"acf":[],"taxonomy_info":{"product-type":[{"value":48,"label":"Complementos"}]},"featured_image_src_large":["https:\/\/www.adclofent.com\/wp-content\/uploads\/2023\/05\/9.2.-CINTURES-I-CINTURONS-1024x768.jpeg",1024,768,true],"author_info":[],"comment_info":"","_links":{"self":[{"href":"https:\/\/www.adclofent.com\/es\/wp-json\/wp\/v2\/product\/5832","targetHints":{"allow":["GET"]}}],"collection":[{"href":"https:\/\/www.adclofent.com\/es\/wp-json\/wp\/v2\/product"}],"about":[{"href":"https:\/\/www.adclofent.com\/es\/wp-json\/wp\/v2\/types\/product"}],"version-history":[{"count":1,"href":"https:\/\/www.adclofent.com\/es\/wp-json\/wp\/v2\/product\/5832\/revisions"}],"predecessor-version":[{"id":5835,"href":"https:\/\/www.adclofent.com\/es\/wp-json\/wp\/v2\/product\/5832\/revisions\/5835"}],"up":[{"embeddable":true,"href":"https:\/\/www.adclofent.com\/es\/wp-json\/wp\/v2\/product\/5823"}],"wp:featuredmedia":[{"embeddable":true,"href":"https:\/\/www.adclofent.com\/es\/wp-json\/wp\/v2\/media\/5225"}],"wp:attachment":[{"href":"https:\/\/www.adclofent.com\/es\/wp-json\/wp\/v2\/media?parent=5832"}],"wp:term":[{"taxonomy":"product-type","embeddable":true,"href":"https:\/\/www.adclofent.com\/es\/wp-json\/wp\/v2\/product-type?post=5832"}],"curies":[{"name":"wp","href":"https:\/\/api.w.org\/{rel}","templated":true}]}}