{"id":5828,"date":"2023-06-29T12:35:37","date_gmt":"2023-06-29T10:35:37","guid":{"rendered":"https:\/\/acf.mmkt.dev\/?post_type=product&#038;p=5828"},"modified":"2024-03-28T09:30:27","modified_gmt":"2024-03-28T08:30:27","slug":"cordones","status":"publish","type":"product","link":"https:\/\/www.adclofent.com\/es\/product\/complementos\/cordones\/","title":{"rendered":"Cordones"},"content":{"rendered":"\n<p><strong>En AdC ofrecemos una variedad de cordones de distintos materiales, colores y dise\u00f1os<\/strong> para cualquier clase de producto final. Son de <strong>alta calidad y resistentes<\/strong> a fin de garantizar su durabilidad.<\/p>\n\n\n\n<p>Nuestro equipo le ayudar\u00e1 en todo lo que pueda para encontrar el cord\u00f3n id\u00f3neo para sus productos, con el grosor y fuerza que necesita teniendo en cuenta sus dise\u00f1os.<\/p>\n\n\n\n<p>Entre nuestros art\u00edculos, encontrar\u00e1 <strong>tanto cordones el\u00e1sticos como r\u00edgidos<\/strong>, entre los que buscaremos el que m\u00e1s se ajuste a sus requisitos.<\/p>\n\n\n\n<p>En caso de tener cualquier pregunta, no dude en consultarnos sobre las caracter\u00edsticas y los colores espec\u00edficos que necesita, estaremos encantados de ayudarle.<\/p>\n","protected":false},"featured_media":5219,"parent":5823,"menu_order":0,"template":"","meta":{"_kad_blocks_custom_css":"","_kad_blocks_head_custom_js":"","_kad_blocks_body_custom_js":"","_kad_blocks_footer_custom_js":"","_kad_post_transparent":"","_kad_post_title":"","_kad_post_layout":"","_kad_post_sidebar_id":"","_kad_post_content_style":"","_kad_post_vertical_padding":"","_kad_post_feature":"","_kad_post_feature_position":"","_kad_post_header":false,"_kad_post_footer":false,"footnotes":""},"product-type":[48],"class_list":["post-5828","product","type-product","status-publish","has-post-thumbnail","hentry","product-type-complementos"],"acf":[],"taxonomy_info":{"product-type":[{"value":48,"label":"Complementos"}]},"featured_image_src_large":["https:\/\/www.adclofent.com\/wp-content\/uploads\/2023\/05\/9.1.-CORDONS-768x1024.jpg",768,1024,true],"author_info":[],"comment_info":"","_links":{"self":[{"href":"https:\/\/www.adclofent.com\/es\/wp-json\/wp\/v2\/product\/5828","targetHints":{"allow":["GET"]}}],"collection":[{"href":"https:\/\/www.adclofent.com\/es\/wp-json\/wp\/v2\/product"}],"about":[{"href":"https:\/\/www.adclofent.com\/es\/wp-json\/wp\/v2\/types\/product"}],"version-history":[{"count":1,"href":"https:\/\/www.adclofent.com\/es\/wp-json\/wp\/v2\/product\/5828\/revisions"}],"predecessor-version":[{"id":5830,"href":"https:\/\/www.adclofent.com\/es\/wp-json\/wp\/v2\/product\/5828\/revisions\/5830"}],"up":[{"embeddable":true,"href":"https:\/\/www.adclofent.com\/es\/wp-json\/wp\/v2\/product\/5823"}],"wp:featuredmedia":[{"embeddable":true,"href":"https:\/\/www.adclofent.com\/es\/wp-json\/wp\/v2\/media\/5219"}],"wp:attachment":[{"href":"https:\/\/www.adclofent.com\/es\/wp-json\/wp\/v2\/media?parent=5828"}],"wp:term":[{"taxonomy":"product-type","embeddable":true,"href":"https:\/\/www.adclofent.com\/es\/wp-json\/wp\/v2\/product-type?post=5828"}],"curies":[{"name":"wp","href":"https:\/\/api.w.org\/{rel}","templated":true}]}}