{"id":5818,"date":"2023-06-29T12:33:58","date_gmt":"2023-06-29T10:33:58","guid":{"rendered":"https:\/\/acf.mmkt.dev\/?post_type=product&#038;p=5818"},"modified":"2023-06-29T12:33:59","modified_gmt":"2023-06-29T10:33:59","slug":"corseteria","status":"publish","type":"product","link":"https:\/\/www.adclofent.com\/es\/product\/intimo\/corseteria\/","title":{"rendered":"Corseter\u00eda"},"content":{"rendered":"\n<p>En AdC trabajamos y ofrecemos una<strong> gran variedad de cintas el\u00e1sticas para el sector de la corseter\u00eda<\/strong>. Cintas con delicadeza, comodidad y est\u00e9tica para contribuir en el desarrollo de sus productos de corseter\u00eda.<\/p>\n\n\n\n<p>En funci\u00f3n de la imagen final deseada del producto, podemos ofrecer cintas el\u00e1sticas con una textura, estructura y composici\u00f3n adecuadas a sus necesidades. Pueden presentar <strong>acabados de tipo blonda y satinados<\/strong>.<\/p>\n\n\n\n<p>Ofrecemos <strong>cintas el\u00e1sticas en diferentes anchuras y colores<\/strong>, adapt\u00e1ndonos a los requisitos de nuestros clientes.<\/p>\n\n\n\n<p>Adem\u00e1s, como en todos nuestros tejidos, adaptaremos su composici\u00f3n para <strong>minimizar los riesgos de alergias<\/strong> al tratarse de cintas que estar\u00e1n en contacto con la piel.<\/p>\n","protected":false},"featured_media":5518,"parent":5806,"menu_order":0,"template":"","meta":{"_kad_blocks_custom_css":"","_kad_blocks_head_custom_js":"","_kad_blocks_body_custom_js":"","_kad_blocks_footer_custom_js":"","_kad_post_transparent":"","_kad_post_title":"","_kad_post_layout":"","_kad_post_sidebar_id":"","_kad_post_content_style":"","_kad_post_vertical_padding":"","_kad_post_feature":"","_kad_post_feature_position":"","_kad_post_header":false,"_kad_post_footer":false,"footnotes":""},"product-type":[50],"class_list":["post-5818","product","type-product","status-publish","has-post-thumbnail","hentry","product-type-intimo"],"acf":[],"taxonomy_info":{"product-type":[{"value":50,"label":"\u00cdntimo"}]},"featured_image_src_large":["https:\/\/www.adclofent.com\/wp-content\/uploads\/2023\/06\/8.3.-COTILLERIA-2-768x1024.jpeg",768,1024,true],"author_info":[],"comment_info":"","_links":{"self":[{"href":"https:\/\/www.adclofent.com\/es\/wp-json\/wp\/v2\/product\/5818","targetHints":{"allow":["GET"]}}],"collection":[{"href":"https:\/\/www.adclofent.com\/es\/wp-json\/wp\/v2\/product"}],"about":[{"href":"https:\/\/www.adclofent.com\/es\/wp-json\/wp\/v2\/types\/product"}],"version-history":[{"count":1,"href":"https:\/\/www.adclofent.com\/es\/wp-json\/wp\/v2\/product\/5818\/revisions"}],"predecessor-version":[{"id":5821,"href":"https:\/\/www.adclofent.com\/es\/wp-json\/wp\/v2\/product\/5818\/revisions\/5821"}],"up":[{"embeddable":true,"href":"https:\/\/www.adclofent.com\/es\/wp-json\/wp\/v2\/product\/5806"}],"wp:featuredmedia":[{"embeddable":true,"href":"https:\/\/www.adclofent.com\/es\/wp-json\/wp\/v2\/media\/5518"}],"wp:attachment":[{"href":"https:\/\/www.adclofent.com\/es\/wp-json\/wp\/v2\/media?parent=5818"}],"wp:term":[{"taxonomy":"product-type","embeddable":true,"href":"https:\/\/www.adclofent.com\/es\/wp-json\/wp\/v2\/product-type?post=5818"}],"curies":[{"name":"wp","href":"https:\/\/api.w.org\/{rel}","templated":true}]}}