{"id":5814,"date":"2023-06-29T12:24:20","date_gmt":"2023-06-29T10:24:20","guid":{"rendered":"https:\/\/acf.mmkt.dev\/?post_type=product&#038;p=5814"},"modified":"2024-04-16T11:59:05","modified_gmt":"2024-04-16T09:59:05","slug":"bano","status":"publish","type":"product","link":"https:\/\/www.adclofent.com\/es\/product\/intimo\/bano\/","title":{"rendered":"Ba\u00f1o"},"content":{"rendered":"\n<p>En cuanto a la <strong>moda de ba\u00f1o<\/strong>, entre nuestros art\u00edculos encontrar\u00e1s las cintas el\u00e1sticas para ropa de ba\u00f1o que necesitas para completar sus dise\u00f1os, todas ellas con caracter\u00edsticas de <strong>r\u00e1pido secado, de alta transpirabilidad y preparadas para estar en contacto con el agua.<\/strong><\/p>\n\n\n\n<p>Estos tejidos, algunos de material tipo neopreno, son de alta calidad, de larga durabilidad y est\u00e1n hechas con materias primas que <strong>evitan las alergias causadas al estar en contacto con la piel<\/strong>.<\/p>\n\n\n\n<p>Teniendo en cuenta lo que busca, el uso final y el dise\u00f1o trabajado, <strong>le proporcionaremos aquel tejido que m\u00e1s se ajuste a sus requisitos<\/strong>. Buscaremos el art\u00edculo que tenga la elasticidad, compresi\u00f3n y suavidad esperadas.<\/p>\n\n\n\n<p>Ofrecemos una <strong>amplia gama de materiales<\/strong> que se adaptar\u00e1n perfectamente a sus dise\u00f1os de ba\u00f1o, complement\u00e1ndolos gracias a nuestros ribetes, tirantes, cinturas, etc.<\/p>\n\n\n\n<p>Gracias a nuestro diverso portfolio, tendr\u00e1 todos los colores y anchuras entre 5 mm y 600mm para escoger.<\/p>\n","protected":false},"featured_media":5202,"parent":5806,"menu_order":0,"template":"","meta":{"_kad_blocks_custom_css":"","_kad_blocks_head_custom_js":"","_kad_blocks_body_custom_js":"","_kad_blocks_footer_custom_js":"","_kad_post_transparent":"","_kad_post_title":"","_kad_post_layout":"","_kad_post_sidebar_id":"","_kad_post_content_style":"","_kad_post_vertical_padding":"","_kad_post_feature":"","_kad_post_feature_position":"","_kad_post_header":false,"_kad_post_footer":false,"footnotes":""},"product-type":[50],"class_list":["post-5814","product","type-product","status-publish","has-post-thumbnail","hentry","product-type-intimo"],"acf":[],"taxonomy_info":{"product-type":[{"value":50,"label":"\u00cdntimo"}]},"featured_image_src_large":["https:\/\/www.adclofent.com\/wp-content\/uploads\/2023\/05\/8.2.-BANY-768x1024.jpeg",768,1024,true],"author_info":[],"comment_info":"","_links":{"self":[{"href":"https:\/\/www.adclofent.com\/es\/wp-json\/wp\/v2\/product\/5814","targetHints":{"allow":["GET"]}}],"collection":[{"href":"https:\/\/www.adclofent.com\/es\/wp-json\/wp\/v2\/product"}],"about":[{"href":"https:\/\/www.adclofent.com\/es\/wp-json\/wp\/v2\/types\/product"}],"version-history":[{"count":1,"href":"https:\/\/www.adclofent.com\/es\/wp-json\/wp\/v2\/product\/5814\/revisions"}],"predecessor-version":[{"id":5815,"href":"https:\/\/www.adclofent.com\/es\/wp-json\/wp\/v2\/product\/5814\/revisions\/5815"}],"up":[{"embeddable":true,"href":"https:\/\/www.adclofent.com\/es\/wp-json\/wp\/v2\/product\/5806"}],"wp:featuredmedia":[{"embeddable":true,"href":"https:\/\/www.adclofent.com\/es\/wp-json\/wp\/v2\/media\/5202"}],"wp:attachment":[{"href":"https:\/\/www.adclofent.com\/es\/wp-json\/wp\/v2\/media?parent=5814"}],"wp:term":[{"taxonomy":"product-type","embeddable":true,"href":"https:\/\/www.adclofent.com\/es\/wp-json\/wp\/v2\/product-type?post=5814"}],"curies":[{"name":"wp","href":"https:\/\/api.w.org\/{rel}","templated":true}]}}