{"id":5806,"date":"2023-06-29T12:21:55","date_gmt":"2023-06-29T10:21:55","guid":{"rendered":"https:\/\/acf.mmkt.dev\/?post_type=product&#038;p=5806"},"modified":"2023-06-29T12:21:57","modified_gmt":"2023-06-29T10:21:57","slug":"intimo","status":"publish","type":"product","link":"https:\/\/www.adclofent.com\/es\/product\/intimo\/","title":{"rendered":"\u00cdntimo"},"content":{"rendered":"\n<p>Si lo que busca son<strong> tejidos, cintas el\u00e1sticas para lencer\u00eda o tirantes para incorporar en sus productos de moda \u00edntima<\/strong>, en Artesana de Clofent encontrar\u00e1 lo que busca.<\/p>\n\n\n\n<p><strong>Contamos con m\u00e1s de 3.000 art\u00edculos <\/strong>de diferentes tipos, composiciones, elasticidades, tama\u00f1os, colores y caracter\u00edsticas. Adem\u00e1s de tener un departamento de I+D especializado en encontrar el que m\u00e1s se adapte a sus necesidades.<\/p>\n\n\n\n<p>Para cualquier producto de ropa interior, ropa de ba\u00f1o, corseter\u00eda, encontraremos los complementos que m\u00e1s se ajusten a su dise\u00f1o.<\/p>\n\n\n\n<p>Las <strong>composiciones y materias primas utilizadas<\/strong> en los productos de AdC <strong>minimizan el riesgo de alergia<\/strong> en contacto con la piel.<\/p>\n\n\n\n<p>No dude en consultarnos cualquier duda, nuestro equipo de ingenieros le ofrecer\u00e1 la mejor opci\u00f3n para sus productos.<\/p>\n","protected":false},"featured_media":5184,"parent":0,"menu_order":0,"template":"","meta":{"_kad_blocks_custom_css":"","_kad_blocks_head_custom_js":"","_kad_blocks_body_custom_js":"","_kad_blocks_footer_custom_js":"","_kad_post_transparent":"","_kad_post_title":"","_kad_post_layout":"","_kad_post_sidebar_id":"","_kad_post_content_style":"","_kad_post_vertical_padding":"","_kad_post_feature":"","_kad_post_feature_position":"","_kad_post_header":false,"_kad_post_footer":false,"footnotes":""},"product-type":[50],"class_list":["post-5806","product","type-product","status-publish","has-post-thumbnail","hentry","product-type-intimo"],"acf":[],"taxonomy_info":{"product-type":[{"value":50,"label":"\u00cdntimo"}]},"featured_image_src_large":["https:\/\/www.adclofent.com\/wp-content\/uploads\/2023\/05\/8.-INTIM-768x1024.jpeg",768,1024,true],"author_info":[],"comment_info":"","_links":{"self":[{"href":"https:\/\/www.adclofent.com\/es\/wp-json\/wp\/v2\/product\/5806","targetHints":{"allow":["GET"]}}],"collection":[{"href":"https:\/\/www.adclofent.com\/es\/wp-json\/wp\/v2\/product"}],"about":[{"href":"https:\/\/www.adclofent.com\/es\/wp-json\/wp\/v2\/types\/product"}],"version-history":[{"count":1,"href":"https:\/\/www.adclofent.com\/es\/wp-json\/wp\/v2\/product\/5806\/revisions"}],"predecessor-version":[{"id":5807,"href":"https:\/\/www.adclofent.com\/es\/wp-json\/wp\/v2\/product\/5806\/revisions\/5807"}],"wp:featuredmedia":[{"embeddable":true,"href":"https:\/\/www.adclofent.com\/es\/wp-json\/wp\/v2\/media\/5184"}],"wp:attachment":[{"href":"https:\/\/www.adclofent.com\/es\/wp-json\/wp\/v2\/media?parent=5806"}],"wp:term":[{"taxonomy":"product-type","embeddable":true,"href":"https:\/\/www.adclofent.com\/es\/wp-json\/wp\/v2\/product-type?post=5806"}],"curies":[{"name":"wp","href":"https:\/\/api.w.org\/{rel}","templated":true}]}}