{"id":5801,"date":"2023-06-29T12:20:37","date_gmt":"2023-06-29T10:20:37","guid":{"rendered":"https:\/\/acf.mmkt.dev\/?post_type=product&#038;p=5801"},"modified":"2023-06-29T12:20:38","modified_gmt":"2023-06-29T10:20:38","slug":"cascos","status":"publish","type":"product","link":"https:\/\/www.adclofent.com\/es\/product\/militar\/cascos\/","title":{"rendered":"Cascos"},"content":{"rendered":"\n<p>Entre nuestros art\u00edculos tambi\u00e9n podr\u00e1 encontrar <strong>cintas r\u00edgidas para cascos<\/strong>. Estas cintas se caracterizan por su <strong>resistencia y durabilidad<\/strong>, lo que proporciona un extra a la calidad del producto final.<\/p>\n\n\n\n<p>Desde Artesana de Clofent le ayudaremos a encontrar la cinta que m\u00e1s encaje con la necesidad que se est\u00e1 buscando, ajust\u00e1ndonos siempre a los deseos del cliente en cuanto a textura, color, anchura y estructura. Adem\u00e1s, estas cintas <strong>pueden personalizarse con propiedades funcionales<\/strong> como: ign\u00edfugo, antibacteriano, aislante t\u00e9rmico, conductor, etc.<\/p>\n","protected":false},"featured_media":5173,"parent":5781,"menu_order":0,"template":"","meta":{"_kad_blocks_custom_css":"","_kad_blocks_head_custom_js":"","_kad_blocks_body_custom_js":"","_kad_blocks_footer_custom_js":"","_kad_post_transparent":"","_kad_post_title":"","_kad_post_layout":"","_kad_post_sidebar_id":"","_kad_post_content_style":"","_kad_post_vertical_padding":"","_kad_post_feature":"","_kad_post_feature_position":"","_kad_post_header":false,"_kad_post_footer":false,"footnotes":""},"product-type":[54],"class_list":["post-5801","product","type-product","status-publish","has-post-thumbnail","hentry","product-type-sector-militar-es"],"acf":[],"taxonomy_info":{"product-type":[{"value":54,"label":"Sector militar"}]},"featured_image_src_large":["https:\/\/www.adclofent.com\/wp-content\/uploads\/2023\/05\/7.4.-CASCS-768x1024.jpeg",768,1024,true],"author_info":[],"comment_info":"","_links":{"self":[{"href":"https:\/\/www.adclofent.com\/es\/wp-json\/wp\/v2\/product\/5801","targetHints":{"allow":["GET"]}}],"collection":[{"href":"https:\/\/www.adclofent.com\/es\/wp-json\/wp\/v2\/product"}],"about":[{"href":"https:\/\/www.adclofent.com\/es\/wp-json\/wp\/v2\/types\/product"}],"version-history":[{"count":1,"href":"https:\/\/www.adclofent.com\/es\/wp-json\/wp\/v2\/product\/5801\/revisions"}],"predecessor-version":[{"id":5804,"href":"https:\/\/www.adclofent.com\/es\/wp-json\/wp\/v2\/product\/5801\/revisions\/5804"}],"up":[{"embeddable":true,"href":"https:\/\/www.adclofent.com\/es\/wp-json\/wp\/v2\/product\/5781"}],"wp:featuredmedia":[{"embeddable":true,"href":"https:\/\/www.adclofent.com\/es\/wp-json\/wp\/v2\/media\/5173"}],"wp:attachment":[{"href":"https:\/\/www.adclofent.com\/es\/wp-json\/wp\/v2\/media?parent=5801"}],"wp:term":[{"taxonomy":"product-type","embeddable":true,"href":"https:\/\/www.adclofent.com\/es\/wp-json\/wp\/v2\/product-type?post=5801"}],"curies":[{"name":"wp","href":"https:\/\/api.w.org\/{rel}","templated":true}]}}