{"id":5796,"date":"2023-06-29T12:19:39","date_gmt":"2023-06-29T10:19:39","guid":{"rendered":"https:\/\/acf.mmkt.dev\/?post_type=product&#038;p=5796"},"modified":"2024-04-16T12:14:12","modified_gmt":"2024-04-16T10:14:12","slug":"calzado","status":"publish","type":"product","link":"https:\/\/www.adclofent.com\/es\/product\/militar\/calzado\/","title":{"rendered":"Calzado"},"content":{"rendered":"\n<p>Artesana de Clofent tambi\u00e9n ofrece una <strong>gran variedad de cintas <\/strong>el\u00e1sticas t\u00e9cnicas<strong> \u00f3ptimas para el sector del calzado<\/strong>. Las cintas compactas ser\u00edan una de las opciones ideales para prendas de calzado, <strong>son el\u00e1sticas, compresivas, y con una alta resistencia.<\/strong><\/p>\n\n\n\n<p>La compresi\u00f3n de estas cintas ayuda a que el pie quede sujetado y evitar posibles malos gestos o lesiones. Adem\u00e1s, estos tejidos <strong>pueden presentar propiedades funcionales y tecnol\u00f3gicas<\/strong> como por ejemplo: conductividad, aislante t\u00e9rmico, transpirable, antibacteriana, etc.<\/p>\n","protected":false},"featured_media":5167,"parent":5781,"menu_order":0,"template":"","meta":{"_kad_blocks_custom_css":"","_kad_blocks_head_custom_js":"","_kad_blocks_body_custom_js":"","_kad_blocks_footer_custom_js":"","_kad_post_transparent":"","_kad_post_title":"","_kad_post_layout":"","_kad_post_sidebar_id":"","_kad_post_content_style":"","_kad_post_vertical_padding":"","_kad_post_feature":"","_kad_post_feature_position":"","_kad_post_header":false,"_kad_post_footer":false,"footnotes":""},"product-type":[54],"class_list":["post-5796","product","type-product","status-publish","has-post-thumbnail","hentry","product-type-sector-militar-es"],"acf":[],"taxonomy_info":{"product-type":[{"value":54,"label":"Sector militar"}]},"featured_image_src_large":["https:\/\/www.adclofent.com\/wp-content\/uploads\/2023\/05\/7.3.-CALCAT-1024x702.jpg",1024,702,true],"author_info":[],"comment_info":"","_links":{"self":[{"href":"https:\/\/www.adclofent.com\/es\/wp-json\/wp\/v2\/product\/5796","targetHints":{"allow":["GET"]}}],"collection":[{"href":"https:\/\/www.adclofent.com\/es\/wp-json\/wp\/v2\/product"}],"about":[{"href":"https:\/\/www.adclofent.com\/es\/wp-json\/wp\/v2\/types\/product"}],"version-history":[{"count":1,"href":"https:\/\/www.adclofent.com\/es\/wp-json\/wp\/v2\/product\/5796\/revisions"}],"predecessor-version":[{"id":5799,"href":"https:\/\/www.adclofent.com\/es\/wp-json\/wp\/v2\/product\/5796\/revisions\/5799"}],"up":[{"embeddable":true,"href":"https:\/\/www.adclofent.com\/es\/wp-json\/wp\/v2\/product\/5781"}],"wp:featuredmedia":[{"embeddable":true,"href":"https:\/\/www.adclofent.com\/es\/wp-json\/wp\/v2\/media\/5167"}],"wp:attachment":[{"href":"https:\/\/www.adclofent.com\/es\/wp-json\/wp\/v2\/media?parent=5796"}],"wp:term":[{"taxonomy":"product-type","embeddable":true,"href":"https:\/\/www.adclofent.com\/es\/wp-json\/wp\/v2\/product-type?post=5796"}],"curies":[{"name":"wp","href":"https:\/\/api.w.org\/{rel}","templated":true}]}}