{"id":5792,"date":"2023-06-29T12:18:00","date_gmt":"2023-06-29T10:18:00","guid":{"rendered":"https:\/\/acf.mmkt.dev\/?post_type=product&#038;p=5792"},"modified":"2023-06-29T12:18:00","modified_gmt":"2023-06-29T10:18:00","slug":"cinturones","status":"publish","type":"product","link":"https:\/\/www.adclofent.com\/es\/product\/militar\/cinturones\/","title":{"rendered":"Cinturones"},"content":{"rendered":"\n<p>Dentro de las distintas categor\u00edas de art\u00edculos que produce AdC podemos encontrar <strong>cintas el\u00e1sticas para cinturones r\u00edgidas, fuertemente resistentes y duraderas<\/strong> para elaborar cinturones. Han sido dise\u00f1adas para soportar pesos y fuerzas, garantizando la resistencia de los productos finales.<\/p>\n\n\n\n<p>Estas cintas r\u00edgidas <strong>pueden aplicarse acabados t\u00e9cnicos<\/strong> como, por ejemplo: conductores, ign\u00edfugos, antibacterianos, aislantes t\u00e9rmicos, entre otros. Adem\u00e1s, AdC contamos con una <strong>amplia variedad de colores y dise\u00f1os<\/strong> para satisfacer las necesidades y preferencias de nuestros clientes.<\/p>\n","protected":false},"featured_media":5161,"parent":5781,"menu_order":0,"template":"","meta":{"_kad_blocks_custom_css":"","_kad_blocks_head_custom_js":"","_kad_blocks_body_custom_js":"","_kad_blocks_footer_custom_js":"","_kad_post_transparent":"","_kad_post_title":"","_kad_post_layout":"","_kad_post_sidebar_id":"","_kad_post_content_style":"","_kad_post_vertical_padding":"","_kad_post_feature":"","_kad_post_feature_position":"","_kad_post_header":false,"_kad_post_footer":false,"footnotes":""},"product-type":[54],"class_list":["post-5792","product","type-product","status-publish","has-post-thumbnail","hentry","product-type-sector-militar-es"],"acf":[],"taxonomy_info":{"product-type":[{"value":54,"label":"Sector militar"}]},"featured_image_src_large":["https:\/\/www.adclofent.com\/wp-content\/uploads\/2023\/05\/7.2.-CINTURONS-768x1024.jpeg",768,1024,true],"author_info":[],"comment_info":"","_links":{"self":[{"href":"https:\/\/www.adclofent.com\/es\/wp-json\/wp\/v2\/product\/5792","targetHints":{"allow":["GET"]}}],"collection":[{"href":"https:\/\/www.adclofent.com\/es\/wp-json\/wp\/v2\/product"}],"about":[{"href":"https:\/\/www.adclofent.com\/es\/wp-json\/wp\/v2\/types\/product"}],"version-history":[{"count":1,"href":"https:\/\/www.adclofent.com\/es\/wp-json\/wp\/v2\/product\/5792\/revisions"}],"predecessor-version":[{"id":5794,"href":"https:\/\/www.adclofent.com\/es\/wp-json\/wp\/v2\/product\/5792\/revisions\/5794"}],"up":[{"embeddable":true,"href":"https:\/\/www.adclofent.com\/es\/wp-json\/wp\/v2\/product\/5781"}],"wp:featuredmedia":[{"embeddable":true,"href":"https:\/\/www.adclofent.com\/es\/wp-json\/wp\/v2\/media\/5161"}],"wp:attachment":[{"href":"https:\/\/www.adclofent.com\/es\/wp-json\/wp\/v2\/media?parent=5792"}],"wp:term":[{"taxonomy":"product-type","embeddable":true,"href":"https:\/\/www.adclofent.com\/es\/wp-json\/wp\/v2\/product-type?post=5792"}],"curies":[{"name":"wp","href":"https:\/\/api.w.org\/{rel}","templated":true}]}}