{"id":5781,"date":"2023-06-29T12:15:12","date_gmt":"2023-06-29T10:15:12","guid":{"rendered":"https:\/\/acf.mmkt.dev\/?post_type=product&#038;p=5781"},"modified":"2024-05-23T10:39:19","modified_gmt":"2024-05-23T08:39:19","slug":"militar","status":"publish","type":"product","link":"https:\/\/www.adclofent.com\/es\/product\/militar\/","title":{"rendered":"Militar"},"content":{"rendered":"\n<p>Los tejidos <strong>t\u00e9cnicos<\/strong> para el sector militar son tejidos dise\u00f1ados y fabricados especialmente <strong>para desarrollar productos que ofrezcan una buena protecci\u00f3n y seguridad<\/strong> en entornos y situaciones espec\u00edficas.<\/p>\n\n\n\n<p>Con la constante investigaci\u00f3n de nuestro departamento de I+D ofreceremos el tejido que m\u00e1s se adapte a la idea de producto que tiene el consumidor, incluyendo <strong>tejidos t\u00e9cnicos con propiedades funcionales especiales<\/strong> <strong>como ign\u00edfugos, aislantes t\u00e9rmicos, protectores, antibacterianos, entre otros.<\/strong><\/p>\n\n\n\n<p>Todos estos tejidos y cintas est\u00e1n dise\u00f1ados con el fin de asegurar, sujetar y confortar algunas de las prendas que se utilizan en este sector.<\/p>\n\n\n\n<p>Contamos con una gama de <strong>colores espec\u00edficos<\/strong> para este sector. Consulte sin compromiso a trav\u00e9s del formulario de contacto.<\/p>\n","protected":false},"featured_media":5148,"parent":0,"menu_order":0,"template":"","meta":{"_kad_blocks_custom_css":"","_kad_blocks_head_custom_js":"","_kad_blocks_body_custom_js":"","_kad_blocks_footer_custom_js":"","_kad_post_transparent":"","_kad_post_title":"","_kad_post_layout":"","_kad_post_sidebar_id":"","_kad_post_content_style":"","_kad_post_vertical_padding":"","_kad_post_feature":"","_kad_post_feature_position":"","_kad_post_header":false,"_kad_post_footer":false,"footnotes":""},"product-type":[54],"class_list":["post-5781","product","type-product","status-publish","has-post-thumbnail","hentry","product-type-sector-militar-es"],"acf":[],"taxonomy_info":{"product-type":[{"value":54,"label":"Sector militar"}]},"featured_image_src_large":["https:\/\/www.adclofent.com\/wp-content\/uploads\/2023\/05\/7.-MILITAR-768x1024.jpeg",768,1024,true],"author_info":[],"comment_info":"","_links":{"self":[{"href":"https:\/\/www.adclofent.com\/es\/wp-json\/wp\/v2\/product\/5781","targetHints":{"allow":["GET"]}}],"collection":[{"href":"https:\/\/www.adclofent.com\/es\/wp-json\/wp\/v2\/product"}],"about":[{"href":"https:\/\/www.adclofent.com\/es\/wp-json\/wp\/v2\/types\/product"}],"version-history":[{"count":1,"href":"https:\/\/www.adclofent.com\/es\/wp-json\/wp\/v2\/product\/5781\/revisions"}],"predecessor-version":[{"id":5783,"href":"https:\/\/www.adclofent.com\/es\/wp-json\/wp\/v2\/product\/5781\/revisions\/5783"}],"wp:featuredmedia":[{"embeddable":true,"href":"https:\/\/www.adclofent.com\/es\/wp-json\/wp\/v2\/media\/5148"}],"wp:attachment":[{"href":"https:\/\/www.adclofent.com\/es\/wp-json\/wp\/v2\/media?parent=5781"}],"wp:term":[{"taxonomy":"product-type","embeddable":true,"href":"https:\/\/www.adclofent.com\/es\/wp-json\/wp\/v2\/product-type?post=5781"}],"curies":[{"name":"wp","href":"https:\/\/api.w.org\/{rel}","templated":true}]}}