{"id":5776,"date":"2023-06-29T12:13:59","date_gmt":"2023-06-29T10:13:59","guid":{"rendered":"https:\/\/acf.mmkt.dev\/?post_type=product&#038;p=5776"},"modified":"2024-04-02T17:46:08","modified_gmt":"2024-04-02T15:46:08","slug":"tecnico","status":"publish","type":"product","link":"https:\/\/www.adclofent.com\/es\/product\/calzado\/tecnico\/","title":{"rendered":"T\u00e9cnico"},"content":{"rendered":"\n<p>Nuestras <strong>cintas compactas<\/strong> son ideales para calzado, ya que <strong>presentan<\/strong> <strong>elasticidad<\/strong>, <strong>compresi\u00f3n <\/strong>y <strong>resistencia<\/strong> que garantiza una larga <strong>durabilidad<\/strong> al producto final.<\/p>\n\n\n\n<p>Los tejidos para confecci\u00f3n de calzado pueden<strong> presentar propiedades funcionales y tecnol\u00f3gicas espec\u00edficas<\/strong> como resistencia a la abrasi\u00f3n, transpirabilidad, conductividad, regulaci\u00f3n t\u00e9rmica, microencapsulado, y antibacteriano.<\/p>\n\n\n\n<p>\u00a1No dude en consultar la diversidad de cintas el\u00e1sticas de AdC para calzado! Ofrecemos una gran variedad de colores, anchuras, acabados y durezas.<\/p>\n\n\n\n<p>Contacte con nuestro equipo para encontrar la mejor opci\u00f3n para sus productos.<\/p>\n","protected":false},"featured_media":5142,"parent":5757,"menu_order":0,"template":"","meta":{"_kad_blocks_custom_css":"","_kad_blocks_head_custom_js":"","_kad_blocks_body_custom_js":"","_kad_blocks_footer_custom_js":"","_kad_post_transparent":"","_kad_post_title":"","_kad_post_layout":"","_kad_post_sidebar_id":"","_kad_post_content_style":"","_kad_post_vertical_padding":"","_kad_post_feature":"","_kad_post_feature_position":"","_kad_post_header":false,"_kad_post_footer":false,"footnotes":""},"product-type":[58],"class_list":["post-5776","product","type-product","status-publish","has-post-thumbnail","hentry","product-type-calzado"],"acf":[],"taxonomy_info":{"product-type":[{"value":58,"label":"Calzado"}]},"featured_image_src_large":["https:\/\/www.adclofent.com\/wp-content\/uploads\/2023\/05\/6.4.-TECNIC-1024x768.jpeg",1024,768,true],"author_info":[],"comment_info":"","_links":{"self":[{"href":"https:\/\/www.adclofent.com\/es\/wp-json\/wp\/v2\/product\/5776","targetHints":{"allow":["GET"]}}],"collection":[{"href":"https:\/\/www.adclofent.com\/es\/wp-json\/wp\/v2\/product"}],"about":[{"href":"https:\/\/www.adclofent.com\/es\/wp-json\/wp\/v2\/types\/product"}],"version-history":[{"count":1,"href":"https:\/\/www.adclofent.com\/es\/wp-json\/wp\/v2\/product\/5776\/revisions"}],"predecessor-version":[{"id":5779,"href":"https:\/\/www.adclofent.com\/es\/wp-json\/wp\/v2\/product\/5776\/revisions\/5779"}],"up":[{"embeddable":true,"href":"https:\/\/www.adclofent.com\/es\/wp-json\/wp\/v2\/product\/5757"}],"wp:featuredmedia":[{"embeddable":true,"href":"https:\/\/www.adclofent.com\/es\/wp-json\/wp\/v2\/media\/5142"}],"wp:attachment":[{"href":"https:\/\/www.adclofent.com\/es\/wp-json\/wp\/v2\/media?parent=5776"}],"wp:term":[{"taxonomy":"product-type","embeddable":true,"href":"https:\/\/www.adclofent.com\/es\/wp-json\/wp\/v2\/product-type?post=5776"}],"curies":[{"name":"wp","href":"https:\/\/api.w.org\/{rel}","templated":true}]}}