{"id":5767,"date":"2023-06-29T12:11:24","date_gmt":"2023-06-29T10:11:24","guid":{"rendered":"https:\/\/acf.mmkt.dev\/?post_type=product&#038;p=5767"},"modified":"2024-03-28T09:26:04","modified_gmt":"2024-03-28T08:26:04","slug":"cordones","status":"publish","type":"product","link":"https:\/\/www.adclofent.com\/es\/product\/calzado\/cordones\/","title":{"rendered":"Cordones"},"content":{"rendered":"\n<p>Artesana de Clofent tambi\u00e9n ofrece otros tipos de cintas como los cordones para calzado. \u00c9stos son utilizados principalmente en el sector del calzado, pero tambi\u00e9n tienen utilidad en otros sectores.<\/p>\n\n\n\n<p>Fabricamos una gran variedad de cordones <strong>tanto r\u00edgidos como el\u00e1sticos de todo tipo de colores, de diferentes materiales y dise\u00f1os<\/strong> que les dar\u00e1n a sus productos un toque personalizado.<\/p>\n\n\n\n<p>Nuestros cordones se caracterizan por su <strong>versatilidad y durabilidad<\/strong>, que se consigue mediante las materias primas que utilizamos para fabricarlos. Est\u00e1n dise\u00f1ados para ser resistentes al desgaste.<\/p>\n\n\n\n<p>No dude en consultarnos sobre las caracter\u00edsticas y los colores espec\u00edficos para sus productos, estaremos encantados de ayudarle.<\/p>\n","protected":false},"featured_media":5122,"parent":5757,"menu_order":0,"template":"","meta":{"_kad_blocks_custom_css":"","_kad_blocks_head_custom_js":"","_kad_blocks_body_custom_js":"","_kad_blocks_footer_custom_js":"","_kad_post_transparent":"","_kad_post_title":"","_kad_post_layout":"","_kad_post_sidebar_id":"","_kad_post_content_style":"","_kad_post_vertical_padding":"","_kad_post_feature":"","_kad_post_feature_position":"","_kad_post_header":false,"_kad_post_footer":false,"footnotes":""},"product-type":[58],"class_list":["post-5767","product","type-product","status-publish","has-post-thumbnail","hentry","product-type-calzado"],"acf":[],"taxonomy_info":{"product-type":[{"value":58,"label":"Calzado"}]},"featured_image_src_large":["https:\/\/www.adclofent.com\/wp-content\/uploads\/2023\/05\/6.1.-CORDONS-768x1024.jpeg",768,1024,true],"author_info":[],"comment_info":"","_links":{"self":[{"href":"https:\/\/www.adclofent.com\/es\/wp-json\/wp\/v2\/product\/5767","targetHints":{"allow":["GET"]}}],"collection":[{"href":"https:\/\/www.adclofent.com\/es\/wp-json\/wp\/v2\/product"}],"about":[{"href":"https:\/\/www.adclofent.com\/es\/wp-json\/wp\/v2\/types\/product"}],"version-history":[{"count":1,"href":"https:\/\/www.adclofent.com\/es\/wp-json\/wp\/v2\/product\/5767\/revisions"}],"predecessor-version":[{"id":5769,"href":"https:\/\/www.adclofent.com\/es\/wp-json\/wp\/v2\/product\/5767\/revisions\/5769"}],"up":[{"embeddable":true,"href":"https:\/\/www.adclofent.com\/es\/wp-json\/wp\/v2\/product\/5757"}],"wp:featuredmedia":[{"embeddable":true,"href":"https:\/\/www.adclofent.com\/es\/wp-json\/wp\/v2\/media\/5122"}],"wp:attachment":[{"href":"https:\/\/www.adclofent.com\/es\/wp-json\/wp\/v2\/media?parent=5767"}],"wp:term":[{"taxonomy":"product-type","embeddable":true,"href":"https:\/\/www.adclofent.com\/es\/wp-json\/wp\/v2\/product-type?post=5767"}],"curies":[{"name":"wp","href":"https:\/\/api.w.org\/{rel}","templated":true}]}}