{"id":5762,"date":"2023-06-29T12:10:17","date_gmt":"2023-06-29T10:10:17","guid":{"rendered":"https:\/\/acf.mmkt.dev\/?post_type=product&#038;p=5762"},"modified":"2023-06-29T12:10:19","modified_gmt":"2023-06-29T10:10:19","slug":"cinta-elastica","status":"publish","type":"product","link":"https:\/\/www.adclofent.com\/es\/product\/calzado\/cinta-elastica\/","title":{"rendered":"Cinta el\u00e1stica"},"content":{"rendered":"\n<p>Artesana de Clofent ofrece una gran variedad de cintas el\u00e1sticas para el sector del calzado. Ofrecemos a nuestros clientes<strong> cintas el\u00e1sticas de diferentes anchuras y caracter\u00edsticas en funci\u00f3n de sus necesidades<\/strong>. Nuestros art\u00edculos pueden realizar desde los 5mm hasta los 600mm dependiendo del uso final.<\/p>\n\n\n\n<p>Nos adaptamos siempre a las necesidades de nuestros clientes, ya que de esta forma podremos responder y dar la mejor soluci\u00f3n para la prenda que quieren confeccionar. AdC encontrar\u00e1 la cinta que m\u00e1s encaje en su proyecto, en cuanto a composiciones, colores, elasticidades, entre otras propiedades.<\/p>\n\n\n\n<p>Las cintas el\u00e1sticas para zapatos <strong>se pueden combinar con otros materiales como cuero, tela o malla<\/strong> para crear un dise\u00f1o m\u00e1s complejo y elegante de sus zapatos.<\/p>\n\n\n\n<p>\u00a1Si todav\u00eda no ha experimentado con las cintas el\u00e1sticas para zapatos, no dude en hacerlo y descubra todas las ventajas!<\/p>\n","protected":false},"featured_media":5128,"parent":5757,"menu_order":0,"template":"","meta":{"_kad_blocks_custom_css":"","_kad_blocks_head_custom_js":"","_kad_blocks_body_custom_js":"","_kad_blocks_footer_custom_js":"","_kad_post_transparent":"","_kad_post_title":"","_kad_post_layout":"","_kad_post_sidebar_id":"","_kad_post_content_style":"","_kad_post_vertical_padding":"","_kad_post_feature":"","_kad_post_feature_position":"","_kad_post_header":false,"_kad_post_footer":false,"footnotes":""},"product-type":[58],"class_list":["post-5762","product","type-product","status-publish","has-post-thumbnail","hentry","product-type-calzado"],"acf":[],"taxonomy_info":{"product-type":[{"value":58,"label":"Calzado"}]},"featured_image_src_large":["https:\/\/www.adclofent.com\/wp-content\/uploads\/2023\/05\/6.3.-CINTA-ELASTICA-700x1024.jpg",700,1024,true],"author_info":[],"comment_info":"","_links":{"self":[{"href":"https:\/\/www.adclofent.com\/es\/wp-json\/wp\/v2\/product\/5762","targetHints":{"allow":["GET"]}}],"collection":[{"href":"https:\/\/www.adclofent.com\/es\/wp-json\/wp\/v2\/product"}],"about":[{"href":"https:\/\/www.adclofent.com\/es\/wp-json\/wp\/v2\/types\/product"}],"version-history":[{"count":1,"href":"https:\/\/www.adclofent.com\/es\/wp-json\/wp\/v2\/product\/5762\/revisions"}],"predecessor-version":[{"id":5763,"href":"https:\/\/www.adclofent.com\/es\/wp-json\/wp\/v2\/product\/5762\/revisions\/5763"}],"up":[{"embeddable":true,"href":"https:\/\/www.adclofent.com\/es\/wp-json\/wp\/v2\/product\/5757"}],"wp:featuredmedia":[{"embeddable":true,"href":"https:\/\/www.adclofent.com\/es\/wp-json\/wp\/v2\/media\/5128"}],"wp:attachment":[{"href":"https:\/\/www.adclofent.com\/es\/wp-json\/wp\/v2\/media?parent=5762"}],"wp:term":[{"taxonomy":"product-type","embeddable":true,"href":"https:\/\/www.adclofent.com\/es\/wp-json\/wp\/v2\/product-type?post=5762"}],"curies":[{"name":"wp","href":"https:\/\/api.w.org\/{rel}","templated":true}]}}