{"id":5757,"date":"2023-06-29T12:09:25","date_gmt":"2023-06-29T10:09:25","guid":{"rendered":"https:\/\/acf.mmkt.dev\/?post_type=product&#038;p=5757"},"modified":"2024-03-28T09:19:43","modified_gmt":"2024-03-28T08:19:43","slug":"calzado","status":"publish","type":"product","link":"https:\/\/www.adclofent.com\/es\/product\/calzado\/","title":{"rendered":"Calzado"},"content":{"rendered":"\n<p>Las cintas para zapatos se han convertido en una tendencia muy popular en la moda y sector del calzado. Estas cintas pueden ser <strong>r\u00edgidas o el\u00e1sticas<\/strong>, y cada una de ellas se puede utilizar de forma diferente. Encontrar\u00e1 cintas como podr\u00edan ser los <strong>cordones<\/strong>, u otras cintas el\u00e1sticas y r\u00edgidas que le ayudaran con el dise\u00f1o de los zapatos.<\/p>\n\n\n\n<p>Estas cintas tambi\u00e9n tienen ventajas para los usuarios, como la <strong>comodidad y flexibilidad<\/strong> que ofrecen. Las caracter\u00edsticas principales de las cintas que fabricamos por zapatos son:<\/p>\n\n\n\n<ul class=\"wp-block-list\">\n<li><strong>Durabilidad<\/strong>: Cintas hechas con materiales de alta calidad que proporcionan una gran resistencia al desgaste y evitan la deformaci\u00f3n del zapato, despu\u00e9s de un uso prolongado.<\/li>\n\n\n\n<li><strong>Comodidad<\/strong>: Alto nivel de comodidad, ya que las cintas se ajustan alrededor del pie de forma segura y ayudan a reducir la presi\u00f3n sobre los pies, haci\u00e9ndolas id\u00f3neas para aquellos usuarios con problemas de sensibilidad en los pies<\/li>\n\n\n\n<li><strong>Flexibilidad<\/strong>: Las cintas se pueden estirar f\u00e1cilmente y se pueden adaptar a pies de diferentes tama\u00f1os. Se ajustar\u00e1n autom\u00e1ticamente a sus pies.<\/li>\n\n\n\n<li><strong>Versatilidad<\/strong>: Hay muchos tipos de cintas y dise\u00f1os que le ayudar\u00e1n a crear un zapato \u00fanico y exclusivo, que cumpla con tus necesidades y gustos.<\/li>\n<\/ul>\n\n\n\n<p>Las cintas el\u00e1sticas para zapatos pueden combinarse con otros materiales como cuero, tela o malla para crear un dise\u00f1o m\u00e1s complejo y elegante.<\/p>\n","protected":false},"featured_media":5115,"parent":0,"menu_order":0,"template":"","meta":{"_kad_blocks_custom_css":"","_kad_blocks_head_custom_js":"","_kad_blocks_body_custom_js":"","_kad_blocks_footer_custom_js":"","_kad_post_transparent":"","_kad_post_title":"","_kad_post_layout":"","_kad_post_sidebar_id":"","_kad_post_content_style":"","_kad_post_vertical_padding":"","_kad_post_feature":"","_kad_post_feature_position":"","_kad_post_header":false,"_kad_post_footer":false,"footnotes":""},"product-type":[58],"class_list":["post-5757","product","type-product","status-publish","has-post-thumbnail","hentry","product-type-calzado"],"acf":[],"taxonomy_info":{"product-type":[{"value":58,"label":"Calzado"}]},"featured_image_src_large":["https:\/\/www.adclofent.com\/wp-content\/uploads\/2023\/05\/6.-CALCAT-768x1024.jpeg",768,1024,true],"author_info":[],"comment_info":"","_links":{"self":[{"href":"https:\/\/www.adclofent.com\/es\/wp-json\/wp\/v2\/product\/5757","targetHints":{"allow":["GET"]}}],"collection":[{"href":"https:\/\/www.adclofent.com\/es\/wp-json\/wp\/v2\/product"}],"about":[{"href":"https:\/\/www.adclofent.com\/es\/wp-json\/wp\/v2\/types\/product"}],"version-history":[{"count":1,"href":"https:\/\/www.adclofent.com\/es\/wp-json\/wp\/v2\/product\/5757\/revisions"}],"predecessor-version":[{"id":5760,"href":"https:\/\/www.adclofent.com\/es\/wp-json\/wp\/v2\/product\/5757\/revisions\/5760"}],"wp:featuredmedia":[{"embeddable":true,"href":"https:\/\/www.adclofent.com\/es\/wp-json\/wp\/v2\/media\/5115"}],"wp:attachment":[{"href":"https:\/\/www.adclofent.com\/es\/wp-json\/wp\/v2\/media?parent=5757"}],"wp:term":[{"taxonomy":"product-type","embeddable":true,"href":"https:\/\/www.adclofent.com\/es\/wp-json\/wp\/v2\/product-type?post=5757"}],"curies":[{"name":"wp","href":"https:\/\/api.w.org\/{rel}","templated":true}]}}