{"id":5751,"date":"2023-06-29T12:08:08","date_gmt":"2023-06-29T10:08:08","guid":{"rendered":"https:\/\/acf.mmkt.dev\/?post_type=product&#038;p=5751"},"modified":"2023-06-29T12:08:10","modified_gmt":"2023-06-29T10:08:10","slug":"tecnico-loop","status":"publish","type":"product","link":"https:\/\/www.adclofent.com\/es\/product\/tecnicos\/tecnico-loop\/","title":{"rendered":"T\u00e9cnico loop"},"content":{"rendered":"\n<p>Artesana de Clofent destaca en la fabricaci\u00f3n de<strong> tejidos t\u00e9cnicos tipo loop<\/strong> que pueden ser de 5mm a 600mm. Pueden ser utilizados para la confecci\u00f3n de distintos sectores, ya sea m\u00e9dico, ortop\u00e9dico, deportivo, veterinario, prevenci\u00f3n, etc.<\/p>\n\n\n\n<p>Estos tejidos se caracterizan por tener una<strong> estructura rizo, dise\u00f1ada para poder ir en contacto directo con cintas tipo Velcro<\/strong>\u00ae sin da\u00f1arse. Se trata de tejidos el\u00e1sticos, de alta compresi\u00f3n, y transpirables o compactos cuya composici\u00f3n minimiza el riesgo de alergias.<\/p>\n\n\n\n<p>Una de las caracter\u00edsticas que m\u00e1s lo diferencia son sus dos caras totalmente distintas:<\/p>\n\n\n\n<ul class=\"wp-block-list\">\n<li>Un <strong>lado muy suave y confortable<\/strong> destinado a estar en contacto con la piel<\/li>\n\n\n\n<li>El otro lado con una <strong>estructura rizo<\/strong> que garantiza una <strong>buena coacci\u00f3n<\/strong> a la hora de unirlo <strong>con las cintas tipo Velcro<\/strong>\u00ae<\/li>\n<\/ul>\n","protected":false},"featured_media":5101,"parent":5720,"menu_order":0,"template":"","meta":{"_kad_blocks_custom_css":"","_kad_blocks_head_custom_js":"","_kad_blocks_body_custom_js":"","_kad_blocks_footer_custom_js":"","_kad_post_transparent":"","_kad_post_title":"","_kad_post_layout":"","_kad_post_sidebar_id":"","_kad_post_content_style":"","_kad_post_vertical_padding":"","_kad_post_feature":"","_kad_post_feature_position":"","_kad_post_header":false,"_kad_post_footer":false,"footnotes":""},"product-type":[62],"class_list":["post-5751","product","type-product","status-publish","has-post-thumbnail","hentry","product-type-tecnico"],"acf":[],"taxonomy_info":{"product-type":[{"value":62,"label":"T\u00e9cnico"}]},"featured_image_src_large":["https:\/\/www.adclofent.com\/wp-content\/uploads\/2023\/05\/5.7.-LOOP-1-1024x806.jpg",1024,806,true],"author_info":[],"comment_info":"","_links":{"self":[{"href":"https:\/\/www.adclofent.com\/es\/wp-json\/wp\/v2\/product\/5751","targetHints":{"allow":["GET"]}}],"collection":[{"href":"https:\/\/www.adclofent.com\/es\/wp-json\/wp\/v2\/product"}],"about":[{"href":"https:\/\/www.adclofent.com\/es\/wp-json\/wp\/v2\/types\/product"}],"version-history":[{"count":1,"href":"https:\/\/www.adclofent.com\/es\/wp-json\/wp\/v2\/product\/5751\/revisions"}],"predecessor-version":[{"id":5753,"href":"https:\/\/www.adclofent.com\/es\/wp-json\/wp\/v2\/product\/5751\/revisions\/5753"}],"up":[{"embeddable":true,"href":"https:\/\/www.adclofent.com\/es\/wp-json\/wp\/v2\/product\/5720"}],"wp:featuredmedia":[{"embeddable":true,"href":"https:\/\/www.adclofent.com\/es\/wp-json\/wp\/v2\/media\/5101"}],"wp:attachment":[{"href":"https:\/\/www.adclofent.com\/es\/wp-json\/wp\/v2\/media?parent=5751"}],"wp:term":[{"taxonomy":"product-type","embeddable":true,"href":"https:\/\/www.adclofent.com\/es\/wp-json\/wp\/v2\/product-type?post=5751"}],"curies":[{"name":"wp","href":"https:\/\/api.w.org\/{rel}","templated":true}]}}