{"id":5743,"date":"2023-06-29T12:05:43","date_gmt":"2023-06-29T10:05:43","guid":{"rendered":"https:\/\/acf.mmkt.dev\/?post_type=product&#038;p=5743"},"modified":"2023-06-29T12:05:44","modified_gmt":"2023-06-29T10:05:44","slug":"microencapsulados","status":"publish","type":"product","link":"https:\/\/www.adclofent.com\/es\/product\/tecnicos\/microencapsulados\/","title":{"rendered":"Microencapsulados"},"content":{"rendered":"\n<p>Artesana de Clofent trabaja constantemente el desarrollo de nuevos<\/p>\n\n\n\n<p>productos, por eso tambi\u00e9n aplicamos <strong>microencapsulados<\/strong> a los tejidos en funci\u00f3n de las necesidades de los clientes, para crear tejidos <strong>microencapsulados<\/strong> \u00fanicos y especiales, que se diferencien del resto.<\/p>\n\n\n\n<p>Esta tecnolog\u00eda consiste en la ampliaci\u00f3n de una propiedad mediante una <strong>microc\u00e1psula que contiene un principio activo dentro,<\/strong> que se desprende progresivamente.<\/p>\n\n\n\n<p>Este activo se activa y <strong>se libera de forma gradual con el movimiento, la fricci\u00f3n, la temperatura o la humedad<\/strong>. Existen muchos tipos de microencapsulados como, por ejemplo: Repelentes, antibacterianos, fragancias, reafirmantes, agentes hidratantes, etc.<\/p>\n","protected":false},"featured_media":5077,"parent":5720,"menu_order":0,"template":"","meta":{"_kad_blocks_custom_css":"","_kad_blocks_head_custom_js":"","_kad_blocks_body_custom_js":"","_kad_blocks_footer_custom_js":"","_kad_post_transparent":"","_kad_post_title":"","_kad_post_layout":"","_kad_post_sidebar_id":"","_kad_post_content_style":"","_kad_post_vertical_padding":"","_kad_post_feature":"","_kad_post_feature_position":"","_kad_post_header":false,"_kad_post_footer":false,"footnotes":""},"product-type":[62],"class_list":["post-5743","product","type-product","status-publish","has-post-thumbnail","hentry","product-type-tecnico"],"acf":[],"taxonomy_info":{"product-type":[{"value":62,"label":"T\u00e9cnico"}]},"featured_image_src_large":["https:\/\/www.adclofent.com\/wp-content\/uploads\/2023\/05\/5.5.-MICRO-ENCAPSULAT-1-768x1024.jpeg",768,1024,true],"author_info":[],"comment_info":"","_links":{"self":[{"href":"https:\/\/www.adclofent.com\/es\/wp-json\/wp\/v2\/product\/5743","targetHints":{"allow":["GET"]}}],"collection":[{"href":"https:\/\/www.adclofent.com\/es\/wp-json\/wp\/v2\/product"}],"about":[{"href":"https:\/\/www.adclofent.com\/es\/wp-json\/wp\/v2\/types\/product"}],"version-history":[{"count":1,"href":"https:\/\/www.adclofent.com\/es\/wp-json\/wp\/v2\/product\/5743\/revisions"}],"predecessor-version":[{"id":5745,"href":"https:\/\/www.adclofent.com\/es\/wp-json\/wp\/v2\/product\/5743\/revisions\/5745"}],"up":[{"embeddable":true,"href":"https:\/\/www.adclofent.com\/es\/wp-json\/wp\/v2\/product\/5720"}],"wp:featuredmedia":[{"embeddable":true,"href":"https:\/\/www.adclofent.com\/es\/wp-json\/wp\/v2\/media\/5077"}],"wp:attachment":[{"href":"https:\/\/www.adclofent.com\/es\/wp-json\/wp\/v2\/media?parent=5743"}],"wp:term":[{"taxonomy":"product-type","embeddable":true,"href":"https:\/\/www.adclofent.com\/es\/wp-json\/wp\/v2\/product-type?post=5743"}],"curies":[{"name":"wp","href":"https:\/\/api.w.org\/{rel}","templated":true}]}}