{"id":5738,"date":"2023-06-29T12:04:23","date_gmt":"2023-06-29T10:04:23","guid":{"rendered":"https:\/\/acf.mmkt.dev\/?post_type=product&#038;p=5738"},"modified":"2024-05-23T11:29:03","modified_gmt":"2024-05-23T09:29:03","slug":"termorreguladores","status":"publish","type":"product","link":"https:\/\/www.adclofent.com\/es\/product\/tecnicos\/termorreguladores\/","title":{"rendered":"Termorreguladores"},"content":{"rendered":"\n<p>Artesana de Clofent trabaja constantemente en la mejora de sus productos. Por eso, a medida que el mundo evoluciona y surgen nuevas tecnolog\u00edas, AdC las aplica para adaptarse a las nuevas necesidades que nacen en nuestro entorno.<\/p>\n\n\n\n<p>Gracias a su composici\u00f3n de hilos t\u00e9cnicos, los <strong>tejidos termorreguladores<\/strong> son <strong>resistentes al vapor de agua<\/strong>, ya que transportan la humedad al exterior mucho m\u00e1s r\u00e1pido que cualquier fibra sint\u00e9tica y natural. Con este tipo de hilo conseguimos un tejido que <strong>presenta una gran resistencia t\u00e9rmica<\/strong>, la cual permite expulsar el calor corporal y absorber el aire exterior en condiciones de alto rendimiento f\u00edsico o calor.<\/p>\n\n\n\n<p>Estos tejidos se utilizan en algunos sectores, pero sobre todo son muy \u00fatiles y buscados en el sector deportivo, puesto que <strong>son tejidos capaces de transpirar y mantener un equilibrio entre el calor <\/strong>que genera nuestro cuerpo<strong> y<\/strong> <strong>el aire <\/strong>que nos rodea,<strong> al igual que en situaciones contrarias, como de fr\u00edo y humedad<\/strong>.<\/p>\n","protected":false},"featured_media":5071,"parent":5720,"menu_order":0,"template":"","meta":{"_kad_blocks_custom_css":"","_kad_blocks_head_custom_js":"","_kad_blocks_body_custom_js":"","_kad_blocks_footer_custom_js":"","_kad_post_transparent":"","_kad_post_title":"","_kad_post_layout":"","_kad_post_sidebar_id":"","_kad_post_content_style":"","_kad_post_vertical_padding":"","_kad_post_feature":"","_kad_post_feature_position":"","_kad_post_header":false,"_kad_post_footer":false,"footnotes":""},"product-type":[62],"class_list":["post-5738","product","type-product","status-publish","has-post-thumbnail","hentry","product-type-tecnico"],"acf":[],"taxonomy_info":{"product-type":[{"value":62,"label":"T\u00e9cnico"}]},"featured_image_src_large":["https:\/\/www.adclofent.com\/wp-content\/uploads\/2023\/05\/5.4.-TERMOREGULADORS-768x1024.jpg",768,1024,true],"author_info":[],"comment_info":"","_links":{"self":[{"href":"https:\/\/www.adclofent.com\/es\/wp-json\/wp\/v2\/product\/5738","targetHints":{"allow":["GET"]}}],"collection":[{"href":"https:\/\/www.adclofent.com\/es\/wp-json\/wp\/v2\/product"}],"about":[{"href":"https:\/\/www.adclofent.com\/es\/wp-json\/wp\/v2\/types\/product"}],"version-history":[{"count":1,"href":"https:\/\/www.adclofent.com\/es\/wp-json\/wp\/v2\/product\/5738\/revisions"}],"predecessor-version":[{"id":5739,"href":"https:\/\/www.adclofent.com\/es\/wp-json\/wp\/v2\/product\/5738\/revisions\/5739"}],"up":[{"embeddable":true,"href":"https:\/\/www.adclofent.com\/es\/wp-json\/wp\/v2\/product\/5720"}],"wp:featuredmedia":[{"embeddable":true,"href":"https:\/\/www.adclofent.com\/es\/wp-json\/wp\/v2\/media\/5071"}],"wp:attachment":[{"href":"https:\/\/www.adclofent.com\/es\/wp-json\/wp\/v2\/media?parent=5738"}],"wp:term":[{"taxonomy":"product-type","embeddable":true,"href":"https:\/\/www.adclofent.com\/es\/wp-json\/wp\/v2\/product-type?post=5738"}],"curies":[{"name":"wp","href":"https:\/\/api.w.org\/{rel}","templated":true}]}}