{"id":5733,"date":"2023-06-29T12:02:56","date_gmt":"2023-06-29T10:02:56","guid":{"rendered":"https:\/\/acf.mmkt.dev\/?post_type=product&#038;p=5733"},"modified":"2024-05-23T10:28:03","modified_gmt":"2024-05-23T08:28:03","slug":"conductores","status":"publish","type":"product","link":"https:\/\/www.adclofent.com\/es\/product\/tecnicos\/conductores\/","title":{"rendered":"Conductores"},"content":{"rendered":"\n<p>Un tejido conductor es un tejido t\u00e9cnico que <strong>posee propiedades conductoras de electricidad o calor<\/strong>.<\/p>\n\n\n\n<p><strong>Sirve principalmente para conectar componentes electr\u00f3nicos que permiten la transmisi\u00f3n de energ\u00eda y electricidad en los dispositivos<\/strong>. Se fabrican con una serie de materiales no conductores que le proporcionan resistencia y flexibilidad, y otros como el grafito, que s\u00ed son conductores. Al ser resistentes y flexibles, proporcionan una <strong>mayor libertad del movimiento y durabilidad <\/strong>en comparaci\u00f3n con otros materiales m\u00e1s usuales.<\/p>\n\n\n\n<p><strong>Estos tejidos pueden ser usados para protegerse de descargas el\u00e9ctricas<\/strong> durante el proceso de manipulaci\u00f3n, por tanto, puede ser utilizado en aplicaciones como la fabricaci\u00f3n de guantes conductores, ropa de protecci\u00f3n contra descargas el\u00e9ctricas, pantallas t\u00e1ctiles, cables flexibles, entre otros. Tambi\u00e9n pueden ser utilizados en la fabricaci\u00f3n de dispositivos no convencionales, como relojes o pulseras inteligentes.<\/p>\n","protected":false},"featured_media":5041,"parent":5720,"menu_order":0,"template":"","meta":{"_kad_blocks_custom_css":"","_kad_blocks_head_custom_js":"","_kad_blocks_body_custom_js":"","_kad_blocks_footer_custom_js":"","_kad_post_transparent":"","_kad_post_title":"","_kad_post_layout":"","_kad_post_sidebar_id":"","_kad_post_content_style":"","_kad_post_vertical_padding":"","_kad_post_feature":"","_kad_post_feature_position":"","_kad_post_header":false,"_kad_post_footer":false,"footnotes":""},"product-type":[62],"class_list":["post-5733","product","type-product","status-publish","has-post-thumbnail","hentry","product-type-tecnico"],"acf":[],"taxonomy_info":{"product-type":[{"value":62,"label":"T\u00e9cnico"}]},"featured_image_src_large":["https:\/\/www.adclofent.com\/wp-content\/uploads\/2023\/05\/5.-TEIXITS-TECNICS-768x1024.jpeg",768,1024,true],"author_info":[],"comment_info":"","_links":{"self":[{"href":"https:\/\/www.adclofent.com\/es\/wp-json\/wp\/v2\/product\/5733","targetHints":{"allow":["GET"]}}],"collection":[{"href":"https:\/\/www.adclofent.com\/es\/wp-json\/wp\/v2\/product"}],"about":[{"href":"https:\/\/www.adclofent.com\/es\/wp-json\/wp\/v2\/types\/product"}],"version-history":[{"count":1,"href":"https:\/\/www.adclofent.com\/es\/wp-json\/wp\/v2\/product\/5733\/revisions"}],"predecessor-version":[{"id":5734,"href":"https:\/\/www.adclofent.com\/es\/wp-json\/wp\/v2\/product\/5733\/revisions\/5734"}],"up":[{"embeddable":true,"href":"https:\/\/www.adclofent.com\/es\/wp-json\/wp\/v2\/product\/5720"}],"wp:featuredmedia":[{"embeddable":true,"href":"https:\/\/www.adclofent.com\/es\/wp-json\/wp\/v2\/media\/5041"}],"wp:attachment":[{"href":"https:\/\/www.adclofent.com\/es\/wp-json\/wp\/v2\/media?parent=5733"}],"wp:term":[{"taxonomy":"product-type","embeddable":true,"href":"https:\/\/www.adclofent.com\/es\/wp-json\/wp\/v2\/product-type?post=5733"}],"curies":[{"name":"wp","href":"https:\/\/api.w.org\/{rel}","templated":true}]}}