{"id":5729,"date":"2023-06-29T12:01:49","date_gmt":"2023-06-29T10:01:49","guid":{"rendered":"https:\/\/acf.mmkt.dev\/?post_type=product&#038;p=5729"},"modified":"2023-06-29T12:01:50","modified_gmt":"2023-06-29T10:01:50","slug":"tejidos-ignifugos","status":"publish","type":"product","link":"https:\/\/www.adclofent.com\/es\/product\/tecnicos\/tejidos-ignifugos\/","title":{"rendered":"Tejidos ign\u00edfugos"},"content":{"rendered":"\n<p>Dentro de la categor\u00eda de nuestros tejidos t\u00e9cnicos encontramos los <strong>ign\u00edfugos<\/strong>. Estos tejidos t\u00e9cnicos ign\u00edfugos tienen como objetivo proteger y evitar la propagaci\u00f3n del fuego. Su caracter\u00edstica principal es la resistencia a las llamas, por lo que <strong>impide que el fuego se propague<\/strong>.<\/p>\n\n\n\n<p>Con este tipo de acabado lo que queremos desde Artesana de Clofent, es <strong>velar por la seguridad<\/strong> en trabajos o acciones <strong>donde existe un alto riesgo por fuego<\/strong>, la seguridad es una de nuestras prioridades.<\/p>\n\n\n\n<p>Sabemos que la protecci\u00f3n contra incendios es crucial en muchos entornos y situaciones, por eso ofrecemos <strong>productos de alta calidad<\/strong> dise\u00f1ados para proteger a las personas y los materiales en situaciones de alto riesgo.<\/p>\n\n\n\n<p>Esta propiedad t\u00e9cnica ignifuga, permanecer\u00e1 <strong>invariable con el paso del tiempo<\/strong>, lo que permitir\u00e1 que el tejido contin\u00fae reaccionando al fuego de la misma forma al cabo de los a\u00f1os.<\/p>\n\n\n\n<p>Gracias al estudio y desarrollo constante de nuestro departamento de I+D, proporcionaremos el tejido que mejor se adapte a las necesidades de nuestros clientes.<\/p>\n","protected":false},"featured_media":5062,"parent":5720,"menu_order":0,"template":"","meta":{"_kad_blocks_custom_css":"","_kad_blocks_head_custom_js":"","_kad_blocks_body_custom_js":"","_kad_blocks_footer_custom_js":"","_kad_post_transparent":"","_kad_post_title":"","_kad_post_layout":"","_kad_post_sidebar_id":"","_kad_post_content_style":"","_kad_post_vertical_padding":"","_kad_post_feature":"","_kad_post_feature_position":"","_kad_post_header":false,"_kad_post_footer":false,"footnotes":""},"product-type":[62],"class_list":["post-5729","product","type-product","status-publish","has-post-thumbnail","hentry","product-type-tecnico"],"acf":[],"taxonomy_info":{"product-type":[{"value":62,"label":"T\u00e9cnico"}]},"featured_image_src_large":["https:\/\/www.adclofent.com\/wp-content\/uploads\/2023\/05\/5.2.-IGNIFUGS-768x1024.jpeg",768,1024,true],"author_info":[],"comment_info":"","_links":{"self":[{"href":"https:\/\/www.adclofent.com\/es\/wp-json\/wp\/v2\/product\/5729","targetHints":{"allow":["GET"]}}],"collection":[{"href":"https:\/\/www.adclofent.com\/es\/wp-json\/wp\/v2\/product"}],"about":[{"href":"https:\/\/www.adclofent.com\/es\/wp-json\/wp\/v2\/types\/product"}],"version-history":[{"count":1,"href":"https:\/\/www.adclofent.com\/es\/wp-json\/wp\/v2\/product\/5729\/revisions"}],"predecessor-version":[{"id":5730,"href":"https:\/\/www.adclofent.com\/es\/wp-json\/wp\/v2\/product\/5729\/revisions\/5730"}],"up":[{"embeddable":true,"href":"https:\/\/www.adclofent.com\/es\/wp-json\/wp\/v2\/product\/5720"}],"wp:featuredmedia":[{"embeddable":true,"href":"https:\/\/www.adclofent.com\/es\/wp-json\/wp\/v2\/media\/5062"}],"wp:attachment":[{"href":"https:\/\/www.adclofent.com\/es\/wp-json\/wp\/v2\/media?parent=5729"}],"wp:term":[{"taxonomy":"product-type","embeddable":true,"href":"https:\/\/www.adclofent.com\/es\/wp-json\/wp\/v2\/product-type?post=5729"}],"curies":[{"name":"wp","href":"https:\/\/api.w.org\/{rel}","templated":true}]}}