{"id":5724,"date":"2023-06-29T12:01:03","date_gmt":"2023-06-29T10:01:03","guid":{"rendered":"https:\/\/acf.mmkt.dev\/?post_type=product&#038;p=5724"},"modified":"2024-05-23T11:07:59","modified_gmt":"2024-05-23T09:07:59","slug":"transpirables","status":"publish","type":"product","link":"https:\/\/www.adclofent.com\/es\/product\/tecnicos\/transpirables\/","title":{"rendered":"Transpirables"},"content":{"rendered":"\n<p>Nuestros tejidos transpirables pueden utilizarse en multitud de \u00e1reas, como la m\u00e9dica, la laboral, la ortopedia, la deportiva, entre otras.<\/p>\n\n\n\n<p>Su composici\u00f3n constituye un <strong>tejido compresivo y resistente a los microorganismos y la humedad<\/strong> que produce el sudor. Este tipo de art\u00edculo es <strong>ideal para la confecci\u00f3n<\/strong> de muchos productos, como, por ejemplo: <strong>fajas, bandas abdominales, mu\u00f1equeras, tobilleras, rodilleras<\/strong>, etc.<\/p>\n\n\n\n<p>Sin embargo, estos tejidos son usados principalmente para la confecci\u00f3n de bandas abdominales, a fin de reforzar los m\u00fasculos de la espalda, la zona lumbar y abdominal. Sus principales caracter\u00edsticas son<strong>: elasticidad y compresi\u00f3n id\u00f3neas, resistencia a la cinta adhesiva tipo Velcro\u00ae, termo soldable, termorregulador, tacto suave, confortable<\/strong>, entre otros.<\/p>\n\n\n\n<p>Dentro de esta categor\u00eda, podemos presentar <strong>diferentes estructuras de tejido transpirable<\/strong>, siempre adapt\u00e1ndonos a las necesidades de nuestros clientes y la funcionalidad que ellos quieran para su producto final.<\/p>\n\n\n\n<p>No dude en consultarnos sus cuestiones. Nuestro equipo le ofrecer\u00e1 la mejor opci\u00f3n para sus productos.<\/p>\n","protected":false},"featured_media":5048,"parent":5720,"menu_order":0,"template":"","meta":{"_kad_blocks_custom_css":"","_kad_blocks_head_custom_js":"","_kad_blocks_body_custom_js":"","_kad_blocks_footer_custom_js":"","_kad_post_transparent":"","_kad_post_title":"","_kad_post_layout":"","_kad_post_sidebar_id":"","_kad_post_content_style":"","_kad_post_vertical_padding":"","_kad_post_feature":"","_kad_post_feature_position":"","_kad_post_header":false,"_kad_post_footer":false,"footnotes":""},"product-type":[62],"class_list":["post-5724","product","type-product","status-publish","has-post-thumbnail","hentry","product-type-tecnico"],"acf":[],"taxonomy_info":{"product-type":[{"value":62,"label":"T\u00e9cnico"}]},"featured_image_src_large":["https:\/\/www.adclofent.com\/wp-content\/uploads\/2023\/05\/5.1.-TRANSPIRABLES-762x1024.jpg",762,1024,true],"author_info":[],"comment_info":"","_links":{"self":[{"href":"https:\/\/www.adclofent.com\/es\/wp-json\/wp\/v2\/product\/5724","targetHints":{"allow":["GET"]}}],"collection":[{"href":"https:\/\/www.adclofent.com\/es\/wp-json\/wp\/v2\/product"}],"about":[{"href":"https:\/\/www.adclofent.com\/es\/wp-json\/wp\/v2\/types\/product"}],"version-history":[{"count":1,"href":"https:\/\/www.adclofent.com\/es\/wp-json\/wp\/v2\/product\/5724\/revisions"}],"predecessor-version":[{"id":5727,"href":"https:\/\/www.adclofent.com\/es\/wp-json\/wp\/v2\/product\/5724\/revisions\/5727"}],"up":[{"embeddable":true,"href":"https:\/\/www.adclofent.com\/es\/wp-json\/wp\/v2\/product\/5720"}],"wp:featuredmedia":[{"embeddable":true,"href":"https:\/\/www.adclofent.com\/es\/wp-json\/wp\/v2\/media\/5048"}],"wp:attachment":[{"href":"https:\/\/www.adclofent.com\/es\/wp-json\/wp\/v2\/media?parent=5724"}],"wp:term":[{"taxonomy":"product-type","embeddable":true,"href":"https:\/\/www.adclofent.com\/es\/wp-json\/wp\/v2\/product-type?post=5724"}],"curies":[{"name":"wp","href":"https:\/\/api.w.org\/{rel}","templated":true}]}}