{"id":5720,"date":"2023-06-29T11:59:16","date_gmt":"2023-06-29T09:59:16","guid":{"rendered":"https:\/\/acf.mmkt.dev\/?post_type=product&#038;p=5720"},"modified":"2024-04-02T17:56:08","modified_gmt":"2024-04-02T15:56:08","slug":"tecnicos","status":"publish","type":"product","link":"https:\/\/www.adclofent.com\/es\/product\/tecnicos\/","title":{"rendered":"T\u00e9cnicos"},"content":{"rendered":"\n<p>Artesana de Clofent tiene como objetivo y prioridad <strong>innovar y mejorar constantemente en las aplicaciones y caracter\u00edsticas de los distintos tejidos <\/strong><strong>t\u00e9cnicos<\/strong>. Para lograr este constante desarrollo, damos una importancia vital a nuestro departamento de I+D y Calidad, con lo que podemos asegurar que siempre estaremos a la \u00faltima en t\u00e9rminos de tejidos t\u00e9cnicos.<\/p>\n\n\n\n<p><strong>En AdC encontrar\u00e1 tejidos t\u00e9cnicos para diferentes funcionalidades<\/strong>. En el caso de los tejidos t\u00e9cnicos su funcionalidad, tiene la misma o incluso mayor importancia que la est\u00e9tica, ya que su principal intenci\u00f3n es <strong>dar una soluci\u00f3n a una necesidad t\u00e9cnica espec\u00edfica.<\/strong><\/p>\n\n\n\n<p>Estos tejidos cuentan con propiedades innovadoras y efectivas como la <strong>transpirabilidad, conductividad, aislamiento t\u00e9rmico, microencapsulado, antibacteriano<\/strong>, entre otros. Proporcionando una calidad extra al producto final y d\u00e1ndole un valor a\u00f1adido.<\/p>\n\n\n\n<p>Estas propiedades funcionales espec\u00edficas hacen que estos tejidos se puedan utilizar para <strong>atender a diversas necesidades en diferentes \u00e1reas<\/strong>. Como en el sector m\u00e9dico, en el deportivo, en prevenci\u00f3n laboral, en la ortopedia animal, etc.<\/p>\n\n\n\n<p>Las principales caracter\u00edsticas de estos tejidos <strong>t\u00e9cnicos<\/strong> son:<\/p>\n\n\n\n<ul class=\"wp-block-list\">\n<li>Su funcionalidad.<\/li>\n\n\n\n<li>Las condiciones de aplicaci\u00f3n de su entorno son fundamentales.<\/li>\n\n\n\n<li>Su alta calidad.<\/li>\n\n\n\n<li>Se utilizan para sustituir materiales no textiles que tienen la propiedad que se le ha a\u00f1adido al tejido t\u00e9cnico.<\/li>\n<\/ul>\n","protected":false},"featured_media":5041,"parent":0,"menu_order":0,"template":"","meta":{"_kad_blocks_custom_css":"","_kad_blocks_head_custom_js":"","_kad_blocks_body_custom_js":"","_kad_blocks_footer_custom_js":"","_kad_post_transparent":"","_kad_post_title":"","_kad_post_layout":"","_kad_post_sidebar_id":"","_kad_post_content_style":"","_kad_post_vertical_padding":"","_kad_post_feature":"","_kad_post_feature_position":"","_kad_post_header":false,"_kad_post_footer":false,"footnotes":""},"product-type":[62],"class_list":["post-5720","product","type-product","status-publish","has-post-thumbnail","hentry","product-type-tecnico"],"acf":[],"taxonomy_info":{"product-type":[{"value":62,"label":"T\u00e9cnico"}]},"featured_image_src_large":["https:\/\/www.adclofent.com\/wp-content\/uploads\/2023\/05\/5.-TEIXITS-TECNICS-768x1024.jpeg",768,1024,true],"author_info":[],"comment_info":"","_links":{"self":[{"href":"https:\/\/www.adclofent.com\/es\/wp-json\/wp\/v2\/product\/5720","targetHints":{"allow":["GET"]}}],"collection":[{"href":"https:\/\/www.adclofent.com\/es\/wp-json\/wp\/v2\/product"}],"about":[{"href":"https:\/\/www.adclofent.com\/es\/wp-json\/wp\/v2\/types\/product"}],"version-history":[{"count":1,"href":"https:\/\/www.adclofent.com\/es\/wp-json\/wp\/v2\/product\/5720\/revisions"}],"predecessor-version":[{"id":5722,"href":"https:\/\/www.adclofent.com\/es\/wp-json\/wp\/v2\/product\/5720\/revisions\/5722"}],"wp:featuredmedia":[{"embeddable":true,"href":"https:\/\/www.adclofent.com\/es\/wp-json\/wp\/v2\/media\/5041"}],"wp:attachment":[{"href":"https:\/\/www.adclofent.com\/es\/wp-json\/wp\/v2\/media?parent=5720"}],"wp:term":[{"taxonomy":"product-type","embeddable":true,"href":"https:\/\/www.adclofent.com\/es\/wp-json\/wp\/v2\/product-type?post=5720"}],"curies":[{"name":"wp","href":"https:\/\/api.w.org\/{rel}","templated":true}]}}