{"id":5712,"date":"2023-06-29T11:52:57","date_gmt":"2023-06-29T09:52:57","guid":{"rendered":"https:\/\/acf.mmkt.dev\/?post_type=product&#038;p=5712"},"modified":"2023-06-29T11:52:58","modified_gmt":"2023-06-29T09:52:58","slug":"ortopedia-animal","status":"publish","type":"product","link":"https:\/\/www.adclofent.com\/es\/product\/veterinario\/ortopedia-animal\/","title":{"rendered":"Ortopedia animal"},"content":{"rendered":"\n<p>Al igual que los seres humanos, <strong>los animales tambi\u00e9n presentan patolog\u00edas, lesiones y enfermedades en los huesos y m\u00fasculos,<\/strong> que deben ser corregidas o tratadas.<\/p>\n\n\n\n<p>Estas deformaciones o malas posturas que afectan al cuerpo de los animales pueden ser tratadas mediante aparatos ortop\u00e9dicos especiales y adaptados a sus necesidades.<\/p>\n\n\n\n<p>Artesana de Clofent ha desarrollado diferentes <strong>tejidos <\/strong><strong>ortop\u00e9dicos para animales<\/strong><strong> transpirables, el\u00e1sticos, compactos, compresivos, de adherencia al Velcro<\/strong>\u00ae, entre otros, que pueden ser utilizados para la confecci\u00f3n de estos dispositivos.<\/p>\n\n\n\n<p>Gracias a la alta calidad de nuestros tejidos y de las materias primas utilizadas, los productos que desarrolla por la ortopedia animal gozar\u00e1n de una alta transpirabilidad, compresi\u00f3n y comodidad.<\/p>\n","protected":false},"featured_media":5997,"parent":5707,"menu_order":0,"template":"","meta":{"_kad_blocks_custom_css":"","_kad_blocks_head_custom_js":"","_kad_blocks_body_custom_js":"","_kad_blocks_footer_custom_js":"","_kad_post_transparent":"","_kad_post_title":"","_kad_post_layout":"","_kad_post_sidebar_id":"","_kad_post_content_style":"","_kad_post_vertical_padding":"","_kad_post_feature":"","_kad_post_feature_position":"","_kad_post_header":false,"_kad_post_footer":false,"footnotes":""},"product-type":[64],"class_list":["post-5712","product","type-product","status-publish","has-post-thumbnail","hentry","product-type-veterinario"],"acf":[],"taxonomy_info":{"product-type":[{"value":64,"label":"Veterinario"}]},"featured_image_src_large":["https:\/\/www.adclofent.com\/wp-content\/uploads\/2023\/05\/4.1.-ORTOPEDIA-ANIMAL-768x1024.jpg",768,1024,true],"author_info":[],"comment_info":"","_links":{"self":[{"href":"https:\/\/www.adclofent.com\/es\/wp-json\/wp\/v2\/product\/5712","targetHints":{"allow":["GET"]}}],"collection":[{"href":"https:\/\/www.adclofent.com\/es\/wp-json\/wp\/v2\/product"}],"about":[{"href":"https:\/\/www.adclofent.com\/es\/wp-json\/wp\/v2\/types\/product"}],"version-history":[{"count":1,"href":"https:\/\/www.adclofent.com\/es\/wp-json\/wp\/v2\/product\/5712\/revisions"}],"predecessor-version":[{"id":5713,"href":"https:\/\/www.adclofent.com\/es\/wp-json\/wp\/v2\/product\/5712\/revisions\/5713"}],"up":[{"embeddable":true,"href":"https:\/\/www.adclofent.com\/es\/wp-json\/wp\/v2\/product\/5707"}],"wp:featuredmedia":[{"embeddable":true,"href":"https:\/\/www.adclofent.com\/es\/wp-json\/wp\/v2\/media\/5997"}],"wp:attachment":[{"href":"https:\/\/www.adclofent.com\/es\/wp-json\/wp\/v2\/media?parent=5712"}],"wp:term":[{"taxonomy":"product-type","embeddable":true,"href":"https:\/\/www.adclofent.com\/es\/wp-json\/wp\/v2\/product-type?post=5712"}],"curies":[{"name":"wp","href":"https:\/\/api.w.org\/{rel}","templated":true}]}}