{"id":5707,"date":"2023-06-29T11:51:47","date_gmt":"2023-06-29T09:51:47","guid":{"rendered":"https:\/\/acf.mmkt.dev\/?post_type=product&#038;p=5707"},"modified":"2023-06-29T11:51:48","modified_gmt":"2023-06-29T09:51:48","slug":"veterinario","status":"publish","type":"product","link":"https:\/\/www.adclofent.com\/es\/product\/veterinario\/","title":{"rendered":"Veterinario"},"content":{"rendered":"\n<p>Desde Artesana de Clofent tambi\u00e9n<strong> desarrollamos y producimos tejidos enfocados a la<\/strong> <strong>ortopedia veterinaria<\/strong>, que tiene como objetivo tratar, corregir y evitar mediante aparatos y dispositivos ortop\u00e9dicos las <strong>deformidades o enfermedades del sistema m\u00fasculo-esquel\u00e9tico<\/strong> de los animales.<\/p>\n\n\n\n<p>Aparte de la ortopedia, <strong>tambi\u00e9n fabricamos cintas r\u00edgidas<\/strong>, caracterizadas por su resistencia, que pueden ser utilizadas para <strong>correas, arneses, o collares<\/strong>. Contamos con una amplia variedad de texturas y colores para crear productos personalizados y \u00fanicos.<\/p>\n\n\n\n<p>Nuestros art\u00edculos muestran una gran funcionalidad y comodidad, con el fin de evitar incomodidad a cualquier ser que lo use. Consideramos que la implementaci\u00f3n de nuestros productos en este sector puede suponer una mejora en la calidad de vida de los animales.<\/p>\n","protected":false},"featured_media":5016,"parent":0,"menu_order":0,"template":"","meta":{"_kad_blocks_custom_css":"","_kad_blocks_head_custom_js":"","_kad_blocks_body_custom_js":"","_kad_blocks_footer_custom_js":"","_kad_post_transparent":"","_kad_post_title":"","_kad_post_layout":"","_kad_post_sidebar_id":"","_kad_post_content_style":"","_kad_post_vertical_padding":"","_kad_post_feature":"","_kad_post_feature_position":"","_kad_post_header":false,"_kad_post_footer":false,"footnotes":""},"product-type":[64],"class_list":["post-5707","product","type-product","status-publish","has-post-thumbnail","hentry","product-type-veterinario"],"acf":[],"taxonomy_info":{"product-type":[{"value":64,"label":"Veterinario"}]},"featured_image_src_large":["https:\/\/www.adclofent.com\/wp-content\/uploads\/2023\/05\/4.-VETERINARI-768x1024.jpeg",768,1024,true],"author_info":[],"comment_info":"","_links":{"self":[{"href":"https:\/\/www.adclofent.com\/es\/wp-json\/wp\/v2\/product\/5707","targetHints":{"allow":["GET"]}}],"collection":[{"href":"https:\/\/www.adclofent.com\/es\/wp-json\/wp\/v2\/product"}],"about":[{"href":"https:\/\/www.adclofent.com\/es\/wp-json\/wp\/v2\/types\/product"}],"version-history":[{"count":1,"href":"https:\/\/www.adclofent.com\/es\/wp-json\/wp\/v2\/product\/5707\/revisions"}],"predecessor-version":[{"id":5710,"href":"https:\/\/www.adclofent.com\/es\/wp-json\/wp\/v2\/product\/5707\/revisions\/5710"}],"wp:featuredmedia":[{"embeddable":true,"href":"https:\/\/www.adclofent.com\/es\/wp-json\/wp\/v2\/media\/5016"}],"wp:attachment":[{"href":"https:\/\/www.adclofent.com\/es\/wp-json\/wp\/v2\/media?parent=5707"}],"wp:term":[{"taxonomy":"product-type","embeddable":true,"href":"https:\/\/www.adclofent.com\/es\/wp-json\/wp\/v2\/product-type?post=5707"}],"curies":[{"name":"wp","href":"https:\/\/api.w.org\/{rel}","templated":true}]}}