{"id":5696,"date":"2023-06-29T11:48:00","date_gmt":"2023-06-29T09:48:00","guid":{"rendered":"https:\/\/acf.mmkt.dev\/?post_type=product&#038;p=5696"},"modified":"2024-03-28T09:58:13","modified_gmt":"2024-03-28T08:58:13","slug":"tejidos-ignifugos","status":"publish","type":"product","link":"https:\/\/www.adclofent.com\/es\/product\/prevencion\/tejidos-ignifugos\/","title":{"rendered":"Tejidos ign\u00edfugos"},"content":{"rendered":"\n<p>Descubra nuestra selecci\u00f3n de <strong>tejidos ign\u00edfugos<\/strong>, resistentes al fuego.<\/p>\n\n\n\n<p>Para la secci\u00f3n de dise\u00f1o de tejidos destinados a los productos de prevenci\u00f3n laboral, <strong>la seguridad es nuestra prioridad<\/strong>.<\/p>\n\n\n\n<p>En este caso y para ciertos puestos de trabajo de riesgo, sabemos que la <strong>protecci\u00f3n contra incendios<\/strong> es crucial. Por eso ofrecemos productos de alta calidad con el fin de proteger a las personas y los materiales<strong> en situaciones de alto riesgo debido a la proximidad al fuego<\/strong>.<\/p>\n\n\n\n<p>Los tejidos ign\u00edfugos pueden ser utilizados en <strong>ropa de trabajo, cortinas, tapicer\u00eda, entre otros productos textile<\/strong>s.<\/p>\n\n\n\n<p>Consulte con nuestros ingenieros c\u00f3mo podemos ayudarle a crear los productos con mayores capacidades de protecci\u00f3n y prevenci\u00f3n laboral.<\/p>\n","protected":false},"featured_media":5004,"parent":5682,"menu_order":0,"template":"","meta":{"_kad_blocks_custom_css":"","_kad_blocks_head_custom_js":"","_kad_blocks_body_custom_js":"","_kad_blocks_footer_custom_js":"","_kad_post_transparent":"","_kad_post_title":"","_kad_post_layout":"","_kad_post_sidebar_id":"","_kad_post_content_style":"","_kad_post_vertical_padding":"","_kad_post_feature":"","_kad_post_feature_position":"","_kad_post_header":false,"_kad_post_footer":false,"footnotes":""},"product-type":[56],"class_list":["post-5696","product","type-product","status-publish","has-post-thumbnail","hentry","product-type-prevencion"],"acf":[],"taxonomy_info":{"product-type":[{"value":56,"label":"Prevenci\u00f3n"}]},"featured_image_src_large":["https:\/\/www.adclofent.com\/wp-content\/uploads\/2023\/05\/3.3.-INGNIFUGS-768x1024.jpeg",768,1024,true],"author_info":[],"comment_info":"","_links":{"self":[{"href":"https:\/\/www.adclofent.com\/es\/wp-json\/wp\/v2\/product\/5696","targetHints":{"allow":["GET"]}}],"collection":[{"href":"https:\/\/www.adclofent.com\/es\/wp-json\/wp\/v2\/product"}],"about":[{"href":"https:\/\/www.adclofent.com\/es\/wp-json\/wp\/v2\/types\/product"}],"version-history":[{"count":1,"href":"https:\/\/www.adclofent.com\/es\/wp-json\/wp\/v2\/product\/5696\/revisions"}],"predecessor-version":[{"id":5699,"href":"https:\/\/www.adclofent.com\/es\/wp-json\/wp\/v2\/product\/5696\/revisions\/5699"}],"up":[{"embeddable":true,"href":"https:\/\/www.adclofent.com\/es\/wp-json\/wp\/v2\/product\/5682"}],"wp:featuredmedia":[{"embeddable":true,"href":"https:\/\/www.adclofent.com\/es\/wp-json\/wp\/v2\/media\/5004"}],"wp:attachment":[{"href":"https:\/\/www.adclofent.com\/es\/wp-json\/wp\/v2\/media?parent=5696"}],"wp:term":[{"taxonomy":"product-type","embeddable":true,"href":"https:\/\/www.adclofent.com\/es\/wp-json\/wp\/v2\/product-type?post=5696"}],"curies":[{"name":"wp","href":"https:\/\/api.w.org\/{rel}","templated":true}]}}