{"id":5691,"date":"2023-06-29T11:46:33","date_gmt":"2023-06-29T09:46:33","guid":{"rendered":"https:\/\/acf.mmkt.dev\/?post_type=product&#038;p=5691"},"modified":"2023-06-29T11:46:35","modified_gmt":"2023-06-29T09:46:35","slug":"tejidos-reflectantes","status":"publish","type":"product","link":"https:\/\/www.adclofent.com\/es\/product\/prevencion\/tejidos-reflectantes\/","title":{"rendered":"Tejidos reflectantes"},"content":{"rendered":"\n<p>Brille en la oscuridad y est\u00e9 seguro con nuestra selecci\u00f3n de cintas reflectantes para cualquier proyecto o actividad.<\/p>\n\n\n\n<p>Los tejidos reflectantes de prevenci\u00f3n laboral son tejidos dise\u00f1ados para <strong>mejorar la visibilidad del trabajador en entornos de poca luz o de noche<\/strong>, permite ser visto a mayor distancia y as\u00ed evitar posibles accidentes.<\/p>\n\n\n\n<p>M\u00e1s all\u00e1 de poder adaptarnos al color que necesita para su producto de prevenci\u00f3n laboral, nuestro equipo de I+D trabajar\u00e1 de acuerdo con sus dise\u00f1adores para a\u00f1adir los tejidos reflectantes necesarios y <strong>mejorar las condiciones de seguridad<\/strong> de las personas que trabajan en puestos de riesgo.<\/p>\n","protected":false},"featured_media":4995,"parent":5682,"menu_order":0,"template":"","meta":{"_kad_blocks_custom_css":"","_kad_blocks_head_custom_js":"","_kad_blocks_body_custom_js":"","_kad_blocks_footer_custom_js":"","_kad_post_transparent":"","_kad_post_title":"","_kad_post_layout":"","_kad_post_sidebar_id":"","_kad_post_content_style":"","_kad_post_vertical_padding":"","_kad_post_feature":"","_kad_post_feature_position":"","_kad_post_header":false,"_kad_post_footer":false,"footnotes":""},"product-type":[56],"class_list":["post-5691","product","type-product","status-publish","has-post-thumbnail","hentry","product-type-prevencion"],"acf":[],"taxonomy_info":{"product-type":[{"value":56,"label":"Prevenci\u00f3n"}]},"featured_image_src_large":["https:\/\/www.adclofent.com\/wp-content\/uploads\/2023\/05\/3.2.-REFLECTANTS-768x1024.jpeg",768,1024,true],"author_info":[],"comment_info":"","_links":{"self":[{"href":"https:\/\/www.adclofent.com\/es\/wp-json\/wp\/v2\/product\/5691","targetHints":{"allow":["GET"]}}],"collection":[{"href":"https:\/\/www.adclofent.com\/es\/wp-json\/wp\/v2\/product"}],"about":[{"href":"https:\/\/www.adclofent.com\/es\/wp-json\/wp\/v2\/types\/product"}],"version-history":[{"count":1,"href":"https:\/\/www.adclofent.com\/es\/wp-json\/wp\/v2\/product\/5691\/revisions"}],"predecessor-version":[{"id":5692,"href":"https:\/\/www.adclofent.com\/es\/wp-json\/wp\/v2\/product\/5691\/revisions\/5692"}],"up":[{"embeddable":true,"href":"https:\/\/www.adclofent.com\/es\/wp-json\/wp\/v2\/product\/5682"}],"wp:featuredmedia":[{"embeddable":true,"href":"https:\/\/www.adclofent.com\/es\/wp-json\/wp\/v2\/media\/4995"}],"wp:attachment":[{"href":"https:\/\/www.adclofent.com\/es\/wp-json\/wp\/v2\/media?parent=5691"}],"wp:term":[{"taxonomy":"product-type","embeddable":true,"href":"https:\/\/www.adclofent.com\/es\/wp-json\/wp\/v2\/product-type?post=5691"}],"curies":[{"name":"wp","href":"https:\/\/api.w.org\/{rel}","templated":true}]}}