{"id":5686,"date":"2023-06-29T11:45:31","date_gmt":"2023-06-29T09:45:31","guid":{"rendered":"https:\/\/acf.mmkt.dev\/?post_type=product&#038;p=5686"},"modified":"2024-05-23T11:14:57","modified_gmt":"2024-05-23T09:14:57","slug":"fajas-laborales","status":"publish","type":"product","link":"https:\/\/www.adclofent.com\/es\/product\/prevencion\/fajas-laborales\/","title":{"rendered":"Fajas laborales"},"content":{"rendered":"\n<p>Nuestros tejidos el\u00e1sticos utilizados en <strong>fajas de prevenci\u00f3n laboral poseen una alta compresi\u00f3n y adaptabilidad<\/strong>.<\/p>\n\n\n\n<p>Las fajas laborales sirven principalmente para protegerse de <strong>lesiones de tipo lumbar y muscular<\/strong> en general, y mantener la espalda recta al realizar cualquier movimiento. Evita forzar los m\u00fasculos lumbares o abdominales en el momento de realizar cualquier esfuerzo.<\/p>\n\n\n\n<p>Todas estas aplicaciones y beneficios pueden garantizarse a la hora de usar nuestros tejidos como base de la faja gracias a su dise\u00f1o, estructura, compresi\u00f3n y propiedades.<\/p>\n\n\n\n<p><strong>Podremos adaptarnos seg\u00fan las necesidades y propuestas de dise\u00f1o, en cuanto a colores, anchuras o caracter\u00edsticas<\/strong>. Contacte con nosotros si desea m\u00e1s informaci\u00f3n.<\/p>\n\n\n\n<p>Adem\u00e1s, en AdC podr\u00e1 encontrar diferentes series en tejidos el\u00e1sticos transpirables y tejidos el\u00e1sticos compactos que mejor se adapten a su producto.<\/p>\n","protected":false},"featured_media":4989,"parent":5682,"menu_order":0,"template":"","meta":{"_kad_blocks_custom_css":"","_kad_blocks_head_custom_js":"","_kad_blocks_body_custom_js":"","_kad_blocks_footer_custom_js":"","_kad_post_transparent":"","_kad_post_title":"","_kad_post_layout":"","_kad_post_sidebar_id":"","_kad_post_content_style":"","_kad_post_vertical_padding":"","_kad_post_feature":"","_kad_post_feature_position":"","_kad_post_header":false,"_kad_post_footer":false,"footnotes":""},"product-type":[56],"class_list":["post-5686","product","type-product","status-publish","has-post-thumbnail","hentry","product-type-prevencion"],"acf":[],"taxonomy_info":{"product-type":[{"value":56,"label":"Prevenci\u00f3n"}]},"featured_image_src_large":["https:\/\/www.adclofent.com\/wp-content\/uploads\/2023\/05\/3.1.-FAIXES-LABORALS-768x1024.jpeg",768,1024,true],"author_info":[],"comment_info":"","_links":{"self":[{"href":"https:\/\/www.adclofent.com\/es\/wp-json\/wp\/v2\/product\/5686","targetHints":{"allow":["GET"]}}],"collection":[{"href":"https:\/\/www.adclofent.com\/es\/wp-json\/wp\/v2\/product"}],"about":[{"href":"https:\/\/www.adclofent.com\/es\/wp-json\/wp\/v2\/types\/product"}],"version-history":[{"count":1,"href":"https:\/\/www.adclofent.com\/es\/wp-json\/wp\/v2\/product\/5686\/revisions"}],"predecessor-version":[{"id":5687,"href":"https:\/\/www.adclofent.com\/es\/wp-json\/wp\/v2\/product\/5686\/revisions\/5687"}],"up":[{"embeddable":true,"href":"https:\/\/www.adclofent.com\/es\/wp-json\/wp\/v2\/product\/5682"}],"wp:featuredmedia":[{"embeddable":true,"href":"https:\/\/www.adclofent.com\/es\/wp-json\/wp\/v2\/media\/4989"}],"wp:attachment":[{"href":"https:\/\/www.adclofent.com\/es\/wp-json\/wp\/v2\/media?parent=5686"}],"wp:term":[{"taxonomy":"product-type","embeddable":true,"href":"https:\/\/www.adclofent.com\/es\/wp-json\/wp\/v2\/product-type?post=5686"}],"curies":[{"name":"wp","href":"https:\/\/api.w.org\/{rel}","templated":true}]}}