{"id":5678,"date":"2023-06-29T11:43:29","date_gmt":"2023-06-29T09:43:29","guid":{"rendered":"https:\/\/acf.mmkt.dev\/?post_type=product&#038;p=5678"},"modified":"2023-06-29T11:43:31","modified_gmt":"2023-06-29T09:43:31","slug":"mascaras-de-esqui-y-moto","status":"publish","type":"product","link":"https:\/\/www.adclofent.com\/es\/product\/deporte\/mascaras-de-esqui-y-moto\/","title":{"rendered":"Mascaras de esqu\u00ed y moto"},"content":{"rendered":"\n<p>Proteja la pasi\u00f3n por la velocidad con nuestras cintas para m\u00e1scaras de moto, esqu\u00ed, entre otros.<\/p>\n\n\n\n<p>Nuestras <strong>cintas dise\u00f1adas para complementar las m\u00e1scaras de deporte<\/strong>, ofrecen diversidad de colores, anchuras, estructuras y composiciones, adapt\u00e1ndonos siempre a lo que solicite su cliente y consumidor final.<\/p>\n\n\n\n<p>Usando <strong>la base de poli\u00e9ster<\/strong> tendr\u00e1 la posibilidad de serigrafiar, por lo tanto, es una <strong>cinta<\/strong> que puede ser <strong>personalizada<\/strong> a su gusto.<\/p>\n\n\n\n<p>Su composici\u00f3n <strong>minimiza el riesgo de alergias<\/strong> en contacto directo con la piel.<\/p>\n","protected":false},"featured_media":4971,"parent":5408,"menu_order":0,"template":"","meta":{"_kad_blocks_custom_css":"","_kad_blocks_head_custom_js":"","_kad_blocks_body_custom_js":"","_kad_blocks_footer_custom_js":"","_kad_post_transparent":"","_kad_post_title":"","_kad_post_layout":"","_kad_post_sidebar_id":"","_kad_post_content_style":"","_kad_post_vertical_padding":"","_kad_post_feature":"","_kad_post_feature_position":"","_kad_post_header":false,"_kad_post_footer":false,"footnotes":""},"product-type":[60],"class_list":["post-5678","product","type-product","status-publish","has-post-thumbnail","hentry","product-type-deporte"],"acf":[],"taxonomy_info":{"product-type":[{"value":60,"label":"Deporte"}]},"featured_image_src_large":["https:\/\/www.adclofent.com\/wp-content\/uploads\/2023\/05\/2.5.-MASCARES-DESQUI-I-MOTO-768x1024.jpeg",768,1024,true],"author_info":[],"comment_info":"","_links":{"self":[{"href":"https:\/\/www.adclofent.com\/es\/wp-json\/wp\/v2\/product\/5678","targetHints":{"allow":["GET"]}}],"collection":[{"href":"https:\/\/www.adclofent.com\/es\/wp-json\/wp\/v2\/product"}],"about":[{"href":"https:\/\/www.adclofent.com\/es\/wp-json\/wp\/v2\/types\/product"}],"version-history":[{"count":1,"href":"https:\/\/www.adclofent.com\/es\/wp-json\/wp\/v2\/product\/5678\/revisions"}],"predecessor-version":[{"id":5680,"href":"https:\/\/www.adclofent.com\/es\/wp-json\/wp\/v2\/product\/5678\/revisions\/5680"}],"up":[{"embeddable":true,"href":"https:\/\/www.adclofent.com\/es\/wp-json\/wp\/v2\/product\/5408"}],"wp:featuredmedia":[{"embeddable":true,"href":"https:\/\/www.adclofent.com\/es\/wp-json\/wp\/v2\/media\/4971"}],"wp:attachment":[{"href":"https:\/\/www.adclofent.com\/es\/wp-json\/wp\/v2\/media?parent=5678"}],"wp:term":[{"taxonomy":"product-type","embeddable":true,"href":"https:\/\/www.adclofent.com\/es\/wp-json\/wp\/v2\/product-type?post=5678"}],"curies":[{"name":"wp","href":"https:\/\/api.w.org\/{rel}","templated":true}]}}