{"id":5674,"date":"2023-06-29T11:33:13","date_gmt":"2023-06-29T09:33:13","guid":{"rendered":"https:\/\/acf.mmkt.dev\/?post_type=product&#038;p=5674"},"modified":"2024-04-16T12:15:07","modified_gmt":"2024-04-16T10:15:07","slug":"calzado","status":"publish","type":"product","link":"https:\/\/www.adclofent.com\/es\/product\/deporte\/calzado\/","title":{"rendered":"Calzado"},"content":{"rendered":"\n<p>Nuestras <strong>cintas compactas ideales para calzado<\/strong> presentan elasticidad, pero sin perder compresi\u00f3n. Tienen una <strong>alta resistencia que garantiza una larga durabilidad en el producto final<\/strong>.<\/p>\n\n\n\n<p>Consulte la <strong>diversidad<\/strong> de nuestras cintas el\u00e1sticas para calzado <strong>por colores o por anchura<\/strong>. Podemos ofrecer <strong>diferentes tipos de acabados y durezas<\/strong>.<\/p>\n\n\n\n<p>Dependiendo de lo que necesite para su producto, le ofrecemos <strong>tejidos<\/strong> con mayor o menor <strong>adherencia a las cintas Velcro\u00ae<\/strong>. As\u00ed como la elasticidad y compresi\u00f3n que busca para hacer su producto m\u00e1s adaptable al pie.<\/p>\n","protected":false},"featured_media":4963,"parent":5408,"menu_order":0,"template":"","meta":{"_kad_blocks_custom_css":"","_kad_blocks_head_custom_js":"","_kad_blocks_body_custom_js":"","_kad_blocks_footer_custom_js":"","_kad_post_transparent":"","_kad_post_title":"","_kad_post_layout":"","_kad_post_sidebar_id":"","_kad_post_content_style":"","_kad_post_vertical_padding":"","_kad_post_feature":"","_kad_post_feature_position":"","_kad_post_header":false,"_kad_post_footer":false,"footnotes":""},"product-type":[60],"class_list":["post-5674","product","type-product","status-publish","has-post-thumbnail","hentry","product-type-deporte"],"acf":[],"taxonomy_info":{"product-type":[{"value":60,"label":"Deporte"}]},"featured_image_src_large":["https:\/\/www.adclofent.com\/wp-content\/uploads\/2023\/05\/2.4.-CALCAT-768x1024.jpeg",768,1024,true],"author_info":[],"comment_info":"","_links":{"self":[{"href":"https:\/\/www.adclofent.com\/es\/wp-json\/wp\/v2\/product\/5674","targetHints":{"allow":["GET"]}}],"collection":[{"href":"https:\/\/www.adclofent.com\/es\/wp-json\/wp\/v2\/product"}],"about":[{"href":"https:\/\/www.adclofent.com\/es\/wp-json\/wp\/v2\/types\/product"}],"version-history":[{"count":1,"href":"https:\/\/www.adclofent.com\/es\/wp-json\/wp\/v2\/product\/5674\/revisions"}],"predecessor-version":[{"id":5675,"href":"https:\/\/www.adclofent.com\/es\/wp-json\/wp\/v2\/product\/5674\/revisions\/5675"}],"up":[{"embeddable":true,"href":"https:\/\/www.adclofent.com\/es\/wp-json\/wp\/v2\/product\/5408"}],"wp:featuredmedia":[{"embeddable":true,"href":"https:\/\/www.adclofent.com\/es\/wp-json\/wp\/v2\/media\/4963"}],"wp:attachment":[{"href":"https:\/\/www.adclofent.com\/es\/wp-json\/wp\/v2\/media?parent=5674"}],"wp:term":[{"taxonomy":"product-type","embeddable":true,"href":"https:\/\/www.adclofent.com\/es\/wp-json\/wp\/v2\/product-type?post=5674"}],"curies":[{"name":"wp","href":"https:\/\/api.w.org\/{rel}","templated":true}]}}