{"id":5665,"date":"2023-06-29T11:30:59","date_gmt":"2023-06-29T09:30:59","guid":{"rendered":"https:\/\/acf.mmkt.dev\/?post_type=product&#038;p=5665"},"modified":"2024-03-28T09:49:25","modified_gmt":"2024-03-28T08:49:25","slug":"prevencion","status":"publish","type":"product","link":"https:\/\/www.adclofent.com\/es\/product\/deporte\/prevencion\/","title":{"rendered":"Prevenci\u00f3n"},"content":{"rendered":"\n<p>Para todos aquellos deportes y actividades f\u00edsicas que requieren <strong>productos de prevenci\u00f3n<\/strong>, como por ejemplo: <strong>fajas, rodilleras, mu\u00f1equeras<\/strong>, entre otros, Artesana de Clofent tiene dentro de su portfolio los <strong>tejidos t\u00e9cnicos de prevenci\u00f3n<\/strong> ideales.<\/p>\n\n\n\n<p><strong>Tejidos de alta calidad y compresi\u00f3n<\/strong> que, gracias a su alta <strong>adaptabilidad<\/strong>, se ajustar\u00e1n a las necesidades del cuerpo y del producto.<\/p>\n\n\n\n<p>Los riesgos de alergia est\u00e1n minimizados gracias a la materia prima utilizada, adem\u00e1s de proporcionar caracter\u00edsticas y propiedades a los tejidos como<strong> termorregulaci\u00f3n, alta transpirabilidad y sujeci\u00f3n id\u00f3nea.<\/strong><\/p>\n\n\n\n<p>Las estructuras dise\u00f1adas tambi\u00e9n dan la oportunidad de adaptarse a cada persona, con lo que podr\u00e1 hacer su producto m\u00e1s polivalente.<\/p>\n","protected":false},"featured_media":4949,"parent":5408,"menu_order":0,"template":"","meta":{"_kad_blocks_custom_css":"","_kad_blocks_head_custom_js":"","_kad_blocks_body_custom_js":"","_kad_blocks_footer_custom_js":"","_kad_post_transparent":"","_kad_post_title":"","_kad_post_layout":"","_kad_post_sidebar_id":"","_kad_post_content_style":"","_kad_post_vertical_padding":"","_kad_post_feature":"","_kad_post_feature_position":"","_kad_post_header":false,"_kad_post_footer":false,"footnotes":""},"product-type":[60],"class_list":["post-5665","product","type-product","status-publish","has-post-thumbnail","hentry","product-type-deporte"],"acf":[],"taxonomy_info":{"product-type":[{"value":60,"label":"Deporte"}]},"featured_image_src_large":["https:\/\/www.adclofent.com\/wp-content\/uploads\/2023\/05\/2.2.-PREVENCIO-1024x880.jpg",1024,880,true],"author_info":[],"comment_info":"","_links":{"self":[{"href":"https:\/\/www.adclofent.com\/es\/wp-json\/wp\/v2\/product\/5665","targetHints":{"allow":["GET"]}}],"collection":[{"href":"https:\/\/www.adclofent.com\/es\/wp-json\/wp\/v2\/product"}],"about":[{"href":"https:\/\/www.adclofent.com\/es\/wp-json\/wp\/v2\/types\/product"}],"version-history":[{"count":1,"href":"https:\/\/www.adclofent.com\/es\/wp-json\/wp\/v2\/product\/5665\/revisions"}],"predecessor-version":[{"id":5667,"href":"https:\/\/www.adclofent.com\/es\/wp-json\/wp\/v2\/product\/5665\/revisions\/5667"}],"up":[{"embeddable":true,"href":"https:\/\/www.adclofent.com\/es\/wp-json\/wp\/v2\/product\/5408"}],"wp:featuredmedia":[{"embeddable":true,"href":"https:\/\/www.adclofent.com\/es\/wp-json\/wp\/v2\/media\/4949"}],"wp:attachment":[{"href":"https:\/\/www.adclofent.com\/es\/wp-json\/wp\/v2\/media?parent=5665"}],"wp:term":[{"taxonomy":"product-type","embeddable":true,"href":"https:\/\/www.adclofent.com\/es\/wp-json\/wp\/v2\/product-type?post=5665"}],"curies":[{"name":"wp","href":"https:\/\/api.w.org\/{rel}","templated":true}]}}