{"id":5660,"date":"2023-06-29T11:28:45","date_gmt":"2023-06-29T09:28:45","guid":{"rendered":"https:\/\/acf.mmkt.dev\/?post_type=product&#038;p=5660"},"modified":"2023-06-29T11:28:47","modified_gmt":"2023-06-29T09:28:47","slug":"tejido-para-lesiones","status":"publish","type":"product","link":"https:\/\/www.adclofent.com\/es\/product\/deporte\/tejido-para-lesiones\/","title":{"rendered":"Tejido para lesiones"},"content":{"rendered":"\n<p>Artesana de Clofent tiene una gama de <strong>tejidos <\/strong><strong>t\u00e9cnicos para lesiones<\/strong><strong> <\/strong><strong>dise\u00f1ados y fabricados para hacer de su producto<\/strong>, su mu\u00f1equera, codera o rodillera, <strong>el mejor del mercado<\/strong>.<\/p>\n\n\n\n<p>Nuestro material de alta calidad permitir\u00e1 que el usuario final pueda seguir practicando deporte a la vez que su lesi\u00f3n se va recuperando.<\/p>\n\n\n\n<p>El uso de los <strong>tejidos de AdC har\u00e1 que sus productos se adapten perfectamente al cuerpo<\/strong> del deportista con el fin de reducir la tensi\u00f3n y el dolor.<\/p>\n\n\n\n<p>Las cintas tipo \u00abloops\u00bb el\u00e1sticos permitir\u00e1n una mayor adaptabilidad de su producto gracias a su estructura de rizo dise\u00f1ada por la <strong>adherencia con las cintas tipo Velcro\u00ae.<\/strong><\/p>\n","protected":false},"featured_media":4943,"parent":5408,"menu_order":0,"template":"","meta":{"_kad_blocks_custom_css":"","_kad_blocks_head_custom_js":"","_kad_blocks_body_custom_js":"","_kad_blocks_footer_custom_js":"","_kad_post_transparent":"","_kad_post_title":"","_kad_post_layout":"","_kad_post_sidebar_id":"","_kad_post_content_style":"","_kad_post_vertical_padding":"","_kad_post_feature":"","_kad_post_feature_position":"","_kad_post_header":false,"_kad_post_footer":false,"footnotes":""},"product-type":[60],"class_list":["post-5660","product","type-product","status-publish","has-post-thumbnail","hentry","product-type-deporte"],"acf":[],"taxonomy_info":{"product-type":[{"value":60,"label":"Deporte"}]},"featured_image_src_large":["https:\/\/www.adclofent.com\/wp-content\/uploads\/2023\/05\/2.1.-LESIONS-768x1024.jpeg",768,1024,true],"author_info":[],"comment_info":"","_links":{"self":[{"href":"https:\/\/www.adclofent.com\/es\/wp-json\/wp\/v2\/product\/5660","targetHints":{"allow":["GET"]}}],"collection":[{"href":"https:\/\/www.adclofent.com\/es\/wp-json\/wp\/v2\/product"}],"about":[{"href":"https:\/\/www.adclofent.com\/es\/wp-json\/wp\/v2\/types\/product"}],"version-history":[{"count":1,"href":"https:\/\/www.adclofent.com\/es\/wp-json\/wp\/v2\/product\/5660\/revisions"}],"predecessor-version":[{"id":5662,"href":"https:\/\/www.adclofent.com\/es\/wp-json\/wp\/v2\/product\/5660\/revisions\/5662"}],"up":[{"embeddable":true,"href":"https:\/\/www.adclofent.com\/es\/wp-json\/wp\/v2\/product\/5408"}],"wp:featuredmedia":[{"embeddable":true,"href":"https:\/\/www.adclofent.com\/es\/wp-json\/wp\/v2\/media\/4943"}],"wp:attachment":[{"href":"https:\/\/www.adclofent.com\/es\/wp-json\/wp\/v2\/media?parent=5660"}],"wp:term":[{"taxonomy":"product-type","embeddable":true,"href":"https:\/\/www.adclofent.com\/es\/wp-json\/wp\/v2\/product-type?post=5660"}],"curies":[{"name":"wp","href":"https:\/\/api.w.org\/{rel}","templated":true}]}}