{"id":5404,"date":"2023-05-23T23:41:48","date_gmt":"2023-05-23T21:41:48","guid":{"rendered":"https:\/\/acf.mmkt.dev\/?post_type=product&#038;p=5404"},"modified":"2023-05-23T23:41:49","modified_gmt":"2023-05-23T21:41:49","slug":"pediatricos","status":"publish","type":"product","link":"https:\/\/www.adclofent.com\/es\/product\/medical-sector\/pediatricos\/","title":{"rendered":"Pedi\u00e1tricos"},"content":{"rendered":"\n<p>Entre juegos y carreras sabemos que los m\u00e1s peque\u00f1os de la casa a veces se caen o sufren alg\u00fan tipo de lesi\u00f3n. Los tejidos pedi\u00e1tricos dise\u00f1ados por nuestro equipo de profesionales de I+D tienen como finalidad ayudar a la <strong>r\u00e1pida recuperaci\u00f3n<\/strong> de estas lesiones para que la actividad y diversi\u00f3n de los ni\u00f1os no pare.<\/p>\n\n\n\n<p>Nuestros art\u00edculos est\u00e1n pensados para ser c\u00f3modos y tener una <strong>funcionalidad adaptada a los ni\u00f1os<\/strong>. Adem\u00e1s, est\u00e1n compuestos con materias primas que <strong>minimizan el riesgo de alergias<\/strong> en contacto directo con la piel, proporcionando una gran suavidad.<\/p>\n\n\n\n<p>El dise\u00f1o y selecci\u00f3n de colores de nuestros tejidos destinados a dispositivos pedi\u00e1tricos, tienen la finalidad de facilitar la aceptaci\u00f3n del ni\u00f1o, aparte, de responder a las lesiones o patolog\u00edas que requieran productos de ortesis adaptados a su dimensi\u00f3n.<\/p>\n","protected":false},"featured_media":4886,"parent":5255,"menu_order":0,"template":"","meta":{"_kad_blocks_custom_css":"","_kad_blocks_head_custom_js":"","_kad_blocks_body_custom_js":"","_kad_blocks_footer_custom_js":"","_kad_post_transparent":"","_kad_post_title":"","_kad_post_layout":"","_kad_post_sidebar_id":"","_kad_post_content_style":"","_kad_post_vertical_padding":"","_kad_post_feature":"","_kad_post_feature_position":"","_kad_post_header":false,"_kad_post_footer":false,"footnotes":""},"product-type":[52],"class_list":["post-5404","product","type-product","status-publish","has-post-thumbnail","hentry","product-type-sector-medico"],"acf":[],"taxonomy_info":{"product-type":[{"value":52,"label":"Sector m\u00e9dico"}]},"featured_image_src_large":["https:\/\/www.adclofent.com\/wp-content\/uploads\/2023\/05\/1.5.-PEDIATRIA-768x1024.jpeg",768,1024,true],"author_info":[],"comment_info":"","_links":{"self":[{"href":"https:\/\/www.adclofent.com\/es\/wp-json\/wp\/v2\/product\/5404","targetHints":{"allow":["GET"]}}],"collection":[{"href":"https:\/\/www.adclofent.com\/es\/wp-json\/wp\/v2\/product"}],"about":[{"href":"https:\/\/www.adclofent.com\/es\/wp-json\/wp\/v2\/types\/product"}],"version-history":[{"count":1,"href":"https:\/\/www.adclofent.com\/es\/wp-json\/wp\/v2\/product\/5404\/revisions"}],"predecessor-version":[{"id":5406,"href":"https:\/\/www.adclofent.com\/es\/wp-json\/wp\/v2\/product\/5404\/revisions\/5406"}],"up":[{"embeddable":true,"href":"https:\/\/www.adclofent.com\/es\/wp-json\/wp\/v2\/product\/5255"}],"wp:featuredmedia":[{"embeddable":true,"href":"https:\/\/www.adclofent.com\/es\/wp-json\/wp\/v2\/media\/4886"}],"wp:attachment":[{"href":"https:\/\/www.adclofent.com\/es\/wp-json\/wp\/v2\/media?parent=5404"}],"wp:term":[{"taxonomy":"product-type","embeddable":true,"href":"https:\/\/www.adclofent.com\/es\/wp-json\/wp\/v2\/product-type?post=5404"}],"curies":[{"name":"wp","href":"https:\/\/api.w.org\/{rel}","templated":true}]}}