{"id":5396,"date":"2023-05-23T23:39:55","date_gmt":"2023-05-23T21:39:55","guid":{"rendered":"https:\/\/acf.mmkt.dev\/?post_type=product&#038;p=5396"},"modified":"2023-05-23T23:39:56","modified_gmt":"2023-05-23T21:39:56","slug":"post-cirurgia-estetica","status":"publish","type":"product","link":"https:\/\/www.adclofent.com\/es\/product\/medical-sector\/post-cirurgia-estetica\/","title":{"rendered":"Post cirurgia est\u00e9tica"},"content":{"rendered":"\n<p>Disponemos de <strong>tejidos<\/strong> <strong>post cirurgia est\u00e9tica<\/strong> adecuados para la confecci\u00f3n de prendas de presoterapia, <strong>id\u00f3neo para los postoperatorios de cirug\u00eda pl\u00e1stica y est\u00e9tica.<\/strong><\/p>\n\n\n\n<p>Somos proveedores de las mejores marcas y fabricantes de productos postoperatorios.<\/p>\n\n\n\n<p>Nuestros clientes acreditan que el uso de nuestros productos produce un <strong>efecto desinflamatorio inmediato<\/strong>: reduciendo el proceso postoperatorio y dolor, drenando y remodelando la figura.<\/p>\n\n\n\n<p>Nuestros tejidos para ortesis postoperatorias de cirug\u00eda pl\u00e1stica y est\u00e9tica presentan <strong>compresi\u00f3n y elasticidad<\/strong>, y minimizan el riesgo de alergias en contacto directo con la piel, proporcionando una gran suavidad.<\/p>\n","protected":false},"featured_media":4873,"parent":5255,"menu_order":0,"template":"","meta":{"_kad_blocks_custom_css":"","_kad_blocks_head_custom_js":"","_kad_blocks_body_custom_js":"","_kad_blocks_footer_custom_js":"","_kad_post_transparent":"","_kad_post_title":"","_kad_post_layout":"","_kad_post_sidebar_id":"","_kad_post_content_style":"","_kad_post_vertical_padding":"","_kad_post_feature":"","_kad_post_feature_position":"","_kad_post_header":false,"_kad_post_footer":false,"footnotes":""},"product-type":[52],"class_list":["post-5396","product","type-product","status-publish","has-post-thumbnail","hentry","product-type-sector-medico"],"acf":[],"taxonomy_info":{"product-type":[{"value":52,"label":"Sector m\u00e9dico"}]},"featured_image_src_large":["https:\/\/www.adclofent.com\/wp-content\/uploads\/2023\/05\/1.3.-ESTETICA-761x1024.jpg",761,1024,true],"author_info":[],"comment_info":"","_links":{"self":[{"href":"https:\/\/www.adclofent.com\/es\/wp-json\/wp\/v2\/product\/5396","targetHints":{"allow":["GET"]}}],"collection":[{"href":"https:\/\/www.adclofent.com\/es\/wp-json\/wp\/v2\/product"}],"about":[{"href":"https:\/\/www.adclofent.com\/es\/wp-json\/wp\/v2\/types\/product"}],"version-history":[{"count":1,"href":"https:\/\/www.adclofent.com\/es\/wp-json\/wp\/v2\/product\/5396\/revisions"}],"predecessor-version":[{"id":5398,"href":"https:\/\/www.adclofent.com\/es\/wp-json\/wp\/v2\/product\/5396\/revisions\/5398"}],"up":[{"embeddable":true,"href":"https:\/\/www.adclofent.com\/es\/wp-json\/wp\/v2\/product\/5255"}],"wp:featuredmedia":[{"embeddable":true,"href":"https:\/\/www.adclofent.com\/es\/wp-json\/wp\/v2\/media\/4873"}],"wp:attachment":[{"href":"https:\/\/www.adclofent.com\/es\/wp-json\/wp\/v2\/media?parent=5396"}],"wp:term":[{"taxonomy":"product-type","embeddable":true,"href":"https:\/\/www.adclofent.com\/es\/wp-json\/wp\/v2\/product-type?post=5396"}],"curies":[{"name":"wp","href":"https:\/\/api.w.org\/{rel}","templated":true}]}}