{"id":5386,"date":"2023-05-23T23:37:37","date_gmt":"2023-05-23T21:37:37","guid":{"rendered":"https:\/\/acf.mmkt.dev\/?post_type=product&#038;p=5386"},"modified":"2023-06-29T11:10:19","modified_gmt":"2023-06-29T09:10:19","slug":"ortopedicos","status":"publish","type":"product","link":"https:\/\/www.adclofent.com\/es\/product\/medical-sector\/ortopedicos\/","title":{"rendered":"Ortop\u00e9dicos"},"content":{"rendered":"\n<p>Artesana de Clofent es una empresa <strong>especializada en la producci\u00f3n de tejidos ortop\u00e9dicos para ortesis y pr\u00f3tesis<\/strong>. Nuestro know-how permite fabricar tejidos ligeros y resistentes al uso y con la compresi\u00f3n adecuada para cada patr\u00f3n de la ortesis final. En AdC podr\u00e1n encontrar diferentes series de <strong>tejidos el\u00e1sticos transpirables y tejidos el\u00e1sticos compactos<\/strong> que se adapten mejor a su producto y a la lesi\u00f3n a tratar.<\/p>\n\n\n\n<p><strong>Fabricar anchuras de entre 5 mm y 600 mm<\/strong> nos permite abarcar todos los tejidos necesarios para el sector. Ofrecemos productos para la confecci\u00f3n de: fajas ortop\u00e9dicas, bragueros, espalderas, mu\u00f1equeras, rodilleras, inmovilizadores, cors\u00e9s, cinturones, entre otros.<\/p>\n\n\n\n<p>Su uso sirve principalmente para protegerse de lesiones de tipo lumbar y muscular en general, y para mantener la espalda recta al realizar cualquier movimiento. Tambi\u00e9n evita forzar los m\u00fasculos lumbares o abdominales en el momento de realizar cualquier esfuerzo.<\/p>\n\n\n\n<p>Asimismo, existen tejidos <strong>tipo \u00abLoops\u00bb el\u00e1sticos que facilitan la adherencia de las cintas por contacto por el autocierre<\/strong>. Adem\u00e1s, ofrecemos tejidos el\u00e1sticos con <strong>gran resistencia al contacto con el hook<\/strong>, ya que el uso diario puede da\u00f1ar la prenda. Nuestros productos poseen un ciclo de vida largo.<\/p>\n\n\n\n<p>Queremos ser el mejor proveedor de nuestros clientes. Donde no llegue nuestro extenso cat\u00e1logo de tejidos r\u00edgidos y el\u00e1sticos, lo har\u00e1 nuestro Departamento de I+D aportando una soluci\u00f3n personalizada a cualquier necesidad.<\/p>\n","protected":false},"featured_media":4845,"parent":5255,"menu_order":0,"template":"","meta":{"_kad_blocks_custom_css":"","_kad_blocks_head_custom_js":"","_kad_blocks_body_custom_js":"","_kad_blocks_footer_custom_js":"","_kad_post_transparent":"","_kad_post_title":"","_kad_post_layout":"","_kad_post_sidebar_id":"","_kad_post_content_style":"","_kad_post_vertical_padding":"","_kad_post_feature":"","_kad_post_feature_position":"","_kad_post_header":false,"_kad_post_footer":false,"footnotes":""},"product-type":[52],"class_list":["post-5386","product","type-product","status-publish","has-post-thumbnail","hentry","product-type-sector-medico"],"acf":[],"taxonomy_info":{"product-type":[{"value":52,"label":"Sector m\u00e9dico"}]},"featured_image_src_large":["https:\/\/www.adclofent.com\/wp-content\/uploads\/2023\/05\/1.1.-ORTOPEDIA-1-768x1024.jpeg",768,1024,true],"author_info":[],"comment_info":"","_links":{"self":[{"href":"https:\/\/www.adclofent.com\/es\/wp-json\/wp\/v2\/product\/5386","targetHints":{"allow":["GET"]}}],"collection":[{"href":"https:\/\/www.adclofent.com\/es\/wp-json\/wp\/v2\/product"}],"about":[{"href":"https:\/\/www.adclofent.com\/es\/wp-json\/wp\/v2\/types\/product"}],"version-history":[{"count":2,"href":"https:\/\/www.adclofent.com\/es\/wp-json\/wp\/v2\/product\/5386\/revisions"}],"predecessor-version":[{"id":5652,"href":"https:\/\/www.adclofent.com\/es\/wp-json\/wp\/v2\/product\/5386\/revisions\/5652"}],"up":[{"embeddable":true,"href":"https:\/\/www.adclofent.com\/es\/wp-json\/wp\/v2\/product\/5255"}],"wp:featuredmedia":[{"embeddable":true,"href":"https:\/\/www.adclofent.com\/es\/wp-json\/wp\/v2\/media\/4845"}],"wp:attachment":[{"href":"https:\/\/www.adclofent.com\/es\/wp-json\/wp\/v2\/media?parent=5386"}],"wp:term":[{"taxonomy":"product-type","embeddable":true,"href":"https:\/\/www.adclofent.com\/es\/wp-json\/wp\/v2\/product-type?post=5386"}],"curies":[{"name":"wp","href":"https:\/\/api.w.org\/{rel}","templated":true}]}}