{"id":5255,"date":"2023-05-23T12:19:55","date_gmt":"2023-05-23T10:19:55","guid":{"rendered":"https:\/\/acf.mmkt.dev\/?post_type=product&#038;p=5255"},"modified":"2023-06-29T11:08:10","modified_gmt":"2023-06-29T09:08:10","slug":"medical-sector","status":"publish","type":"product","link":"https:\/\/www.adclofent.com\/es\/product\/medical-sector\/","title":{"rendered":"Sector M\u00e9dico"},"content":{"rendered":"\n<p>Desde la d\u00e9cada del 90 AdC es pionera en la <strong>fabricaci\u00f3n de tejidos t\u00e9cnicos y el\u00e1sticos para el sector m\u00e9dico<\/strong>. Nuestros tejidos van dirigidos a los sectores de la ortopedia, la est\u00e9tica, post-cirug\u00eda, quemaduras&#8230;<\/p>\n\n\n\n<p>El mercado m\u00e9dico-sanitario tiene requisitos espec\u00edficos tanto para los usuarios como para la materia prima utilizada en la fabricaci\u00f3n de sus productos. Por esta raz\u00f3n, trabajamos con la materia prima de mayor calidad y producimos diferentes estructuras que mejoran el acabado final de la pieza, su transpirabilidad y adaptabilidad a las necesidades del consumidor final.<\/p>\n\n\n\n<p>El equipo de ingenieros de AdC trabaja para cumplir estos requisitos y crear productos tecnol\u00f3gicos de alta calidad. Con <strong>certificaciones ISO 9001-2008 y Oeko-Tex<\/strong>, AdC ofrece un completo servicio de dise\u00f1o, fabricaci\u00f3n y comercializaci\u00f3n de <strong>tejidos el\u00e1sticos y estrechos para el sector m\u00e9dico<\/strong>. Adem\u00e1s, nuestros tejidos el\u00e1sticos m\u00e9dicos han sido<strong> testados dermatol\u00f3gicamente<\/strong>, ofreciendo a nuestros clientes seguridad y calidad.<\/p>\n\n\n\n<p>Estos productos t\u00e9cnicos se desarrollan a partir del feedback entre cliente y departamento t\u00e9cnico para transformar las necesidades del cliente en productos efectivos.<\/p>\n\n\n\n<p>CLOFENT Corporation colabora con otras empresas y centros tecnol\u00f3gicos para una constante innovaci\u00f3n.<\/p>\n\n\n\n<p>En nuestro amplio cat\u00e1logo disponemos de art\u00edculos de distintas elasticidades y compresiones para diferentes patolog\u00edas. Consulte nuestros productos y complementos seg\u00fan sus necesidades.<\/p>\n","protected":false},"featured_media":4835,"parent":0,"menu_order":0,"template":"","meta":{"_kad_blocks_custom_css":"","_kad_blocks_head_custom_js":"","_kad_blocks_body_custom_js":"","_kad_blocks_footer_custom_js":"","_kad_post_transparent":"","_kad_post_title":"","_kad_post_layout":"","_kad_post_sidebar_id":"","_kad_post_content_style":"","_kad_post_vertical_padding":"","_kad_post_feature":"","_kad_post_feature_position":"","_kad_post_header":false,"_kad_post_footer":false,"footnotes":""},"product-type":[52],"class_list":["post-5255","product","type-product","status-publish","has-post-thumbnail","hentry","product-type-sector-medico"],"acf":[],"taxonomy_info":{"product-type":[{"value":52,"label":"Sector m\u00e9dico"}]},"featured_image_src_large":["https:\/\/www.adclofent.com\/wp-content\/uploads\/2023\/05\/1.-MEDIC-1-768x1024.jpg",768,1024,true],"author_info":[],"comment_info":"","_links":{"self":[{"href":"https:\/\/www.adclofent.com\/es\/wp-json\/wp\/v2\/product\/5255","targetHints":{"allow":["GET"]}}],"collection":[{"href":"https:\/\/www.adclofent.com\/es\/wp-json\/wp\/v2\/product"}],"about":[{"href":"https:\/\/www.adclofent.com\/es\/wp-json\/wp\/v2\/types\/product"}],"version-history":[{"count":5,"href":"https:\/\/www.adclofent.com\/es\/wp-json\/wp\/v2\/product\/5255\/revisions"}],"predecessor-version":[{"id":5649,"href":"https:\/\/www.adclofent.com\/es\/wp-json\/wp\/v2\/product\/5255\/revisions\/5649"}],"wp:featuredmedia":[{"embeddable":true,"href":"https:\/\/www.adclofent.com\/es\/wp-json\/wp\/v2\/media\/4835"}],"wp:attachment":[{"href":"https:\/\/www.adclofent.com\/es\/wp-json\/wp\/v2\/media?parent=5255"}],"wp:term":[{"taxonomy":"product-type","embeddable":true,"href":"https:\/\/www.adclofent.com\/es\/wp-json\/wp\/v2\/product-type?post=5255"}],"curies":[{"name":"wp","href":"https:\/\/api.w.org\/{rel}","templated":true}]}}