{"id":3761,"date":"2020-09-10T08:59:56","date_gmt":"2020-09-10T08:59:56","guid":{"rendered":"https:\/\/www.adclofent.com\/?page_id=3761"},"modified":"2024-05-23T11:41:28","modified_gmt":"2024-05-23T09:41:28","slug":"somos-fabricacion-tejidos-tecnicos","status":"publish","type":"page","link":"https:\/\/www.adclofent.com\/es\/somos-fabricacion-tejidos-tecnicos\/","title":{"rendered":"\u00bfQuienes somos?"},"content":{"rendered":"<style>.kb-row-layout-id_f38b0e-4f > .kt-row-column-wrap{align-content:start;}:where(.kb-row-layout-id_f38b0e-4f > .kt-row-column-wrap) > .wp-block-kadence-column{justify-content:start;}.kb-row-layout-id_f38b0e-4f > .kt-row-column-wrap{column-gap:var(--global-kb-gap-md, 2rem);row-gap:var(--global-kb-gap-md, 2rem);padding-top:var(--global-kb-spacing-lg, 3rem);padding-bottom:var(--global-kb-spacing-lg, 3rem);grid-template-columns:repeat(2, minmax(0, 1fr));}.kb-row-layout-id_f38b0e-4f > .kt-row-layout-overlay{opacity:0.30;}@media all and (max-width: 1024px){.kb-row-layout-id_f38b0e-4f > .kt-row-column-wrap{grid-template-columns:repeat(2, minmax(0, 1fr));}}@media all and (max-width: 767px){.kb-row-layout-id_f38b0e-4f > .kt-row-column-wrap{grid-template-columns:minmax(0, 1fr);}}<\/style><div class=\"kb-row-layout-wrap kb-row-layout-id_f38b0e-4f alignnone wp-block-kadence-rowlayout\"><div class=\"kt-row-column-wrap kt-has-2-columns kt-row-layout-equal kt-tab-layout-inherit kt-mobile-layout-row kt-row-valign-top\">\n<style>.kadence-column_4031a3-13 > .kt-inside-inner-col,.kadence-column_4031a3-13 > .kt-inside-inner-col:before{border-top-left-radius:0px;border-top-right-radius:0px;border-bottom-right-radius:0px;border-bottom-left-radius:0px;}.kadence-column_4031a3-13 > .kt-inside-inner-col{column-gap:var(--global-kb-gap-sm, 1rem);}.kadence-column_4031a3-13 > .kt-inside-inner-col{flex-direction:column;}.kadence-column_4031a3-13 > .kt-inside-inner-col > .aligncenter{width:100%;}.kadence-column_4031a3-13 > .kt-inside-inner-col:before{opacity:0.3;}.kadence-column_4031a3-13{position:relative;}@media all and (max-width: 1024px){.kadence-column_4031a3-13 > .kt-inside-inner-col{flex-direction:column;}}@media all and (max-width: 767px){.kadence-column_4031a3-13 > .kt-inside-inner-col{flex-direction:column;}}<\/style>\n<div class=\"wp-block-kadence-column kadence-column_4031a3-13\"><div class=\"kt-inside-inner-col\"><style>.wp-block-kadence-advancedheading.kt-adv-heading_43d1b5-14, .wp-block-kadence-advancedheading.kt-adv-heading_43d1b5-14[data-kb-block=\"kb-adv-heading_43d1b5-14\"]{font-size:26px;font-style:normal;}.wp-block-kadence-advancedheading.kt-adv-heading_43d1b5-14 mark.kt-highlight, .wp-block-kadence-advancedheading.kt-adv-heading_43d1b5-14[data-kb-block=\"kb-adv-heading_43d1b5-14\"] mark.kt-highlight{font-style:normal;color:#f76a0c;-webkit-box-decoration-break:clone;box-decoration-break:clone;padding-top:0px;padding-right:0px;padding-bottom:0px;padding-left:0px;}<\/style>\n<h1 class=\"kt-adv-heading_43d1b5-14 wp-block-kadence-advancedheading has-theme-palette-1-color has-text-color\" data-kb-block=\"kb-adv-heading_43d1b5-14\">Artesana de Clofent, especialistas en la fabricaci\u00f3n de tejido t\u00e9cnico<\/h1>\n\n\n\n<p>Artesana de Clofent, especialistas en la fabricaci\u00f3n de tejido t\u00e9cnico, es una empresa ubicada en el Maresme, en la localidad costera de San Vicente de Montalt, a 35 km de Barcelona. AdC est\u00e1 dirigida y gestionada por un equipo humano profesional y con gran experiencia en la <strong>fabricaci\u00f3n de tejido t\u00e9cnico<\/strong> desde 1952. Hoy en d\u00eda, AdC es una de las empresas pioneras a nivel europeo cubriendo el sector del tejido t\u00e9cnico.<\/p>\n\n\n\n<p>Somos especialistas en tejido t\u00e9cnico (cintas el\u00e1sticas y r\u00edgidas) de 2-500 mm de ancho. AdC trabaja en diferentes sectores del mercado:<\/p>\n\n\n\n<ul class=\"wp-block-list\">\n<li><a href=\"https:\/\/www.adclofent.com\/es\/product\/medical-sector\/ortopedicos\/\" target=\"_blank\" rel=\"noreferrer noopener\">Tejidos el\u00e1sticos y estrechos para el sector Ortop\u00e9dico<\/a><\/li>\n\n\n\n<li><a href=\"https:\/\/www.adclofent.com\/es\/product\/prevencion\/\" target=\"_blank\" rel=\"noreferrer noopener\">Tejidos T\u00e9cnicos de uso preventivo<\/a>: laboral y deporte<\/li>\n\n\n\n<li><a href=\"https:\/\/www.adclofent.com\/es\/product\/complementos\/\" target=\"_blank\" rel=\"noreferrer noopener\">El\u00e1sticos para Confecci\u00f3n<\/a>: ropa interior, complementos marroquiner\u00eda, pronto moda.<\/li>\n<\/ul>\n\n\n\n<p>La adaptaci\u00f3n a los mercados globales es esencial para conseguir nuevos retos, por eso AdC apuesta por una sinergia entre el equipo de exportaci\u00f3n y el equipo de investigaci\u00f3n. Ya estamos presentes en los mercados m\u00e1s competitivos de la UE, y con una expansi\u00f3n a nuevos mercados.<\/p>\n\n\n\n<p>Garantizamos <strong>un servicio completo<\/strong> (dise\u00f1o, fabricaci\u00f3n y comercializaci\u00f3n) con rapidez en el servicio y calidad en el producto.<\/p>\n\n\n\n<p>Queremos ser el mejor proveedor de nuestros clientes. Donde no llegue nuestro extenso cat\u00e1logo de tejidos r\u00edgidos y el\u00e1sticos lo har\u00e1 nuestro Departamento de Innovaci\u00f3n aportando una soluci\u00f3n personalizada a cualquier necesidad.<\/p>\n\n\n<style>.wp-block-kadence-advancedbtn.kb-btns_e0889d-59{gap:var(--global-kb-gap-xs, 0.5rem );justify-content:center;align-items:center;}.kt-btns_e0889d-59 .kt-button{font-weight:normal;font-style:normal;}.kt-btns_e0889d-59 .kt-btn-wrap-0{margin-right:5px;}.wp-block-kadence-advancedbtn.kt-btns_e0889d-59 .kt-btn-wrap-0 .kt-button{color:#555555;border-color:#555555;}.wp-block-kadence-advancedbtn.kt-btns_e0889d-59 .kt-btn-wrap-0 .kt-button:hover, .wp-block-kadence-advancedbtn.kt-btns_e0889d-59 .kt-btn-wrap-0 .kt-button:focus{color:#ffffff;border-color:#444444;}.wp-block-kadence-advancedbtn.kt-btns_e0889d-59 .kt-btn-wrap-0 .kt-button::before{display:none;}.wp-block-kadence-advancedbtn.kt-btns_e0889d-59 .kt-btn-wrap-0 .kt-button:hover, .wp-block-kadence-advancedbtn.kt-btns_e0889d-59 .kt-btn-wrap-0 .kt-button:focus{background:#444444;}<\/style>\n<div class=\"wp-block-kadence-advancedbtn kb-buttons-wrap kb-btns_e0889d-59\"><style>ul.menu .wp-block-kadence-advancedbtn .kb-btn_980b8b-76.kb-button{width:initial;}@media all and (max-width: 1024px){.kb-btn_980b8b-76.kb-button .kb-svg-icon-wrap{display:block;}}<\/style><a class=\"kb-button kt-button button kb-btn_980b8b-76 kt-btn-size-standard kt-btn-width-type-auto kb-btn-global-inherit kt-btn-has-text-true kt-btn-has-svg-false wp-block-button__link wp-block-kadence-singlebtn\" href=\"https:\/\/www.adclofent.com\/es\/contacto-fabricante-tejidos-tecnicos\/\"><span class=\"kt-btn-inner-text\">Contacto<\/span><\/a><\/div>\n<\/div><\/div>\n\n\n<style>.kadence-column_98d866-84 > .kt-inside-inner-col,.kadence-column_98d866-84 > .kt-inside-inner-col:before{border-top-left-radius:0px;border-top-right-radius:0px;border-bottom-right-radius:0px;border-bottom-left-radius:0px;}.kadence-column_98d866-84 > .kt-inside-inner-col{column-gap:var(--global-kb-gap-sm, 1rem);}.kadence-column_98d866-84 > .kt-inside-inner-col{flex-direction:column;}.kadence-column_98d866-84 > .kt-inside-inner-col > .aligncenter{width:100%;}.kadence-column_98d866-84 > .kt-inside-inner-col:before{opacity:0.3;}.kadence-column_98d866-84{position:relative;}@media all and (max-width: 1024px){.kadence-column_98d866-84 > .kt-inside-inner-col{flex-direction:column;}}@media all and (max-width: 767px){.kadence-column_98d866-84 > .kt-inside-inner-col{flex-direction:column;}}<\/style>\n<div class=\"wp-block-kadence-column kadence-column_98d866-84\"><div class=\"kt-inside-inner-col\"><style>.kb-image_c1f5b9-a3 .kb-image-has-overlay:after{opacity:0.3;}<\/style>\n<figure class=\"wp-block-kadence-image kb-image_c1f5b9-a3 size-full\"><img decoding=\"async\" width=\"800\" height=\"600\" src=\"https:\/\/www.adclofent.com\/wp-content\/uploads\/2019\/12\/01-Foto-Benvinguts-al-Blog.jpg\" alt=\"Artesana de Clofent\" class=\"kb-img wp-image-3495\" srcset=\"https:\/\/www.adclofent.com\/wp-content\/uploads\/2019\/12\/01-Foto-Benvinguts-al-Blog.jpg 800w, https:\/\/www.adclofent.com\/wp-content\/uploads\/2019\/12\/01-Foto-Benvinguts-al-Blog-300x225.jpg 300w, https:\/\/www.adclofent.com\/wp-content\/uploads\/2019\/12\/01-Foto-Benvinguts-al-Blog-768x576.jpg 768w, https:\/\/www.adclofent.com\/wp-content\/uploads\/2019\/12\/01-Foto-Benvinguts-al-Blog-624x468.jpg 624w\" sizes=\"(max-width: 800px) 100vw, 800px\" \/><\/figure>\n<\/div><\/div>\n\n<\/div><\/div>\n\n<style>.kb-row-layout-id_7c32ad-a3 > .kt-row-column-wrap{align-content:start;}:where(.kb-row-layout-id_7c32ad-a3 > .kt-row-column-wrap) > .wp-block-kadence-column{justify-content:start;}.kb-row-layout-id_7c32ad-a3 > .kt-row-column-wrap{column-gap:var(--global-kb-gap-md, 2rem);row-gap:var(--global-kb-gap-md, 2rem);padding-top:var(--global-kb-spacing-sm, 1.5rem);padding-bottom:var(--global-kb-spacing-lg, 3rem);grid-template-columns:minmax(0, 1fr);}.kb-row-layout-id_7c32ad-a3 > .kt-row-layout-overlay{opacity:0.30;}@media all and (max-width: 1024px){.kb-row-layout-id_7c32ad-a3 > .kt-row-column-wrap{grid-template-columns:minmax(0, 1fr);}}@media all and (max-width: 767px){.kb-row-layout-id_7c32ad-a3 > .kt-row-column-wrap{grid-template-columns:minmax(0, 1fr);}}<\/style><div class=\"kb-row-layout-wrap kb-row-layout-id_7c32ad-a3 alignnone wp-block-kadence-rowlayout\"><div class=\"kt-row-column-wrap kt-has-1-columns kt-row-layout-equal kt-tab-layout-inherit kt-mobile-layout-row kt-row-valign-top\">\n<style>.kadence-column_d0a9c8-71 > .kt-inside-inner-col,.kadence-column_d0a9c8-71 > .kt-inside-inner-col:before{border-top-left-radius:0px;border-top-right-radius:0px;border-bottom-right-radius:0px;border-bottom-left-radius:0px;}.kadence-column_d0a9c8-71 > .kt-inside-inner-col{column-gap:var(--global-kb-gap-sm, 1rem);}.kadence-column_d0a9c8-71 > .kt-inside-inner-col{flex-direction:column;}.kadence-column_d0a9c8-71 > .kt-inside-inner-col > .aligncenter{width:100%;}.kadence-column_d0a9c8-71 > .kt-inside-inner-col:before{opacity:0.3;}.kadence-column_d0a9c8-71{position:relative;}@media all and (max-width: 1024px){.kadence-column_d0a9c8-71 > .kt-inside-inner-col{flex-direction:column;}}@media all and (max-width: 767px){.kadence-column_d0a9c8-71 > .kt-inside-inner-col{flex-direction:column;}}<\/style>\n<div class=\"wp-block-kadence-column kadence-column_d0a9c8-71\"><div class=\"kt-inside-inner-col\"><style>.wp-block-kadence-advancedheading.kt-adv-heading_27d771-6a, .wp-block-kadence-advancedheading.kt-adv-heading_27d771-6a[data-kb-block=\"kb-adv-heading_27d771-6a\"]{margin-bottom:var(--global-kb-spacing-sm, 1.5rem);text-align:center;font-style:normal;}.wp-block-kadence-advancedheading.kt-adv-heading_27d771-6a mark.kt-highlight, .wp-block-kadence-advancedheading.kt-adv-heading_27d771-6a[data-kb-block=\"kb-adv-heading_27d771-6a\"] mark.kt-highlight{font-style:normal;color:#f76a0c;-webkit-box-decoration-break:clone;box-decoration-break:clone;padding-top:0px;padding-right:0px;padding-bottom:0px;padding-left:0px;}<\/style>\n<h2 class=\"kt-adv-heading_27d771-6a wp-block-kadence-advancedheading has-theme-palette-1-color has-text-color\" data-kb-block=\"kb-adv-heading_27d771-6a\">Misi\u00f3n &#8211; Visi\u00f3n &#8211; Valores<\/h2>\n\n\n<style>.wp-block-kadence-column.kb-section-dir-horizontal > .kt-inside-inner-col > .kt-info-box_cdf973-98 .kt-blocks-info-box-link-wrap{max-width:unset;}.kt-info-box_cdf973-98 .kt-blocks-info-box-link-wrap{padding-top:var(--global-kb-spacing-xs, 1rem);padding-right:var(--global-kb-spacing-xs, 1rem);padding-bottom:var(--global-kb-spacing-xs, 1rem);padding-left:var(--global-kb-spacing-xs, 1rem);margin-bottom:var(--global-kb-spacing-xs, 1rem);}.kt-info-box_cdf973-98 .kadence-info-box-icon-container .kt-info-svg-icon, .kt-info-box_cdf973-98 .kt-info-svg-icon-flip, .kt-info-box_cdf973-98 .kt-blocks-info-box-number{font-size:50px;}.kt-info-box_cdf973-98 .kt-blocks-info-box-media{border-top-width:0px;border-right-width:0px;border-bottom-width:0px;border-left-width:0px;padding-top:10px;padding-right:10px;padding-bottom:10px;padding-left:10px;margin-top:0px;margin-right:15px;margin-bottom:0px;margin-left:15px;}.kt-info-box_cdf973-98 .kt-blocks-info-box-learnmore{background:transparent;border-width:0px 0px 0px 0px;padding-top:4px;padding-right:8px;padding-bottom:4px;padding-left:8px;margin-top:10px;margin-right:0px;margin-bottom:10px;margin-left:0px;}<\/style>\n<div class=\"wp-block-kadence-infobox kt-info-box_cdf973-98\"><span class=\"kt-blocks-info-box-link-wrap info-box-link kt-blocks-info-box-media-align-left kt-info-halign-left kb-info-box-vertical-media-align-top\"><div class=\"kt-blocks-info-box-media-container\"><div class=\"kt-blocks-info-box-media kt-info-media-animate-none\"><div class=\"kadence-info-box-icon-container kt-info-icon-animate-none\"><div class=\"kadence-info-box-icon-inner-container\"><span class=\"kb-svg-icon-wrap kb-svg-icon-fe_crosshair kt-info-svg-icon\"><svg viewBox=\"0 0 24 24\"  fill=\"none\" stroke=\"currentColor\" stroke-width=\"2\" stroke-linecap=\"round\" stroke-linejoin=\"round\" xmlns=\"http:\/\/www.w3.org\/2000\/svg\"  aria-hidden=\"true\"><circle cx=\"12\" cy=\"12\" r=\"10\"\/><line x1=\"22\" y1=\"12\" x2=\"18\" y2=\"12\"\/><line x1=\"6\" y1=\"12\" x2=\"2\" y2=\"12\"\/><line x1=\"12\" y1=\"6\" x2=\"12\" y2=\"2\"\/><line x1=\"12\" y1=\"22\" x2=\"12\" y2=\"18\"\/><\/svg><\/span><\/div><\/div><\/div><\/div><div class=\"kt-infobox-textcontent\"><h2 class=\"kt-blocks-info-box-title\">Misi\u00f3n<\/h2><p class=\"kt-blocks-info-box-text\">Identificar las necesidades del mercado y aportar Innovaci\u00f3n y mejora continua en el sector de los Tejidos T\u00e9cnicos, ofreciendo soluciones innovadoras para nuestros clientes y contribuir a mejorar la calidad de su producto final.<\/p><\/div><\/span><\/div>\n\n\n<style>.wp-block-kadence-column.kb-section-dir-horizontal > .kt-inside-inner-col > .kt-info-box_7b1d44-4b .kt-blocks-info-box-link-wrap{max-width:unset;}.kt-info-box_7b1d44-4b .kt-blocks-info-box-link-wrap{padding-top:var(--global-kb-spacing-xs, 1rem);padding-right:var(--global-kb-spacing-xs, 1rem);padding-bottom:var(--global-kb-spacing-xs, 1rem);padding-left:var(--global-kb-spacing-xs, 1rem);margin-bottom:var(--global-kb-spacing-xs, 1rem);}.kt-info-box_7b1d44-4b .kadence-info-box-icon-container .kt-info-svg-icon, .kt-info-box_7b1d44-4b .kt-info-svg-icon-flip, .kt-info-box_7b1d44-4b .kt-blocks-info-box-number{font-size:50px;}.kt-info-box_7b1d44-4b .kt-blocks-info-box-media{border-top-width:0px;border-right-width:0px;border-bottom-width:0px;border-left-width:0px;padding-top:10px;padding-right:10px;padding-bottom:10px;padding-left:10px;margin-top:0px;margin-right:15px;margin-bottom:0px;margin-left:15px;}.kt-info-box_7b1d44-4b .kt-blocks-info-box-learnmore{background:transparent;border-width:0px 0px 0px 0px;padding-top:4px;padding-right:8px;padding-bottom:4px;padding-left:8px;margin-top:10px;margin-right:0px;margin-bottom:10px;margin-left:0px;}<\/style>\n<div class=\"wp-block-kadence-infobox kt-info-box_7b1d44-4b\"><span class=\"kt-blocks-info-box-link-wrap info-box-link kt-blocks-info-box-media-align-left kt-info-halign-left kb-info-box-vertical-media-align-top\"><div class=\"kt-blocks-info-box-media-container\"><div class=\"kt-blocks-info-box-media kt-info-media-animate-none\"><div class=\"kadence-info-box-icon-container kt-info-icon-animate-none\"><div class=\"kadence-info-box-icon-inner-container\"><span class=\"kb-svg-icon-wrap kb-svg-icon-fe_eye kt-info-svg-icon\"><svg viewBox=\"0 0 24 24\"  fill=\"none\" stroke=\"currentColor\" stroke-width=\"2\" stroke-linecap=\"round\" stroke-linejoin=\"round\" xmlns=\"http:\/\/www.w3.org\/2000\/svg\"  aria-hidden=\"true\"><path d=\"M1 12s4-8 11-8 11 8 11 8-4 8-11 8-11-8-11-8z\"\/><circle cx=\"12\" cy=\"12\" r=\"3\"\/><\/svg><\/span><\/div><\/div><\/div><\/div><div class=\"kt-infobox-textcontent\"><h2 class=\"kt-blocks-info-box-title\">Visi\u00f3n<\/h2><p class=\"kt-blocks-info-box-text\">Ser l\u00edderes en innovaci\u00f3n y dise\u00f1o de Tejidos T\u00e9cnicos, ayudando a nuestros clientes a conseguir el m\u00e1ximo rendimiento en cada producto que lanzan al mercado.<\/p><\/div><\/span><\/div>\n\n\n<style>.wp-block-kadence-column.kb-section-dir-horizontal > .kt-inside-inner-col > .kt-info-box_7b97fb-9b .kt-blocks-info-box-link-wrap{max-width:unset;}.kt-info-box_7b97fb-9b .kt-blocks-info-box-link-wrap{padding-top:var(--global-kb-spacing-xs, 1rem);padding-right:var(--global-kb-spacing-xs, 1rem);padding-bottom:var(--global-kb-spacing-xs, 1rem);padding-left:var(--global-kb-spacing-xs, 1rem);margin-bottom:var(--global-kb-spacing-xs, 1rem);}.kt-info-box_7b97fb-9b .kadence-info-box-icon-container .kt-info-svg-icon, .kt-info-box_7b97fb-9b .kt-info-svg-icon-flip, .kt-info-box_7b97fb-9b .kt-blocks-info-box-number{font-size:50px;}.kt-info-box_7b97fb-9b .kt-blocks-info-box-media{border-top-width:0px;border-right-width:0px;border-bottom-width:0px;border-left-width:0px;padding-top:10px;padding-right:10px;padding-bottom:10px;padding-left:10px;margin-top:0px;margin-right:15px;margin-bottom:0px;margin-left:15px;}.kt-info-box_7b97fb-9b .kt-blocks-info-box-learnmore{background:transparent;border-width:0px 0px 0px 0px;padding-top:4px;padding-right:8px;padding-bottom:4px;padding-left:8px;margin-top:10px;margin-right:0px;margin-bottom:10px;margin-left:0px;}<\/style>\n<div class=\"wp-block-kadence-infobox kt-info-box_7b97fb-9b\"><span class=\"kt-blocks-info-box-link-wrap info-box-link kt-blocks-info-box-media-align-left kt-info-halign-left kb-info-box-vertical-media-align-top\"><div class=\"kt-blocks-info-box-media-container\"><div class=\"kt-blocks-info-box-media kt-info-media-animate-none\"><div class=\"kadence-info-box-icon-container kt-info-icon-animate-none\"><div class=\"kadence-info-box-icon-inner-container\"><span class=\"kb-svg-icon-wrap kb-svg-icon-fas_certificate kt-info-svg-icon\"><svg viewBox=\"0 0 512 512\"  fill=\"currentColor\" xmlns=\"http:\/\/www.w3.org\/2000\/svg\"  aria-hidden=\"true\"><path d=\"M458.622 255.92l45.985-45.005c13.708-12.977 7.316-36.039-10.664-40.339l-62.65-15.99 17.661-62.015c4.991-17.838-11.829-34.663-29.661-29.671l-61.994 17.667-15.984-62.671C337.085.197 313.765-6.276 300.99 7.228L256 53.57 211.011 7.229c-12.63-13.351-36.047-7.234-40.325 10.668l-15.984 62.671-61.995-17.667C74.87 57.907 58.056 74.738 63.046 92.572l17.661 62.015-62.65 15.99C.069 174.878-6.31 197.944 7.392 210.915l45.985 45.005-45.985 45.004c-13.708 12.977-7.316 36.039 10.664 40.339l62.65 15.99-17.661 62.015c-4.991 17.838 11.829 34.663 29.661 29.671l61.994-17.667 15.984 62.671c4.439 18.575 27.696 24.018 40.325 10.668L256 458.61l44.989 46.001c12.5 13.488 35.987 7.486 40.325-10.668l15.984-62.671 61.994 17.667c17.836 4.994 34.651-11.837 29.661-29.671l-17.661-62.015 62.65-15.99c17.987-4.302 24.366-27.367 10.664-40.339l-45.984-45.004z\"\/><\/svg><\/span><\/div><\/div><\/div><\/div><div class=\"kt-infobox-textcontent\"><h2 class=\"kt-blocks-info-box-title\">Valores<\/h2><p class=\"kt-blocks-info-box-text\"><strong>Innovaci\u00f3n Tecnol\u00f3gica<\/strong>: en AdC no somos conformistas y sabemos que hemos de seguir innovando en nuestros productos. Entendemos que es el \u00fanico camino para marcar la diferencia con la competencia.<br\/><strong>Cooperaci\u00f3n<\/strong>: trabajar conjuntamente con el cliente y nuestros trabajadores, nos permite trazar un camino s\u00f3lido hacia el \u00e9xito.<br\/><strong>Calidad<\/strong>: AdC siempre se ha caracterizado por la calidad, el pr\u00f3ximo reto es la b\u00fasqueda de la excelencia en nuestro servicio y atenci\u00f3n al cliente.<br\/><strong>Compromiso ambiental<\/strong>: AdC sigue procedimientos sostenibles en todos sus procesos de fabricaci\u00f3n, aparte de una serie de buenas pr\u00e1cticas en la empresa.<\/p><\/div><\/span><\/div>\n<\/div><\/div>\n\n<\/div><\/div>","protected":false},"excerpt":{"rendered":"<p>Artesana de Clofent, especialistas en la fabricaci\u00f3n de tejido t\u00e9cnico Artesana de Clofent, especialistas en la fabricaci\u00f3n de tejido t\u00e9cnico, es una empresa ubicada en el Maresme, en la localidad costera de San Vicente de Montalt, a 35 km de Barcelona. AdC est\u00e1 dirigida y gestionada por un equipo humano profesional y con gran experiencia&#8230;<\/p>\n","protected":false},"author":2,"featured_media":0,"parent":0,"menu_order":0,"comment_status":"closed","ping_status":"closed","template":"","meta":{"_kad_blocks_custom_css":"","_kad_blocks_head_custom_js":"","_kad_blocks_body_custom_js":"","_kad_blocks_footer_custom_js":"","_kad_post_transparent":"","_kad_post_title":"","_kad_post_layout":"","_kad_post_sidebar_id":"","_kad_post_content_style":"","_kad_post_vertical_padding":"","_kad_post_feature":"","_kad_post_feature_position":"","_kad_post_header":false,"_kad_post_footer":false,"footnotes":""},"class_list":["post-3761","page","type-page","status-publish","hentry"],"acf":[],"taxonomy_info":[],"featured_image_src_large":false,"author_info":{"display_name":"Artesana de Clofent","author_link":"https:\/\/www.adclofent.com\/es\/author\/imma\/"},"comment_info":0,"_links":{"self":[{"href":"https:\/\/www.adclofent.com\/es\/wp-json\/wp\/v2\/pages\/3761","targetHints":{"allow":["GET"]}}],"collection":[{"href":"https:\/\/www.adclofent.com\/es\/wp-json\/wp\/v2\/pages"}],"about":[{"href":"https:\/\/www.adclofent.com\/es\/wp-json\/wp\/v2\/types\/page"}],"author":[{"embeddable":true,"href":"https:\/\/www.adclofent.com\/es\/wp-json\/wp\/v2\/users\/2"}],"replies":[{"embeddable":true,"href":"https:\/\/www.adclofent.com\/es\/wp-json\/wp\/v2\/comments?post=3761"}],"version-history":[{"count":22,"href":"https:\/\/www.adclofent.com\/es\/wp-json\/wp\/v2\/pages\/3761\/revisions"}],"predecessor-version":[{"id":6029,"href":"https:\/\/www.adclofent.com\/es\/wp-json\/wp\/v2\/pages\/3761\/revisions\/6029"}],"wp:attachment":[{"href":"https:\/\/www.adclofent.com\/es\/wp-json\/wp\/v2\/media?parent=3761"}],"curies":[{"name":"wp","href":"https:\/\/api.w.org\/{rel}","templated":true}]}}