{"id":3700,"date":"2020-09-10T09:07:15","date_gmt":"2020-09-10T09:07:15","guid":{"rendered":"https:\/\/www.adclofent.com\/?page_id=3700"},"modified":"2024-04-02T17:44:03","modified_gmt":"2024-04-02T15:44:03","slug":"historia-artesana-clofent-tejidos-tecnicos","status":"publish","type":"page","link":"https:\/\/www.adclofent.com\/es\/historia-artesana-clofent-tejidos-tecnicos\/","title":{"rendered":"Historia"},"content":{"rendered":"<style>.kb-row-layout-id_f38b0e-4f > .kt-row-column-wrap{align-content:start;}:where(.kb-row-layout-id_f38b0e-4f > .kt-row-column-wrap) > .wp-block-kadence-column{justify-content:start;}.kb-row-layout-id_f38b0e-4f > .kt-row-column-wrap{column-gap:var(--global-kb-gap-md, 2rem);row-gap:var(--global-kb-gap-md, 2rem);padding-top:var(--global-kb-spacing-lg, 3rem);padding-bottom:var(--global-kb-spacing-lg, 3rem);grid-template-columns:minmax(0, 1fr);}.kb-row-layout-id_f38b0e-4f > .kt-row-layout-overlay{opacity:0.30;}@media all and (max-width: 1024px){.kb-row-layout-id_f38b0e-4f > .kt-row-column-wrap{grid-template-columns:minmax(0, 1fr);}}@media all and (max-width: 767px){.kb-row-layout-id_f38b0e-4f > .kt-row-column-wrap{grid-template-columns:minmax(0, 1fr);}}<\/style><div class=\"kb-row-layout-wrap kb-row-layout-id_f38b0e-4f alignnone wp-block-kadence-rowlayout\"><div class=\"kt-row-column-wrap kt-has-1-columns kt-row-layout-equal kt-tab-layout-inherit kt-mobile-layout-row kt-row-valign-top\">\n<style>.kadence-column_4031a3-13 > .kt-inside-inner-col,.kadence-column_4031a3-13 > .kt-inside-inner-col:before{border-top-left-radius:0px;border-top-right-radius:0px;border-bottom-right-radius:0px;border-bottom-left-radius:0px;}.kadence-column_4031a3-13 > .kt-inside-inner-col{column-gap:var(--global-kb-gap-sm, 1rem);}.kadence-column_4031a3-13 > .kt-inside-inner-col{flex-direction:column;}.kadence-column_4031a3-13 > .kt-inside-inner-col > .aligncenter{width:100%;}.kadence-column_4031a3-13 > .kt-inside-inner-col:before{opacity:0.3;}.kadence-column_4031a3-13{position:relative;}@media all and (max-width: 1024px){.kadence-column_4031a3-13 > .kt-inside-inner-col{flex-direction:column;}}@media all and (max-width: 767px){.kadence-column_4031a3-13 > .kt-inside-inner-col{flex-direction:column;}}<\/style>\n<div class=\"wp-block-kadence-column kadence-column_4031a3-13\"><div class=\"kt-inside-inner-col\"><style>.wp-block-kadence-advancedheading.kt-adv-heading_99cf96-dc, .wp-block-kadence-advancedheading.kt-adv-heading_99cf96-dc[data-kb-block=\"kb-adv-heading_99cf96-dc\"]{font-size:26px;font-style:normal;}.wp-block-kadence-advancedheading.kt-adv-heading_99cf96-dc mark.kt-highlight, .wp-block-kadence-advancedheading.kt-adv-heading_99cf96-dc[data-kb-block=\"kb-adv-heading_99cf96-dc\"] mark.kt-highlight{font-style:normal;color:#f76a0c;-webkit-box-decoration-break:clone;box-decoration-break:clone;padding-top:0px;padding-right:0px;padding-bottom:0px;padding-left:0px;}<\/style>\n<h1 class=\"kt-adv-heading_99cf96-dc wp-block-kadence-advancedheading has-theme-palette-1-color has-text-color\" data-kb-block=\"kb-adv-heading_99cf96-dc\"><strong>Historia<\/strong><\/h1>\n\n\n<style>.wp-block-kadence-advancedheading.kt-adv-heading_20ca87-2f, .wp-block-kadence-advancedheading.kt-adv-heading_20ca87-2f[data-kb-block=\"kb-adv-heading_20ca87-2f\"]{font-size:22px;font-style:normal;}.wp-block-kadence-advancedheading.kt-adv-heading_20ca87-2f mark.kt-highlight, .wp-block-kadence-advancedheading.kt-adv-heading_20ca87-2f[data-kb-block=\"kb-adv-heading_20ca87-2f\"] mark.kt-highlight{font-style:normal;color:#f76a0c;-webkit-box-decoration-break:clone;box-decoration-break:clone;padding-top:0px;padding-right:0px;padding-bottom:0px;padding-left:0px;}<\/style>\n<h2 class=\"kt-adv-heading_20ca87-2f wp-block-kadence-advancedheading\" data-kb-block=\"kb-adv-heading_20ca87-2f\"><strong>Artesana de Clofent desde 1952<\/strong><\/h2>\n\n\n\n<p>En 1952 Josep Clofent y Salvadora Rosique crearon la marca Artesana, inicialmente un negocio textil dedicado a la producci\u00f3n de trencilla. La voluntad de desarrollar nuevos productos hizo que en 1968 adquirieran maquinaria de ganchillo. La sede actual de AdC se inaugur\u00f3 en 1974, los m\u00e1s de 2.000 m\u00b2 hicieron posible invertir en la adquisici\u00f3n de nueva maquinaria para convertirse en un referente en el sector de la cinter\u00eda a escala nacional.<\/p>\n\n\n\n<p>En 1986 Artesana de Clofent se constituy\u00f3 en Sociedad An\u00f3nima, el mismo a\u00f1o la empresa adquiri\u00f3 telares Jacquard para ofrecer la personalizaci\u00f3n total del producto a sus clientes.<\/p>\n\n\n\n<p>En 1997 dise\u00f1aron e instalaron un innovador sistema de acabados que permit\u00eda enriquecer sus productos dot\u00e1ndolos de valor a\u00f1adido. Este sistema fue pionero en las materias primas que forman el tejido, as\u00ed como por el reducido uso de agua que les permiten ser un ejemplo de ecologismo en el sector. Esta b\u00fasqueda de la innovaci\u00f3n hizo que al a\u00f1o siguiente iniciaran la producci\u00f3n de tejidos t\u00e9cnicos, concretamente en el sector de la ortopedia. En 2002 equiparon al laboratorio de la empresa con los instrumentos necesarios para el an\u00e1lisis y la representaci\u00f3n de tejidos de uso t\u00e9cnico, adem\u00e1s de certificar la calidad de sus productos.<\/p>\n\n\n\n<p>Actualmente, en la empresa trabaja la segunda y tercera generaci\u00f3n conjuntamente, haciendo que el compromiso de los fundadores con la innovaci\u00f3n contin\u00fae a d\u00eda de hoy. En los \u00faltimos a\u00f1os, ha aumentado significativamente la exportaci\u00f3n, as\u00ed como la variedad de productos ofrecidos, garantizando un servicio r\u00e1pido y de calidad.<\/p>\n\n\n<style>.wp-block-kadence-advancedbtn.kb-btns_e0889d-59{gap:var(--global-kb-gap-xs, 0.5rem );justify-content:flex-start;align-items:center;}.kt-btns_e0889d-59 .kt-button{font-weight:normal;font-style:normal;}.kt-btns_e0889d-59 .kt-btn-wrap-0{margin-right:5px;}.wp-block-kadence-advancedbtn.kt-btns_e0889d-59 .kt-btn-wrap-0 .kt-button{color:#555555;border-color:#555555;}.wp-block-kadence-advancedbtn.kt-btns_e0889d-59 .kt-btn-wrap-0 .kt-button:hover, .wp-block-kadence-advancedbtn.kt-btns_e0889d-59 .kt-btn-wrap-0 .kt-button:focus{color:#ffffff;border-color:#444444;}.wp-block-kadence-advancedbtn.kt-btns_e0889d-59 .kt-btn-wrap-0 .kt-button::before{display:none;}.wp-block-kadence-advancedbtn.kt-btns_e0889d-59 .kt-btn-wrap-0 .kt-button:hover, .wp-block-kadence-advancedbtn.kt-btns_e0889d-59 .kt-btn-wrap-0 .kt-button:focus{background:#444444;}<\/style>\n<div class=\"wp-block-kadence-advancedbtn kb-buttons-wrap kb-btns_e0889d-59\"><style>ul.menu .wp-block-kadence-advancedbtn .kb-btn_980b8b-76.kb-button{width:initial;}@media all and (max-width: 1024px){.kb-btn_980b8b-76.kb-button .kb-svg-icon-wrap{display:block;}}<\/style><a class=\"kb-button kt-button button kb-btn_980b8b-76 kt-btn-size-standard kt-btn-width-type-auto kb-btn-global-inherit kt-btn-has-text-true kt-btn-has-svg-false wp-block-button__link wp-block-kadence-singlebtn\" href=\"https:\/\/www.adclofent.com\/es\/contacto-fabricante-tejidos-tecnicos\/\"><span class=\"kt-btn-inner-text\">ContactO<\/span><\/a><\/div>\n<\/div><\/div>\n\n<\/div><\/div>\n\n<style>.kb-row-layout-id_ef8155-4a > .kt-row-column-wrap{align-content:start;}:where(.kb-row-layout-id_ef8155-4a > .kt-row-column-wrap) > .wp-block-kadence-column{justify-content:start;}.kb-row-layout-id_ef8155-4a > .kt-row-column-wrap{column-gap:var(--global-kb-gap-md, 2rem);row-gap:var(--global-kb-gap-md, 2rem);padding-top:var(--global-kb-spacing-sm, 1.5rem);padding-bottom:var(--global-kb-spacing-sm, 1.5rem);grid-template-columns:repeat(2, minmax(0, 1fr));}.kb-row-layout-id_ef8155-4a > .kt-row-layout-overlay{opacity:0.30;}@media all and (max-width: 1024px){.kb-row-layout-id_ef8155-4a > .kt-row-column-wrap{grid-template-columns:repeat(2, minmax(0, 1fr));}}@media all and (max-width: 767px){.kb-row-layout-id_ef8155-4a > .kt-row-column-wrap{grid-template-columns:minmax(0, 1fr);}}<\/style><div class=\"kb-row-layout-wrap kb-row-layout-id_ef8155-4a alignnone wp-block-kadence-rowlayout\"><div class=\"kt-row-column-wrap kt-has-2-columns kt-row-layout-equal kt-tab-layout-inherit kt-mobile-layout-row kt-row-valign-top\">\n<style>.kadence-column_bf9fed-28 > .kt-inside-inner-col,.kadence-column_bf9fed-28 > .kt-inside-inner-col:before{border-top-left-radius:0px;border-top-right-radius:0px;border-bottom-right-radius:0px;border-bottom-left-radius:0px;}.kadence-column_bf9fed-28 > .kt-inside-inner-col{column-gap:var(--global-kb-gap-sm, 1rem);}.kadence-column_bf9fed-28 > .kt-inside-inner-col{flex-direction:column;}.kadence-column_bf9fed-28 > .kt-inside-inner-col > .aligncenter{width:100%;}.kadence-column_bf9fed-28 > .kt-inside-inner-col:before{opacity:0.3;}.kadence-column_bf9fed-28{position:relative;}@media all and (max-width: 1024px){.kadence-column_bf9fed-28 > .kt-inside-inner-col{flex-direction:column;}}@media all and (max-width: 767px){.kadence-column_bf9fed-28 > .kt-inside-inner-col{flex-direction:column;}}<\/style>\n<div class=\"wp-block-kadence-column kadence-column_bf9fed-28\"><div class=\"kt-inside-inner-col\"><style>.kb-image_c1f5b9-a3 .kb-image-has-overlay:after{opacity:0.3;}<\/style>\n<figure class=\"wp-block-kadence-image kb-image_c1f5b9-a3 size-large\"><img decoding=\"async\" width=\"1024\" height=\"746\" src=\"https:\/\/www.adclofent.com\/wp-content\/uploads\/2020\/07\/foto2-1024x746.jpg\" alt=\"Artesana de Clofent\" class=\"kb-img wp-image-3702\" srcset=\"https:\/\/www.adclofent.com\/wp-content\/uploads\/2020\/07\/foto2-1024x746.jpg 1024w, https:\/\/www.adclofent.com\/wp-content\/uploads\/2020\/07\/foto2-300x219.jpg 300w, https:\/\/www.adclofent.com\/wp-content\/uploads\/2020\/07\/foto2-768x560.jpg 768w, https:\/\/www.adclofent.com\/wp-content\/uploads\/2020\/07\/foto2-624x455.jpg 624w, https:\/\/www.adclofent.com\/wp-content\/uploads\/2020\/07\/foto2.jpg 1387w\" sizes=\"(max-width: 1024px) 100vw, 1024px\" \/><\/figure>\n<\/div><\/div>\n\n\n<style>.kadence-column_0a8291-56 > .kt-inside-inner-col,.kadence-column_0a8291-56 > .kt-inside-inner-col:before{border-top-left-radius:0px;border-top-right-radius:0px;border-bottom-right-radius:0px;border-bottom-left-radius:0px;}.kadence-column_0a8291-56 > .kt-inside-inner-col{column-gap:var(--global-kb-gap-sm, 1rem);}.kadence-column_0a8291-56 > .kt-inside-inner-col{flex-direction:column;}.kadence-column_0a8291-56 > .kt-inside-inner-col > .aligncenter{width:100%;}.kadence-column_0a8291-56 > .kt-inside-inner-col:before{opacity:0.3;}.kadence-column_0a8291-56{position:relative;}@media all and (max-width: 1024px){.kadence-column_0a8291-56 > .kt-inside-inner-col{flex-direction:column;}}@media all and (max-width: 767px){.kadence-column_0a8291-56 > .kt-inside-inner-col{flex-direction:column;}}<\/style>\n<div class=\"wp-block-kadence-column kadence-column_0a8291-56\"><div class=\"kt-inside-inner-col\"><style>.wp-block-kadence-advancedgallery .kb-gallery-type-masonry.kb-gallery-id-_75b361-21{margin:-15px;}.kb-gallery-type-masonry.kb-gallery-id-_75b361-21 .kadence-blocks-gallery-item{padding:15px;}.kb-gallery-id-_75b361-21 .kadence-blocks-gallery-item .kb-gal-image-radius, .kb-gallery-id-_75b361-21 .kb-slide-item .kb-gal-image-radius img{border-radius:0px 0px 0px 0px;;}<\/style><div class=\"kb-gallery-wrap-id-_75b361-21 alignnone wp-block-kadence-advancedgallery\"><ul class=\"kb-gallery-ul kb-gallery-non-static kb-gallery-type-masonry kb-masonry-init kb-gallery-id-_75b361-21 kb-gallery-caption-style-bottom-hover kb-gallery-filter-none\" data-image-filter=\"none\" data-item-selector=\".kadence-blocks-gallery-item\" data-lightbox-caption=\"true\" data-columns-xxl=\"2\" data-columns-xl=\"2\" data-columns-md=\"2\" data-columns-sm=\"2\" data-columns-xs=\"1\" data-columns-ss=\"1\"><li class=\"kadence-blocks-gallery-item\"><div class=\"kadence-blocks-gallery-item-inner\"><figure class=\"kb-gallery-figure kadence-blocks-gallery-item-hide-caption\" \"><div class=\"kb-gal-image-radius\" style=\"max-width:569px;\"><div class=\"kb-gallery-image-contain kadence-blocks-gallery-intrinsic\" style=\"padding-bottom:58%;\"><img decoding=\"async\" src=\"https:\/\/www.adclofent.com\/wp-content\/uploads\/2020\/07\/logo1.png\" width=\"569\" height=\"334\" alt=\"\" data-full-image=\"https:\/\/www.adclofent.com\/wp-content\/uploads\/2020\/07\/logo1.png\" data-light-image=\"https:\/\/www.adclofent.com\/wp-content\/uploads\/2020\/07\/logo1.png\" data-id=\"3708\" class=\"wp-image-3708\" srcset=\"https:\/\/www.adclofent.com\/wp-content\/uploads\/2020\/07\/logo1.png 569w, https:\/\/www.adclofent.com\/wp-content\/uploads\/2020\/07\/logo1-300x176.png 300w\" sizes=\"(max-width: 569px) 100vw, 569px\" \/><\/div><\/div><\/figure><\/div><\/li><li class=\"kadence-blocks-gallery-item\"><div class=\"kadence-blocks-gallery-item-inner\"><figure class=\"kb-gallery-figure kadence-blocks-gallery-item-hide-caption\" \"><div class=\"kb-gal-image-radius\" style=\"max-width:521px;\"><div class=\"kb-gallery-image-contain kadence-blocks-gallery-intrinsic\" style=\"padding-bottom:55%;\"><img decoding=\"async\" src=\"https:\/\/www.adclofent.com\/wp-content\/uploads\/2020\/07\/logo2.png\" width=\"521\" height=\"290\" alt=\"\" data-full-image=\"https:\/\/www.adclofent.com\/wp-content\/uploads\/2020\/07\/logo2.png\" data-light-image=\"https:\/\/www.adclofent.com\/wp-content\/uploads\/2020\/07\/logo2.png\" data-id=\"3712\" class=\"wp-image-3712\" srcset=\"https:\/\/www.adclofent.com\/wp-content\/uploads\/2020\/07\/logo2.png 521w, https:\/\/www.adclofent.com\/wp-content\/uploads\/2020\/07\/logo2-300x167.png 300w\" sizes=\"(max-width: 521px) 100vw, 521px\" \/><\/div><\/div><\/figure><\/div><\/li><li class=\"kadence-blocks-gallery-item\"><div class=\"kadence-blocks-gallery-item-inner\"><figure class=\"kb-gallery-figure kadence-blocks-gallery-item-hide-caption\" \"><div class=\"kb-gal-image-radius\" style=\"max-width:498px;\"><div class=\"kb-gallery-image-contain kadence-blocks-gallery-intrinsic\" style=\"padding-bottom:39%;\"><img decoding=\"async\" src=\"https:\/\/www.adclofent.com\/wp-content\/uploads\/2020\/07\/logo5.png\" width=\"498\" height=\"199\" alt=\"\" data-full-image=\"https:\/\/www.adclofent.com\/wp-content\/uploads\/2020\/07\/logo5.png\" data-light-image=\"https:\/\/www.adclofent.com\/wp-content\/uploads\/2020\/07\/logo5.png\" data-id=\"3724\" class=\"wp-image-3724\" srcset=\"https:\/\/www.adclofent.com\/wp-content\/uploads\/2020\/07\/logo5.png 498w, https:\/\/www.adclofent.com\/wp-content\/uploads\/2020\/07\/logo5-300x120.png 300w\" sizes=\"(max-width: 498px) 100vw, 498px\" \/><\/div><\/div><\/figure><\/div><\/li><li class=\"kadence-blocks-gallery-item\"><div class=\"kadence-blocks-gallery-item-inner\"><figure class=\"kb-gallery-figure kadence-blocks-gallery-item-hide-caption\" \"><div class=\"kb-gal-image-radius\" style=\"max-width:1024px;\"><div class=\"kb-gallery-image-contain kadence-blocks-gallery-intrinsic\" style=\"padding-bottom:52%;\"><img decoding=\"async\" src=\"https:\/\/www.adclofent.com\/wp-content\/uploads\/2020\/07\/logo3-1024x537.png\" width=\"1024\" height=\"537\" alt=\"\" data-full-image=\"https:\/\/www.adclofent.com\/wp-content\/uploads\/2020\/07\/logo3.png\" data-light-image=\"https:\/\/www.adclofent.com\/wp-content\/uploads\/2020\/07\/logo3.png\" data-id=\"3716\" class=\"wp-image-3716\" srcset=\"https:\/\/www.adclofent.com\/wp-content\/uploads\/2020\/07\/logo3-1024x537.png 1024w, https:\/\/www.adclofent.com\/wp-content\/uploads\/2020\/07\/logo3-300x157.png 300w, https:\/\/www.adclofent.com\/wp-content\/uploads\/2020\/07\/logo3-768x403.png 768w, https:\/\/www.adclofent.com\/wp-content\/uploads\/2020\/07\/logo3-624x327.png 624w, https:\/\/www.adclofent.com\/wp-content\/uploads\/2020\/07\/logo3.png 1920w\" sizes=\"(max-width: 1024px) 100vw, 1024px\" \/><\/div><\/div><\/figure><\/div><\/li><li class=\"kadence-blocks-gallery-item\"><div class=\"kadence-blocks-gallery-item-inner\"><figure class=\"kb-gallery-figure kadence-blocks-gallery-item-hide-caption\" \"><div class=\"kb-gal-image-radius\" style=\"max-width:600px;\"><div class=\"kb-gallery-image-contain kadence-blocks-gallery-intrinsic\" style=\"padding-bottom:47%;\"><img decoding=\"async\" src=\"https:\/\/www.adclofent.com\/wp-content\/uploads\/2020\/07\/logo4.jpg\" width=\"600\" height=\"287\" alt=\"\" data-full-image=\"https:\/\/www.adclofent.com\/wp-content\/uploads\/2020\/07\/logo4.jpg\" data-light-image=\"https:\/\/www.adclofent.com\/wp-content\/uploads\/2020\/07\/logo4.jpg\" data-id=\"3720\" class=\"wp-image-3720\" srcset=\"https:\/\/www.adclofent.com\/wp-content\/uploads\/2020\/07\/logo4.jpg 600w, https:\/\/www.adclofent.com\/wp-content\/uploads\/2020\/07\/logo4-300x144.jpg 300w\" sizes=\"(max-width: 600px) 100vw, 600px\" \/><\/div><\/div><\/figure><\/div><\/li><\/ul><\/div><\/div><\/div>\n\n<\/div><\/div>","protected":false},"excerpt":{"rendered":"<p>Historia Artesana de Clofent desde 1952 En 1952 Josep Clofent y Salvadora Rosique crearon la marca Artesana, inicialmente un negocio textil dedicado a la producci\u00f3n de trencilla. La voluntad de desarrollar nuevos productos hizo que en 1968 adquirieran maquinaria de ganchillo. La sede actual de AdC se inaugur\u00f3 en 1974, los m\u00e1s de 2.000 m\u00b2&#8230;<\/p>\n","protected":false},"author":2,"featured_media":0,"parent":0,"menu_order":0,"comment_status":"closed","ping_status":"closed","template":"","meta":{"_kad_blocks_custom_css":"","_kad_blocks_head_custom_js":"","_kad_blocks_body_custom_js":"","_kad_blocks_footer_custom_js":"","_kad_post_transparent":"","_kad_post_title":"","_kad_post_layout":"","_kad_post_sidebar_id":"","_kad_post_content_style":"","_kad_post_vertical_padding":"","_kad_post_feature":"","_kad_post_feature_position":"","_kad_post_header":false,"_kad_post_footer":false,"footnotes":""},"class_list":["post-3700","page","type-page","status-publish","hentry"],"acf":[],"taxonomy_info":[],"featured_image_src_large":false,"author_info":{"display_name":"Artesana de Clofent","author_link":"https:\/\/www.adclofent.com\/es\/author\/imma\/"},"comment_info":0,"_links":{"self":[{"href":"https:\/\/www.adclofent.com\/es\/wp-json\/wp\/v2\/pages\/3700","targetHints":{"allow":["GET"]}}],"collection":[{"href":"https:\/\/www.adclofent.com\/es\/wp-json\/wp\/v2\/pages"}],"about":[{"href":"https:\/\/www.adclofent.com\/es\/wp-json\/wp\/v2\/types\/page"}],"author":[{"embeddable":true,"href":"https:\/\/www.adclofent.com\/es\/wp-json\/wp\/v2\/users\/2"}],"replies":[{"embeddable":true,"href":"https:\/\/www.adclofent.com\/es\/wp-json\/wp\/v2\/comments?post=3700"}],"version-history":[{"count":12,"href":"https:\/\/www.adclofent.com\/es\/wp-json\/wp\/v2\/pages\/3700\/revisions"}],"predecessor-version":[{"id":6033,"href":"https:\/\/www.adclofent.com\/es\/wp-json\/wp\/v2\/pages\/3700\/revisions\/6033"}],"wp:attachment":[{"href":"https:\/\/www.adclofent.com\/es\/wp-json\/wp\/v2\/media?parent=3700"}],"curies":[{"name":"wp","href":"https:\/\/api.w.org\/{rel}","templated":true}]}}