{"id":3159,"date":"2019-09-26T11:32:00","date_gmt":"2019-09-26T11:32:00","guid":{"rendered":"https:\/\/www.adclofent.com\/?page_id=3159"},"modified":"2025-02-07T13:29:35","modified_gmt":"2025-02-07T12:29:35","slug":"aviso-legal","status":"publish","type":"page","link":"https:\/\/www.adclofent.com\/es\/aviso-legal\/","title":{"rendered":"Aviso Legal"},"content":{"rendered":"<style>.kb-row-layout-id3159_6d0da4-02 > .kt-row-column-wrap{align-content:start;}:where(.kb-row-layout-id3159_6d0da4-02 > .kt-row-column-wrap) > .wp-block-kadence-column{justify-content:start;}.kb-row-layout-id3159_6d0da4-02 > .kt-row-column-wrap{column-gap:var(--global-kb-gap-md, 2rem);row-gap:var(--global-kb-gap-md, 2rem);padding-top:var(--global-kb-spacing-sm, 1.5rem);padding-bottom:var(--global-kb-spacing-sm, 1.5rem);grid-template-columns:minmax(0, 1fr);}.kb-row-layout-id3159_6d0da4-02 > .kt-row-layout-overlay{opacity:0.30;}@media all and (max-width: 1024px){.kb-row-layout-id3159_6d0da4-02 > .kt-row-column-wrap{grid-template-columns:minmax(0, 1fr);}}@media all and (max-width: 767px){.kb-row-layout-id3159_6d0da4-02 > .kt-row-column-wrap{grid-template-columns:minmax(0, 1fr);}}<\/style><div class=\"kb-row-layout-wrap kb-row-layout-id3159_6d0da4-02 alignnone wp-block-kadence-rowlayout\"><div class=\"kt-row-column-wrap kt-has-1-columns kt-row-layout-equal kt-tab-layout-inherit kt-mobile-layout-row kt-row-valign-top\">\n<style>.kadence-column3159_8eab38-5d > .kt-inside-inner-col,.kadence-column3159_8eab38-5d > .kt-inside-inner-col:before{border-top-left-radius:0px;border-top-right-radius:0px;border-bottom-right-radius:0px;border-bottom-left-radius:0px;}.kadence-column3159_8eab38-5d > .kt-inside-inner-col{column-gap:var(--global-kb-gap-sm, 1rem);}.kadence-column3159_8eab38-5d > .kt-inside-inner-col{flex-direction:column;}.kadence-column3159_8eab38-5d > .kt-inside-inner-col > .aligncenter{width:100%;}.kadence-column3159_8eab38-5d > .kt-inside-inner-col:before{opacity:0.3;}.kadence-column3159_8eab38-5d{position:relative;}@media all and (max-width: 1024px){.kadence-column3159_8eab38-5d > .kt-inside-inner-col{flex-direction:column;}}@media all and (max-width: 767px){.kadence-column3159_8eab38-5d > .kt-inside-inner-col{flex-direction:column;}}<\/style>\n<div class=\"wp-block-kadence-column kadence-column3159_8eab38-5d\"><div class=\"kt-inside-inner-col\">\n<h1 class=\"wp-block-heading has-medium-font-size\"><strong>Aviso Legal<\/strong><\/h1>\n\n\n\n<p><strong>Informaci\u00f3n General<\/strong><\/p>\n\n\n\n<p>El titular del sitio web sitio web www.adclofent.com es Artesana de Clofent SA, con NIF A58216391 y domicilio sito en Calle de Baix, 11, 08394 Sant Vicen\u00e7 de Montalt. La entidad se encuentra inscrita en el Registro Mercantil con los siguientes datos de inscripci\u00f3n.<\/p>\n\n\n\n<p>Con \u00e1nimo de que el uso del sitio web se ajuste a criterios de transparencia, claridad y sencillez, Artesana de Clofent informa al usuario que cualquier sugerencia, duda o consulta sobre el presente Aviso Legal o cualquier otro documento informativo del sitio web ser\u00e1 recibida y solucionada contactando con Artesana de Clofent,&nbsp; a trav\u00e9s de la direcci\u00f3n de correo electr\u00f3nico: adc@adclofent.com.<\/p>\n\n\n\n<p><strong>Propiedad Intelectual<\/strong><\/p>\n\n\n\n<p>Todos los contenidos que se muestran en el presente sitio web, y en especial dise\u00f1os, textos, im\u00e1genes, logos, iconos, nombres comerciales, marcas o cualquier otra informaci\u00f3n susceptible de utilizaci\u00f3n industrial y\/o comercial est\u00e1n protegidos por los correspondientes derechos de autor, no permitiendo su reproducci\u00f3n, transmisi\u00f3n o registro&nbsp; de informaci\u00f3n salvo autorizaci\u00f3n previa del titular, Artesana de Clofent. No obstante el usuario podr\u00e1 utilizar informaci\u00f3n facilitada para gestionar su pedido y los datos de contacto correspondientes.<\/p>\n\n\n\n<p><strong>Enlaces<\/strong><\/p>\n\n\n\n<p>Artesana de Clofent no asume ninguna responsabilidad sobre los enlaces hac\u00eda otros sitios o p\u00e1ginas web que, en su caso, pudieran incluirse en el mismo, ya que no tiene ning\u00fan tipo de control sobre los mismos, por lo que el usuario accede bajo su exclusiva responsabilidad al contenido y en las condiciones de uso que rijan en los mismos.<\/p>\n<\/div><\/div>\n\n<\/div><\/div>","protected":false},"excerpt":{"rendered":"<p>Aviso Legal Informaci\u00f3n General El titular del sitio web sitio web www.adclofent.com es Artesana de Clofent SA, con NIF A58216391 y domicilio sito en Calle de Baix, 11, 08394 Sant Vicen\u00e7 de Montalt. La entidad se encuentra inscrita en el Registro Mercantil con los siguientes datos de inscripci\u00f3n. Con \u00e1nimo de que el uso del&#8230;<\/p>\n","protected":false},"author":2,"featured_media":0,"parent":0,"menu_order":0,"comment_status":"closed","ping_status":"closed","template":"","meta":{"_kad_blocks_custom_css":"","_kad_blocks_head_custom_js":"","_kad_blocks_body_custom_js":"","_kad_blocks_footer_custom_js":"","_kad_post_transparent":"","_kad_post_title":"","_kad_post_layout":"","_kad_post_sidebar_id":"","_kad_post_content_style":"","_kad_post_vertical_padding":"","_kad_post_feature":"","_kad_post_feature_position":"","_kad_post_header":false,"_kad_post_footer":false,"footnotes":""},"class_list":["post-3159","page","type-page","status-publish","hentry"],"acf":[],"taxonomy_info":[],"featured_image_src_large":false,"author_info":{"display_name":"Artesana de Clofent","author_link":"https:\/\/www.adclofent.com\/es\/author\/imma\/"},"comment_info":0,"_links":{"self":[{"href":"https:\/\/www.adclofent.com\/es\/wp-json\/wp\/v2\/pages\/3159","targetHints":{"allow":["GET"]}}],"collection":[{"href":"https:\/\/www.adclofent.com\/es\/wp-json\/wp\/v2\/pages"}],"about":[{"href":"https:\/\/www.adclofent.com\/es\/wp-json\/wp\/v2\/types\/page"}],"author":[{"embeddable":true,"href":"https:\/\/www.adclofent.com\/es\/wp-json\/wp\/v2\/users\/2"}],"replies":[{"embeddable":true,"href":"https:\/\/www.adclofent.com\/es\/wp-json\/wp\/v2\/comments?post=3159"}],"version-history":[{"count":7,"href":"https:\/\/www.adclofent.com\/es\/wp-json\/wp\/v2\/pages\/3159\/revisions"}],"predecessor-version":[{"id":6341,"href":"https:\/\/www.adclofent.com\/es\/wp-json\/wp\/v2\/pages\/3159\/revisions\/6341"}],"wp:attachment":[{"href":"https:\/\/www.adclofent.com\/es\/wp-json\/wp\/v2\/media?parent=3159"}],"curies":[{"name":"wp","href":"https:\/\/api.w.org\/{rel}","templated":true}]}}