{"id":5844,"date":"2023-06-29T12:39:38","date_gmt":"2023-06-29T10:39:38","guid":{"rendered":"https:\/\/acf.mmkt.dev\/?post_type=product&#038;p=5844"},"modified":"2024-05-23T11:23:22","modified_gmt":"2024-05-23T09:23:22","slug":"cintes-personalitzades","status":"publish","type":"product","link":"https:\/\/www.adclofent.com\/ca\/product\/complements\/cintes-personalitzades\/","title":{"rendered":"Cintes personalitzades"},"content":{"rendered":"\n<p>Artesana de Clofent ofereix la fabricaci\u00f3 d&#8217;una <strong>extensa gamma de teixits el\u00e0stics i cintes r\u00edgides personalitzades<\/strong>.<\/p>\n\n\n\n<p>Les cintes el\u00e0stiques estan teixides amb materials d&#8217;alta qualitat i amb propietats t\u00e8cniques espec\u00edfiques adaptades a l&#8217;\u00fas final i als requisits del vostre producte.<\/p>\n\n\n\n<p>Tenim teixits amb una \u00e0mplia varietat de <strong>composicions, des de poli\u00e8ster, poliamida, cot\u00f3, elast\u00f2mer, l\u00e0tex, soja o lli<\/strong>, entre d&#8217;altres.<\/p>\n\n\n\n<p>A m\u00e9s a m\u00e9s, gr\u00e0cies al nostre equip d&#8217;R+D, tenim la <strong>capacitat de desenvolupar cintes especials, personalitzades i adaptades<\/strong> a les necessitats dels nostres clients.<\/p>\n\n\n\n<p>Els nostres <strong>amples<\/strong> van <strong>dels 5\u202fmm als 600 mm<\/strong>.<\/p>\n\n\n\n<p>Si el que busqueu s\u00f3n cintes amb dibuixos o logos serigrafiats, el nostre equip us ajudar\u00e0 a trobar la millor soluci\u00f3.<\/p>\n\n\n\n<p>Contacteu amb nosaltres i resoldrem tots els vostres dubtes.<\/p>\n","protected":false},"featured_media":5241,"parent":5822,"menu_order":0,"template":"","meta":{"_kad_blocks_custom_css":"","_kad_blocks_head_custom_js":"","_kad_blocks_body_custom_js":"","_kad_blocks_footer_custom_js":"","_kad_post_transparent":"","_kad_post_title":"","_kad_post_layout":"","_kad_post_sidebar_id":"","_kad_post_content_style":"","_kad_post_vertical_padding":"","_kad_post_feature":"","_kad_post_feature_position":"","_kad_post_header":false,"_kad_post_footer":false,"footnotes":""},"product-type":[47],"class_list":["post-5844","product","type-product","status-publish","has-post-thumbnail","hentry","product-type-complements-ca"],"acf":[],"taxonomy_info":{"product-type":[{"value":47,"label":"Complements"}]},"featured_image_src_large":["https:\/\/www.adclofent.com\/wp-content\/uploads\/2023\/05\/9.5.-CINTES-PERSONALITZADES-768x1024.jpeg",768,1024,true],"author_info":[],"comment_info":"","_links":{"self":[{"href":"https:\/\/www.adclofent.com\/ca\/wp-json\/wp\/v2\/product\/5844","targetHints":{"allow":["GET"]}}],"collection":[{"href":"https:\/\/www.adclofent.com\/ca\/wp-json\/wp\/v2\/product"}],"about":[{"href":"https:\/\/www.adclofent.com\/ca\/wp-json\/wp\/v2\/types\/product"}],"version-history":[{"count":1,"href":"https:\/\/www.adclofent.com\/ca\/wp-json\/wp\/v2\/product\/5844\/revisions"}],"predecessor-version":[{"id":5847,"href":"https:\/\/www.adclofent.com\/ca\/wp-json\/wp\/v2\/product\/5844\/revisions\/5847"}],"up":[{"embeddable":true,"href":"https:\/\/www.adclofent.com\/ca\/wp-json\/wp\/v2\/product\/5822"}],"wp:featuredmedia":[{"embeddable":true,"href":"https:\/\/www.adclofent.com\/ca\/wp-json\/wp\/v2\/media\/5241"}],"wp:attachment":[{"href":"https:\/\/www.adclofent.com\/ca\/wp-json\/wp\/v2\/media?parent=5844"}],"wp:term":[{"taxonomy":"product-type","embeddable":true,"href":"https:\/\/www.adclofent.com\/ca\/wp-json\/wp\/v2\/product-type?post=5844"}],"curies":[{"name":"wp","href":"https:\/\/api.w.org\/{rel}","templated":true}]}}