{"id":5840,"date":"2023-06-29T12:38:38","date_gmt":"2023-06-29T10:38:38","guid":{"rendered":"https:\/\/acf.mmkt.dev\/?post_type=product&#038;p=5840"},"modified":"2024-05-23T10:49:34","modified_gmt":"2024-05-23T08:49:34","slug":"cintes-elastiques","status":"publish","type":"product","link":"https:\/\/www.adclofent.com\/ca\/product\/complements\/cintes-elastiques\/","title":{"rendered":"Cintes el\u00e0stiques"},"content":{"rendered":"\n<p>Dins d&#8217;Artesana de Clofent comptem amb una<strong> gran diversitat de cintes el\u00e0stiques<\/strong> per complements per qualsevol producte. Trobareu <strong>cintes de diferents colors, composicions, amplades i propietats<\/strong>, entre les quals estar\u00e0 la m\u00e9s id\u00f2nia pels vostres productes.<\/p>\n\n\n\n<p>A m\u00e9s a m\u00e9s, el nostre equip de qualitat podr\u00e0 ajustar encara m\u00e9s al que busqueu gr\u00e0cies als nostres acabats t\u00e8cnics, que acabaran de donar-li al teixit les propietats que necessiteu, tenint tamb\u00e9 en compte el sector al qual est\u00e0 destinat el producte i la normativa que l&#8217;afecta.<\/p>\n\n\n\n<p><strong>A AdC ens ajustem als requisits dels nostres clients<\/strong>, per tal de resoldre i proposar la millor alternativa tenint en compte l&#8217;objectiu de confecci\u00f3.<\/p>\n\n\n\n<p>Si entre els apartats anteriors no est\u00e0 la finalitat dels vostres productes i la cinta que necessiteu, podeu consultar-nos directament, de segur que podem ajudar-vos a trobar el que busqueu.<\/p>\n","protected":false},"featured_media":5235,"parent":5822,"menu_order":0,"template":"","meta":{"_kad_blocks_custom_css":"","_kad_blocks_head_custom_js":"","_kad_blocks_body_custom_js":"","_kad_blocks_footer_custom_js":"","_kad_post_transparent":"","_kad_post_title":"","_kad_post_layout":"","_kad_post_sidebar_id":"","_kad_post_content_style":"","_kad_post_vertical_padding":"","_kad_post_feature":"","_kad_post_feature_position":"","_kad_post_header":false,"_kad_post_footer":false,"footnotes":""},"product-type":[47],"class_list":["post-5840","product","type-product","status-publish","has-post-thumbnail","hentry","product-type-complements-ca"],"acf":[],"taxonomy_info":{"product-type":[{"value":47,"label":"Complements"}]},"featured_image_src_large":["https:\/\/www.adclofent.com\/wp-content\/uploads\/2023\/05\/9.4.-CINTES-ELASTIQUES-768x1024.jpeg",768,1024,true],"author_info":[],"comment_info":"","_links":{"self":[{"href":"https:\/\/www.adclofent.com\/ca\/wp-json\/wp\/v2\/product\/5840","targetHints":{"allow":["GET"]}}],"collection":[{"href":"https:\/\/www.adclofent.com\/ca\/wp-json\/wp\/v2\/product"}],"about":[{"href":"https:\/\/www.adclofent.com\/ca\/wp-json\/wp\/v2\/types\/product"}],"version-history":[{"count":1,"href":"https:\/\/www.adclofent.com\/ca\/wp-json\/wp\/v2\/product\/5840\/revisions"}],"predecessor-version":[{"id":5842,"href":"https:\/\/www.adclofent.com\/ca\/wp-json\/wp\/v2\/product\/5840\/revisions\/5842"}],"up":[{"embeddable":true,"href":"https:\/\/www.adclofent.com\/ca\/wp-json\/wp\/v2\/product\/5822"}],"wp:featuredmedia":[{"embeddable":true,"href":"https:\/\/www.adclofent.com\/ca\/wp-json\/wp\/v2\/media\/5235"}],"wp:attachment":[{"href":"https:\/\/www.adclofent.com\/ca\/wp-json\/wp\/v2\/media?parent=5840"}],"wp:term":[{"taxonomy":"product-type","embeddable":true,"href":"https:\/\/www.adclofent.com\/ca\/wp-json\/wp\/v2\/product-type?post=5840"}],"curies":[{"name":"wp","href":"https:\/\/api.w.org\/{rel}","templated":true}]}}