{"id":5827,"date":"2023-06-29T12:35:32","date_gmt":"2023-06-29T10:35:32","guid":{"rendered":"https:\/\/acf.mmkt.dev\/?post_type=product&#038;p=5827"},"modified":"2024-04-16T12:27:43","modified_gmt":"2024-04-16T10:27:43","slug":"cordons","status":"publish","type":"product","link":"https:\/\/www.adclofent.com\/ca\/product\/complements\/cordons\/","title":{"rendered":"Cordons"},"content":{"rendered":"\n<p><strong>A AdC oferim una varietat de cordons de diferents materials, colors i dissenys <\/strong>per qualsevol classe de producte final. S\u00f3n d&#8217;<strong>alta qualitat i resistents <\/strong>per tal de garantir la seva durabilitat.<\/p>\n\n\n\n<p>El nostre equip us ajudar\u00e0 en tot el que pugui per trobar el cord\u00f3 idoni pels vostres productes, amb el gruix i for\u00e7a que necessiteu tenint en compte els vostres dissenys.<\/p>\n\n\n\n<p>Entre els nostres articles, trobareu <strong>tant cordons el\u00e0stics com r\u00edgids<\/strong>, entre els que buscarem el que m\u00e9s s&#8217;ajusti als vostres requisits.<\/p>\n\n\n\n<p>En cas de tenir qualsevol pregunta, no dubteu a consultar-nos sobre les caracter\u00edstiques i els colors espec\u00edfics que necessiteu, estarem encantats d&#8217;ajudar-vos.<\/p>\n","protected":false},"featured_media":5217,"parent":5822,"menu_order":0,"template":"","meta":{"_kad_blocks_custom_css":"","_kad_blocks_head_custom_js":"","_kad_blocks_body_custom_js":"","_kad_blocks_footer_custom_js":"","_kad_post_transparent":"","_kad_post_title":"","_kad_post_layout":"","_kad_post_sidebar_id":"","_kad_post_content_style":"","_kad_post_vertical_padding":"","_kad_post_feature":"","_kad_post_feature_position":"","_kad_post_header":false,"_kad_post_footer":false,"footnotes":""},"product-type":[47],"class_list":["post-5827","product","type-product","status-publish","has-post-thumbnail","hentry","product-type-complements-ca"],"acf":[],"taxonomy_info":{"product-type":[{"value":47,"label":"Complements"}]},"featured_image_src_large":["https:\/\/www.adclofent.com\/wp-content\/uploads\/2023\/05\/9.1.-CORDONS-768x1024.jpg",768,1024,true],"author_info":[],"comment_info":"","_links":{"self":[{"href":"https:\/\/www.adclofent.com\/ca\/wp-json\/wp\/v2\/product\/5827","targetHints":{"allow":["GET"]}}],"collection":[{"href":"https:\/\/www.adclofent.com\/ca\/wp-json\/wp\/v2\/product"}],"about":[{"href":"https:\/\/www.adclofent.com\/ca\/wp-json\/wp\/v2\/types\/product"}],"version-history":[{"count":1,"href":"https:\/\/www.adclofent.com\/ca\/wp-json\/wp\/v2\/product\/5827\/revisions"}],"predecessor-version":[{"id":5829,"href":"https:\/\/www.adclofent.com\/ca\/wp-json\/wp\/v2\/product\/5827\/revisions\/5829"}],"up":[{"embeddable":true,"href":"https:\/\/www.adclofent.com\/ca\/wp-json\/wp\/v2\/product\/5822"}],"wp:featuredmedia":[{"embeddable":true,"href":"https:\/\/www.adclofent.com\/ca\/wp-json\/wp\/v2\/media\/5217"}],"wp:attachment":[{"href":"https:\/\/www.adclofent.com\/ca\/wp-json\/wp\/v2\/media?parent=5827"}],"wp:term":[{"taxonomy":"product-type","embeddable":true,"href":"https:\/\/www.adclofent.com\/ca\/wp-json\/wp\/v2\/product-type?post=5827"}],"curies":[{"name":"wp","href":"https:\/\/api.w.org\/{rel}","templated":true}]}}