{"id":5822,"date":"2023-06-29T12:34:45","date_gmt":"2023-06-29T10:34:45","guid":{"rendered":"https:\/\/acf.mmkt.dev\/?post_type=product&#038;p=5822"},"modified":"2023-06-29T12:34:46","modified_gmt":"2023-06-29T10:34:46","slug":"complements","status":"publish","type":"product","link":"https:\/\/www.adclofent.com\/ca\/product\/complements\/","title":{"rendered":"Complements"},"content":{"rendered":"\n<p>Si no trobeu a la web alguna de les cintes el\u00e0stiques o r\u00edgides que necessiteu, podeu contactar amb nosaltres i <strong>estudiarem el vostre cas personalment<\/strong>, per tal d&#8217;oferir la soluci\u00f3 que m\u00e9s s&#8217;ajusti a les vostres necessitats de confecci\u00f3.<\/p>\n\n\n\n<p>A AdC comptem amb un <strong>equip d&#8217;enginyers que treballa per cobrir les necessitats actuals del mercat<\/strong>. Un equip que busca i treballa constantment en el <strong>desenvolupament de nous teixits<\/strong> per tal de respondre davant les noves tend\u00e8ncies. Sempre comptant amb la millor qualitat i servei, aix\u00ed com els preus m\u00e9s competitius.<\/p>\n\n\n\n<p>No dubteu a consultar-nos els vostres dubtes. El nostre equip us oferir\u00e0 la millor opci\u00f3 per al seu producte.<\/p>\n","protected":false},"featured_media":5210,"parent":0,"menu_order":0,"template":"","meta":{"_kad_blocks_custom_css":"","_kad_blocks_head_custom_js":"","_kad_blocks_body_custom_js":"","_kad_blocks_footer_custom_js":"","_kad_post_transparent":"","_kad_post_title":"","_kad_post_layout":"","_kad_post_sidebar_id":"","_kad_post_content_style":"","_kad_post_vertical_padding":"","_kad_post_feature":"","_kad_post_feature_position":"","_kad_post_header":false,"_kad_post_footer":false,"footnotes":""},"product-type":[47],"class_list":["post-5822","product","type-product","status-publish","has-post-thumbnail","hentry","product-type-complements-ca"],"acf":[],"taxonomy_info":{"product-type":[{"value":47,"label":"Complements"}]},"featured_image_src_large":["https:\/\/www.adclofent.com\/wp-content\/uploads\/2023\/05\/9.-COMPLEMENTS-768x1024.jpeg",768,1024,true],"author_info":[],"comment_info":"","_links":{"self":[{"href":"https:\/\/www.adclofent.com\/ca\/wp-json\/wp\/v2\/product\/5822","targetHints":{"allow":["GET"]}}],"collection":[{"href":"https:\/\/www.adclofent.com\/ca\/wp-json\/wp\/v2\/product"}],"about":[{"href":"https:\/\/www.adclofent.com\/ca\/wp-json\/wp\/v2\/types\/product"}],"version-history":[{"count":1,"href":"https:\/\/www.adclofent.com\/ca\/wp-json\/wp\/v2\/product\/5822\/revisions"}],"predecessor-version":[{"id":5825,"href":"https:\/\/www.adclofent.com\/ca\/wp-json\/wp\/v2\/product\/5822\/revisions\/5825"}],"wp:featuredmedia":[{"embeddable":true,"href":"https:\/\/www.adclofent.com\/ca\/wp-json\/wp\/v2\/media\/5210"}],"wp:attachment":[{"href":"https:\/\/www.adclofent.com\/ca\/wp-json\/wp\/v2\/media?parent=5822"}],"wp:term":[{"taxonomy":"product-type","embeddable":true,"href":"https:\/\/www.adclofent.com\/ca\/wp-json\/wp\/v2\/product-type?post=5822"}],"curies":[{"name":"wp","href":"https:\/\/api.w.org\/{rel}","templated":true}]}}