{"id":5817,"date":"2023-06-29T12:33:48","date_gmt":"2023-06-29T10:33:48","guid":{"rendered":"https:\/\/acf.mmkt.dev\/?post_type=product&#038;p=5817"},"modified":"2023-06-29T12:33:49","modified_gmt":"2023-06-29T10:33:49","slug":"cotilleria","status":"publish","type":"product","link":"https:\/\/www.adclofent.com\/ca\/product\/intim\/cotilleria\/","title":{"rendered":"Cotilleria"},"content":{"rendered":"\n<p>A AdC treballem i oferim una <strong>gran varietat de cintes el\u00e0stiques pel sector de la cotilleria<\/strong>. Cintes amb delicadesa, comoditat i est\u00e8tica per tal de contribuir en el desenvolupament dels vostres productes de cotilleria.<\/p>\n\n\n\n<p>En funci\u00f3 de la imatge final desitjada del producte podem oferir cintes el\u00e0stiques amb una textura, estructura i composici\u00f3 adequades a les vostres necessitats. Poden presentar <strong>acabats de tipus blonda i setinats<\/strong>.<\/p>\n\n\n\n<p>Oferim <strong>cintes el\u00e0stiques en diferents amplades i colors<\/strong>, adaptant-nos als requisits dels nostres clients.<\/p>\n\n\n\n<p>A m\u00e9s a m\u00e9s, com en tots els nostres teixits, adaptarem la composici\u00f3 per tal de <strong>minimitzar els riscs d&#8217;al\u00b7l\u00e8rgies<\/strong> en tractar-se de cintes que estaran en contacte amb la pell.<\/p>\n","protected":false},"featured_media":5516,"parent":5805,"menu_order":0,"template":"","meta":{"_kad_blocks_custom_css":"","_kad_blocks_head_custom_js":"","_kad_blocks_body_custom_js":"","_kad_blocks_footer_custom_js":"","_kad_post_transparent":"","_kad_post_title":"","_kad_post_layout":"","_kad_post_sidebar_id":"","_kad_post_content_style":"","_kad_post_vertical_padding":"","_kad_post_feature":"","_kad_post_feature_position":"","_kad_post_header":false,"_kad_post_footer":false,"footnotes":""},"product-type":[49],"class_list":["post-5817","product","type-product","status-publish","has-post-thumbnail","hentry","product-type-intim"],"acf":[],"taxonomy_info":{"product-type":[{"value":49,"label":"\u00cdntim"}]},"featured_image_src_large":["https:\/\/www.adclofent.com\/wp-content\/uploads\/2023\/06\/8.3.-COTILLERIA-2-768x1024.jpeg",768,1024,true],"author_info":[],"comment_info":"","_links":{"self":[{"href":"https:\/\/www.adclofent.com\/ca\/wp-json\/wp\/v2\/product\/5817","targetHints":{"allow":["GET"]}}],"collection":[{"href":"https:\/\/www.adclofent.com\/ca\/wp-json\/wp\/v2\/product"}],"about":[{"href":"https:\/\/www.adclofent.com\/ca\/wp-json\/wp\/v2\/types\/product"}],"version-history":[{"count":1,"href":"https:\/\/www.adclofent.com\/ca\/wp-json\/wp\/v2\/product\/5817\/revisions"}],"predecessor-version":[{"id":5820,"href":"https:\/\/www.adclofent.com\/ca\/wp-json\/wp\/v2\/product\/5817\/revisions\/5820"}],"up":[{"embeddable":true,"href":"https:\/\/www.adclofent.com\/ca\/wp-json\/wp\/v2\/product\/5805"}],"wp:featuredmedia":[{"embeddable":true,"href":"https:\/\/www.adclofent.com\/ca\/wp-json\/wp\/v2\/media\/5516"}],"wp:attachment":[{"href":"https:\/\/www.adclofent.com\/ca\/wp-json\/wp\/v2\/media?parent=5817"}],"wp:term":[{"taxonomy":"product-type","embeddable":true,"href":"https:\/\/www.adclofent.com\/ca\/wp-json\/wp\/v2\/product-type?post=5817"}],"curies":[{"name":"wp","href":"https:\/\/api.w.org\/{rel}","templated":true}]}}