{"id":5809,"date":"2023-06-29T12:23:23","date_gmt":"2023-06-29T10:23:23","guid":{"rendered":"https:\/\/acf.mmkt.dev\/?post_type=product&#038;p=5809"},"modified":"2024-05-23T10:55:27","modified_gmt":"2024-05-23T08:55:27","slug":"llenceria","status":"publish","type":"product","link":"https:\/\/www.adclofent.com\/ca\/product\/intim\/llenceria\/","title":{"rendered":"Llenceria"},"content":{"rendered":"\n<p>A AdC treballem i oferim una <strong>gran varietat de cintes el\u00e0stiques per roba interior pel sector de la llenceria<\/strong>.<\/p>\n\n\n\n<p>Oferim <strong>cintes el\u00e0stiques i tirants<\/strong> <strong>en diferents amplades, des dels 5\u202fmm fins als 600\u202fmm<\/strong>. Ens adaptem en tot moment segons les necessitats dels nostres clients, ja que d&#8217;aquesta manera podem treballar amb la cinta que m\u00e9s s&#8217;ajusti al disseny de la pe\u00e7a que es vol confeccionar.<\/p>\n\n\n\n<p>De la mateixa manera, trobarem la cinta que m\u00e9s encaixi amb el vostre projecte pel que fa a colors, composicions, elasticitats,entre altres caracter\u00edstiques t\u00e8cniques.<\/p>\n\n\n\n<p>Si el vostre producte ha d&#8217;anar en contacte directe amb la pell o si t\u00e9 qualsevol altra aplicaci\u00f3 on voleu <strong>evitar qualsevol possible al\u00b7l\u00e8rgia<\/strong> en el moment que la pell entra en contacte amb el teixit, el nostre equip de qualitat ho estudiar\u00e0 per tal de garantir-vos un teixit o cinta on la mat\u00e8ria primera redueixi aquests riscos.<\/p>\n\n\n\n<p>Si voleu m\u00e9s informaci\u00f3, no dubteu a contactar amb nosaltres!<\/p>\n","protected":false},"featured_media":5189,"parent":5805,"menu_order":0,"template":"","meta":{"_kad_blocks_custom_css":"","_kad_blocks_head_custom_js":"","_kad_blocks_body_custom_js":"","_kad_blocks_footer_custom_js":"","_kad_post_transparent":"","_kad_post_title":"","_kad_post_layout":"","_kad_post_sidebar_id":"","_kad_post_content_style":"","_kad_post_vertical_padding":"","_kad_post_feature":"","_kad_post_feature_position":"","_kad_post_header":false,"_kad_post_footer":false,"footnotes":""},"product-type":[49],"class_list":["post-5809","product","type-product","status-publish","has-post-thumbnail","hentry","product-type-intim"],"acf":[],"taxonomy_info":{"product-type":[{"value":49,"label":"\u00cdntim"}]},"featured_image_src_large":["https:\/\/www.adclofent.com\/wp-content\/uploads\/2023\/05\/8.1.-ROBA-INTIMA-LENCERIA-1-768x1024.jpeg",768,1024,true],"author_info":[],"comment_info":"","_links":{"self":[{"href":"https:\/\/www.adclofent.com\/ca\/wp-json\/wp\/v2\/product\/5809","targetHints":{"allow":["GET"]}}],"collection":[{"href":"https:\/\/www.adclofent.com\/ca\/wp-json\/wp\/v2\/product"}],"about":[{"href":"https:\/\/www.adclofent.com\/ca\/wp-json\/wp\/v2\/types\/product"}],"version-history":[{"count":1,"href":"https:\/\/www.adclofent.com\/ca\/wp-json\/wp\/v2\/product\/5809\/revisions"}],"predecessor-version":[{"id":5811,"href":"https:\/\/www.adclofent.com\/ca\/wp-json\/wp\/v2\/product\/5809\/revisions\/5811"}],"up":[{"embeddable":true,"href":"https:\/\/www.adclofent.com\/ca\/wp-json\/wp\/v2\/product\/5805"}],"wp:featuredmedia":[{"embeddable":true,"href":"https:\/\/www.adclofent.com\/ca\/wp-json\/wp\/v2\/media\/5189"}],"wp:attachment":[{"href":"https:\/\/www.adclofent.com\/ca\/wp-json\/wp\/v2\/media?parent=5809"}],"wp:term":[{"taxonomy":"product-type","embeddable":true,"href":"https:\/\/www.adclofent.com\/ca\/wp-json\/wp\/v2\/product-type?post=5809"}],"curies":[{"name":"wp","href":"https:\/\/api.w.org\/{rel}","templated":true}]}}