{"id":5805,"date":"2023-06-29T12:22:04","date_gmt":"2023-06-29T10:22:04","guid":{"rendered":"https:\/\/acf.mmkt.dev\/?post_type=product&#038;p=5805"},"modified":"2023-06-29T12:22:05","modified_gmt":"2023-06-29T10:22:05","slug":"intim","status":"publish","type":"product","link":"https:\/\/www.adclofent.com\/ca\/product\/intim\/","title":{"rendered":"\u00cdntim"},"content":{"rendered":"\n<p>Si el que busqueu s\u00f3n <strong>teixits, cintes el\u00e0stiques per llenceria o tirants per<\/strong> <strong>incorporar en els vostres productes de moda \u00edntima<\/strong>, a Artesana de Clofent trobareu el que busqueu.<\/p>\n\n\n\n<p><strong>Comptem amb m\u00e9s de 3.000 articles<\/strong> de diferents tipus, composicions, elasticitats, mides, colors i caracter\u00edstiques. A m\u00e9s a m\u00e9s de tenir un departament d&#8217;R+D especialitzat a trobar el que m\u00e9s s&#8217;adapti a les vostres necessitats.<\/p>\n\n\n\n<p>Per a qualsevol producte de roba interior, roba de bany, cotilleria, trobarem els complements que m\u00e9s s&#8217;ajustin al vostre disseny.<\/p>\n\n\n\n<p>Les <strong>composicions i mat\u00e8ries primeres utilitzades<\/strong> en els productes d&#8217;AdC <strong>minimitzen el risc d&#8217;al\u00b7l\u00e8rgia<\/strong> en contacte amb la pell.<\/p>\n\n\n\n<p>No dubteu a consultar-nos qualsevol dubte, el nostre equip d&#8217;enginyers us oferir\u00e0 la millor opci\u00f3 pels vostres productes.<\/p>\n","protected":false},"featured_media":5182,"parent":0,"menu_order":0,"template":"","meta":{"_kad_blocks_custom_css":"","_kad_blocks_head_custom_js":"","_kad_blocks_body_custom_js":"","_kad_blocks_footer_custom_js":"","_kad_post_transparent":"","_kad_post_title":"","_kad_post_layout":"","_kad_post_sidebar_id":"","_kad_post_content_style":"","_kad_post_vertical_padding":"","_kad_post_feature":"","_kad_post_feature_position":"","_kad_post_header":false,"_kad_post_footer":false,"footnotes":""},"product-type":[49],"class_list":["post-5805","product","type-product","status-publish","has-post-thumbnail","hentry","product-type-intim"],"acf":[],"taxonomy_info":{"product-type":[{"value":49,"label":"\u00cdntim"}]},"featured_image_src_large":["https:\/\/www.adclofent.com\/wp-content\/uploads\/2023\/05\/8.-INTIM-768x1024.jpeg",768,1024,true],"author_info":[],"comment_info":"","_links":{"self":[{"href":"https:\/\/www.adclofent.com\/ca\/wp-json\/wp\/v2\/product\/5805","targetHints":{"allow":["GET"]}}],"collection":[{"href":"https:\/\/www.adclofent.com\/ca\/wp-json\/wp\/v2\/product"}],"about":[{"href":"https:\/\/www.adclofent.com\/ca\/wp-json\/wp\/v2\/types\/product"}],"version-history":[{"count":1,"href":"https:\/\/www.adclofent.com\/ca\/wp-json\/wp\/v2\/product\/5805\/revisions"}],"predecessor-version":[{"id":5808,"href":"https:\/\/www.adclofent.com\/ca\/wp-json\/wp\/v2\/product\/5805\/revisions\/5808"}],"wp:featuredmedia":[{"embeddable":true,"href":"https:\/\/www.adclofent.com\/ca\/wp-json\/wp\/v2\/media\/5182"}],"wp:attachment":[{"href":"https:\/\/www.adclofent.com\/ca\/wp-json\/wp\/v2\/media?parent=5805"}],"wp:term":[{"taxonomy":"product-type","embeddable":true,"href":"https:\/\/www.adclofent.com\/ca\/wp-json\/wp\/v2\/product-type?post=5805"}],"curies":[{"name":"wp","href":"https:\/\/api.w.org\/{rel}","templated":true}]}}