{"id":5800,"date":"2023-06-29T12:20:31","date_gmt":"2023-06-29T10:20:31","guid":{"rendered":"https:\/\/acf.mmkt.dev\/?post_type=product&#038;p=5800"},"modified":"2023-06-29T12:20:32","modified_gmt":"2023-06-29T10:20:32","slug":"cascs","status":"publish","type":"product","link":"https:\/\/www.adclofent.com\/ca\/product\/militar\/cascs\/","title":{"rendered":"Cascs"},"content":{"rendered":"\n<p>Entre els nostres articles tamb\u00e9 podreu trobar <strong>cintes r\u00edgides per a cascs<\/strong>. Aquestes cintes es caracteritzen per la seva <strong>resist\u00e8ncia i durabilitat<\/strong>, el qual proporciona un extra a la qualitat del producte final.<\/p>\n\n\n\n<p>Des d&#8217;Artesana de Clofent us ajudarem a trobar la cinta que m\u00e9s encaixi amb la necessitat que s&#8217;est\u00e0 buscant, ajustant-nos sempre als desitjos del client pel que fa a textura, color, amplada i estructura. A m\u00e9s a m\u00e9s, aquestes cintes <strong>es poden personalitzar amb propietats funcionals <\/strong>com ara: ign\u00edfug, antibacteri\u00e0, a\u00efllant t\u00e8rmic, conductivitat, etc.<\/p>\n","protected":false},"featured_media":5171,"parent":5780,"menu_order":0,"template":"","meta":{"_kad_blocks_custom_css":"","_kad_blocks_head_custom_js":"","_kad_blocks_body_custom_js":"","_kad_blocks_footer_custom_js":"","_kad_post_transparent":"","_kad_post_title":"","_kad_post_layout":"","_kad_post_sidebar_id":"","_kad_post_content_style":"","_kad_post_vertical_padding":"","_kad_post_feature":"","_kad_post_feature_position":"","_kad_post_header":false,"_kad_post_footer":false,"footnotes":""},"product-type":[53],"class_list":["post-5800","product","type-product","status-publish","has-post-thumbnail","hentry","product-type-sector-militar"],"acf":[],"taxonomy_info":{"product-type":[{"value":53,"label":"Sector militar"}]},"featured_image_src_large":["https:\/\/www.adclofent.com\/wp-content\/uploads\/2023\/05\/7.4.-CASCS-768x1024.jpeg",768,1024,true],"author_info":[],"comment_info":"","_links":{"self":[{"href":"https:\/\/www.adclofent.com\/ca\/wp-json\/wp\/v2\/product\/5800","targetHints":{"allow":["GET"]}}],"collection":[{"href":"https:\/\/www.adclofent.com\/ca\/wp-json\/wp\/v2\/product"}],"about":[{"href":"https:\/\/www.adclofent.com\/ca\/wp-json\/wp\/v2\/types\/product"}],"version-history":[{"count":1,"href":"https:\/\/www.adclofent.com\/ca\/wp-json\/wp\/v2\/product\/5800\/revisions"}],"predecessor-version":[{"id":5803,"href":"https:\/\/www.adclofent.com\/ca\/wp-json\/wp\/v2\/product\/5800\/revisions\/5803"}],"up":[{"embeddable":true,"href":"https:\/\/www.adclofent.com\/ca\/wp-json\/wp\/v2\/product\/5780"}],"wp:featuredmedia":[{"embeddable":true,"href":"https:\/\/www.adclofent.com\/ca\/wp-json\/wp\/v2\/media\/5171"}],"wp:attachment":[{"href":"https:\/\/www.adclofent.com\/ca\/wp-json\/wp\/v2\/media?parent=5800"}],"wp:term":[{"taxonomy":"product-type","embeddable":true,"href":"https:\/\/www.adclofent.com\/ca\/wp-json\/wp\/v2\/product-type?post=5800"}],"curies":[{"name":"wp","href":"https:\/\/api.w.org\/{rel}","templated":true}]}}