{"id":5795,"date":"2023-06-29T12:19:33","date_gmt":"2023-06-29T10:19:33","guid":{"rendered":"https:\/\/acf.mmkt.dev\/?post_type=product&#038;p=5795"},"modified":"2024-04-23T15:28:01","modified_gmt":"2024-04-23T13:28:01","slug":"calcat-2","status":"publish","type":"product","link":"https:\/\/www.adclofent.com\/ca\/product\/militar\/calcat-2\/","title":{"rendered":"Cal\u00e7at"},"content":{"rendered":"\n<p>Artesana de Clofent tamb\u00e9 ofereix una <strong>gran varietat de cintes <\/strong>el\u00e0stiques t\u00e8cniques<strong> \u00f2ptimes pel sector del cal\u00e7at<\/strong>. Les cintes compactes serien una de les opcions ideals per a peces de cal\u00e7at, <strong>s\u00f3n el\u00e0stiques, compressives, i amb una alta resist\u00e8ncia<\/strong>.<\/p>\n\n\n\n<p>La compressi\u00f3 d&#8217;aquestes cintes ajuda al fet que el peu quedi subjectat i a evitar possibles mal gestos o lesions. A m\u00e9s a m\u00e9s, aquests teixits<strong> poden presentar propietats funcionals i tecnol\u00f2giques<\/strong> com per exemple: conductivitat, a\u00efllant t\u00e8rmic, transpirable, antibacteri\u00e0, etc.<\/p>\n","protected":false},"featured_media":5165,"parent":5780,"menu_order":0,"template":"","meta":{"_kad_blocks_custom_css":"","_kad_blocks_head_custom_js":"","_kad_blocks_body_custom_js":"","_kad_blocks_footer_custom_js":"","_kad_post_transparent":"","_kad_post_title":"","_kad_post_layout":"","_kad_post_sidebar_id":"","_kad_post_content_style":"","_kad_post_vertical_padding":"","_kad_post_feature":"","_kad_post_feature_position":"","_kad_post_header":false,"_kad_post_footer":false,"footnotes":""},"product-type":[53],"class_list":["post-5795","product","type-product","status-publish","has-post-thumbnail","hentry","product-type-sector-militar"],"acf":[],"taxonomy_info":{"product-type":[{"value":53,"label":"Sector militar"}]},"featured_image_src_large":["https:\/\/www.adclofent.com\/wp-content\/uploads\/2023\/05\/7.3.-CALCAT-1024x702.jpg",1024,702,true],"author_info":[],"comment_info":"","_links":{"self":[{"href":"https:\/\/www.adclofent.com\/ca\/wp-json\/wp\/v2\/product\/5795","targetHints":{"allow":["GET"]}}],"collection":[{"href":"https:\/\/www.adclofent.com\/ca\/wp-json\/wp\/v2\/product"}],"about":[{"href":"https:\/\/www.adclofent.com\/ca\/wp-json\/wp\/v2\/types\/product"}],"version-history":[{"count":1,"href":"https:\/\/www.adclofent.com\/ca\/wp-json\/wp\/v2\/product\/5795\/revisions"}],"predecessor-version":[{"id":5798,"href":"https:\/\/www.adclofent.com\/ca\/wp-json\/wp\/v2\/product\/5795\/revisions\/5798"}],"up":[{"embeddable":true,"href":"https:\/\/www.adclofent.com\/ca\/wp-json\/wp\/v2\/product\/5780"}],"wp:featuredmedia":[{"embeddable":true,"href":"https:\/\/www.adclofent.com\/ca\/wp-json\/wp\/v2\/media\/5165"}],"wp:attachment":[{"href":"https:\/\/www.adclofent.com\/ca\/wp-json\/wp\/v2\/media?parent=5795"}],"wp:term":[{"taxonomy":"product-type","embeddable":true,"href":"https:\/\/www.adclofent.com\/ca\/wp-json\/wp\/v2\/product-type?post=5795"}],"curies":[{"name":"wp","href":"https:\/\/api.w.org\/{rel}","templated":true}]}}