{"id":5791,"date":"2023-06-29T12:17:51","date_gmt":"2023-06-29T10:17:51","guid":{"rendered":"https:\/\/acf.mmkt.dev\/?post_type=product&#038;p=5791"},"modified":"2023-06-29T12:17:52","modified_gmt":"2023-06-29T10:17:52","slug":"cinturons","status":"publish","type":"product","link":"https:\/\/www.adclofent.com\/ca\/product\/militar\/cinturons\/","title":{"rendered":"Cinturons"},"content":{"rendered":"\n<p>Dins de les diferents categories d&#8217;articles que produeix AdC podem trobar <strong>cintes el\u00e0stiques per cinturons r\u00edgides, fortament resistents i duradores<\/strong> per elaborar cinturons. Han estat dissenyades per suportar pesos i forces, cosa que garanteix la resist\u00e8ncia dels productes finals.<\/p>\n\n\n\n<p>Aquestes cintes r\u00edgides <strong>se&#8217;ls hi poden aplicar acabats t\u00e8cnics<\/strong> com per exemple: conductors, ign\u00edfugs, antibacterians, a\u00efllants t\u00e8rmics, entre d&#8217;altres. A m\u00e9s a m\u00e9s, AdC, comptem amb una <strong>\u00e0mplia varietat de colors i dissenys<\/strong> per satisfer les necessitats i prefer\u00e8ncies dels nostres clients.<\/p>\n","protected":false},"featured_media":5159,"parent":5780,"menu_order":0,"template":"","meta":{"_kad_blocks_custom_css":"","_kad_blocks_head_custom_js":"","_kad_blocks_body_custom_js":"","_kad_blocks_footer_custom_js":"","_kad_post_transparent":"","_kad_post_title":"","_kad_post_layout":"","_kad_post_sidebar_id":"","_kad_post_content_style":"","_kad_post_vertical_padding":"","_kad_post_feature":"","_kad_post_feature_position":"","_kad_post_header":false,"_kad_post_footer":false,"footnotes":""},"product-type":[53],"class_list":["post-5791","product","type-product","status-publish","has-post-thumbnail","hentry","product-type-sector-militar"],"acf":[],"taxonomy_info":{"product-type":[{"value":53,"label":"Sector militar"}]},"featured_image_src_large":["https:\/\/www.adclofent.com\/wp-content\/uploads\/2023\/05\/7.2.-CINTURONS-768x1024.jpeg",768,1024,true],"author_info":[],"comment_info":"","_links":{"self":[{"href":"https:\/\/www.adclofent.com\/ca\/wp-json\/wp\/v2\/product\/5791","targetHints":{"allow":["GET"]}}],"collection":[{"href":"https:\/\/www.adclofent.com\/ca\/wp-json\/wp\/v2\/product"}],"about":[{"href":"https:\/\/www.adclofent.com\/ca\/wp-json\/wp\/v2\/types\/product"}],"version-history":[{"count":1,"href":"https:\/\/www.adclofent.com\/ca\/wp-json\/wp\/v2\/product\/5791\/revisions"}],"predecessor-version":[{"id":5793,"href":"https:\/\/www.adclofent.com\/ca\/wp-json\/wp\/v2\/product\/5791\/revisions\/5793"}],"up":[{"embeddable":true,"href":"https:\/\/www.adclofent.com\/ca\/wp-json\/wp\/v2\/product\/5780"}],"wp:featuredmedia":[{"embeddable":true,"href":"https:\/\/www.adclofent.com\/ca\/wp-json\/wp\/v2\/media\/5159"}],"wp:attachment":[{"href":"https:\/\/www.adclofent.com\/ca\/wp-json\/wp\/v2\/media?parent=5791"}],"wp:term":[{"taxonomy":"product-type","embeddable":true,"href":"https:\/\/www.adclofent.com\/ca\/wp-json\/wp\/v2\/product-type?post=5791"}],"curies":[{"name":"wp","href":"https:\/\/api.w.org\/{rel}","templated":true}]}}