{"id":5770,"date":"2023-06-29T12:12:04","date_gmt":"2023-06-29T10:12:04","guid":{"rendered":"https:\/\/acf.mmkt.dev\/?post_type=product&#038;p=5770"},"modified":"2023-06-29T12:12:06","modified_gmt":"2023-06-29T10:12:06","slug":"cintes-decoratives","status":"publish","type":"product","link":"https:\/\/www.adclofent.com\/ca\/product\/calcat\/cintes-decoratives\/","title":{"rendered":"Cintes decoratives"},"content":{"rendered":"\n<p>AdC ofereix <strong>cintes aptes per estampaci\u00f3<\/strong> utilitzant l&#8217;\u00faltima tecnologia i innovaci\u00f3. Oferim <strong>dissenys exclusius en teixit tant el\u00e0stic com r\u00edgid<\/strong>, donant valor afegit als vostres productes.<\/p>\n\n\n\n<p>Les cintes el\u00e0stiques personalitzades per a sabates milloren el disseny de les sabates, creant un <strong>disseny atractiu, personalitzat i \u00fanic<\/strong>.<\/p>\n\n\n\n<p>Personalitzem les cintes amb els vostres logos o dissenys desitjats, assegurant una oferta adaptada a les necessitats de cada client. A m\u00e9s, les cintes el\u00e0stiques per a sabates es poden fer servir en diversos dissenys, la qual cosa les fa ideals per a qualsevol estil o ocasi\u00f3.<\/p>\n","protected":false},"featured_media":5134,"parent":5756,"menu_order":0,"template":"","meta":{"_kad_blocks_custom_css":"","_kad_blocks_head_custom_js":"","_kad_blocks_body_custom_js":"","_kad_blocks_footer_custom_js":"","_kad_post_transparent":"","_kad_post_title":"","_kad_post_layout":"","_kad_post_sidebar_id":"","_kad_post_content_style":"","_kad_post_vertical_padding":"","_kad_post_feature":"","_kad_post_feature_position":"","_kad_post_header":false,"_kad_post_footer":false,"footnotes":""},"product-type":[57],"class_list":["post-5770","product","type-product","status-publish","has-post-thumbnail","hentry","product-type-calcat"],"acf":[],"taxonomy_info":{"product-type":[{"value":57,"label":"Cal\u00e7at"}]},"featured_image_src_large":["https:\/\/www.adclofent.com\/wp-content\/uploads\/2023\/05\/6.2.CINTA-DECORATIVA-768x1024.jpeg",768,1024,true],"author_info":[],"comment_info":"","_links":{"self":[{"href":"https:\/\/www.adclofent.com\/ca\/wp-json\/wp\/v2\/product\/5770","targetHints":{"allow":["GET"]}}],"collection":[{"href":"https:\/\/www.adclofent.com\/ca\/wp-json\/wp\/v2\/product"}],"about":[{"href":"https:\/\/www.adclofent.com\/ca\/wp-json\/wp\/v2\/types\/product"}],"version-history":[{"count":1,"href":"https:\/\/www.adclofent.com\/ca\/wp-json\/wp\/v2\/product\/5770\/revisions"}],"predecessor-version":[{"id":5772,"href":"https:\/\/www.adclofent.com\/ca\/wp-json\/wp\/v2\/product\/5770\/revisions\/5772"}],"up":[{"embeddable":true,"href":"https:\/\/www.adclofent.com\/ca\/wp-json\/wp\/v2\/product\/5756"}],"wp:featuredmedia":[{"embeddable":true,"href":"https:\/\/www.adclofent.com\/ca\/wp-json\/wp\/v2\/media\/5134"}],"wp:attachment":[{"href":"https:\/\/www.adclofent.com\/ca\/wp-json\/wp\/v2\/media?parent=5770"}],"wp:term":[{"taxonomy":"product-type","embeddable":true,"href":"https:\/\/www.adclofent.com\/ca\/wp-json\/wp\/v2\/product-type?post=5770"}],"curies":[{"name":"wp","href":"https:\/\/api.w.org\/{rel}","templated":true}]}}