{"id":5761,"date":"2023-06-29T12:10:20","date_gmt":"2023-06-29T10:10:20","guid":{"rendered":"https:\/\/acf.mmkt.dev\/?post_type=product&#038;p=5761"},"modified":"2023-06-29T12:10:22","modified_gmt":"2023-06-29T10:10:22","slug":"cinta-elastica","status":"publish","type":"product","link":"https:\/\/www.adclofent.com\/ca\/product\/calcat\/cinta-elastica\/","title":{"rendered":"Cinta el\u00e0stica"},"content":{"rendered":"\n<p>Artesana de Clofent ofereix una gran varietat de cintes el\u00e0stiques per al sector del cal\u00e7at. Oferim als nostres clients <strong>cintes el\u00e0stiques de diferents amplades i diferents caracter\u00edstiques en funci\u00f3 de les seves necessitats<\/strong>. Els nostres articles poden fer des dels 5\u202fmm fins als 600\u202fmm depenent de l&#8217;\u00fas final.<\/p>\n\n\n\n<p>Ens adaptem sempre a les necessitats dels nostres clients, ja que d&#8217;aquesta manera podrem respondre i donar la millor soluci\u00f3 per a la pe\u00e7a que volen confeccionar. AdC trobareu la cinta que m\u00e9s encaixi en el vostre projecte, pel que fa a composicions, colors, elasticitats, entre altres propietats.<\/p>\n\n\n\n<p>Les cintes el\u00e0stiques per a sabates <strong>es poden combinar amb altres materials com cuir, tela o malla<\/strong> per crear un disseny m\u00e9s complex i elegant de les vostres sabates.<\/p>\n\n\n\n<p>Si encara no heu experimentat amb les cintes el\u00e0stiques per a sabates, no dubteu a fer-ho i descobriu tots els avantatges!<\/p>\n","protected":false},"featured_media":5126,"parent":5756,"menu_order":0,"template":"","meta":{"_kad_blocks_custom_css":"","_kad_blocks_head_custom_js":"","_kad_blocks_body_custom_js":"","_kad_blocks_footer_custom_js":"","_kad_post_transparent":"","_kad_post_title":"","_kad_post_layout":"","_kad_post_sidebar_id":"","_kad_post_content_style":"","_kad_post_vertical_padding":"","_kad_post_feature":"","_kad_post_feature_position":"","_kad_post_header":false,"_kad_post_footer":false,"footnotes":""},"product-type":[57],"class_list":["post-5761","product","type-product","status-publish","has-post-thumbnail","hentry","product-type-calcat"],"acf":[],"taxonomy_info":{"product-type":[{"value":57,"label":"Cal\u00e7at"}]},"featured_image_src_large":["https:\/\/www.adclofent.com\/wp-content\/uploads\/2023\/05\/6.3.-CINTA-ELASTICA-700x1024.jpg",700,1024,true],"author_info":[],"comment_info":"","_links":{"self":[{"href":"https:\/\/www.adclofent.com\/ca\/wp-json\/wp\/v2\/product\/5761","targetHints":{"allow":["GET"]}}],"collection":[{"href":"https:\/\/www.adclofent.com\/ca\/wp-json\/wp\/v2\/product"}],"about":[{"href":"https:\/\/www.adclofent.com\/ca\/wp-json\/wp\/v2\/types\/product"}],"version-history":[{"count":1,"href":"https:\/\/www.adclofent.com\/ca\/wp-json\/wp\/v2\/product\/5761\/revisions"}],"predecessor-version":[{"id":5764,"href":"https:\/\/www.adclofent.com\/ca\/wp-json\/wp\/v2\/product\/5761\/revisions\/5764"}],"up":[{"embeddable":true,"href":"https:\/\/www.adclofent.com\/ca\/wp-json\/wp\/v2\/product\/5756"}],"wp:featuredmedia":[{"embeddable":true,"href":"https:\/\/www.adclofent.com\/ca\/wp-json\/wp\/v2\/media\/5126"}],"wp:attachment":[{"href":"https:\/\/www.adclofent.com\/ca\/wp-json\/wp\/v2\/media?parent=5761"}],"wp:term":[{"taxonomy":"product-type","embeddable":true,"href":"https:\/\/www.adclofent.com\/ca\/wp-json\/wp\/v2\/product-type?post=5761"}],"curies":[{"name":"wp","href":"https:\/\/api.w.org\/{rel}","templated":true}]}}